{"id":1226,"date":"2021-07-25T10:15:15","date_gmt":"2021-07-25T10:15:15","guid":{"rendered":"https:\/\/midlis.ee\/?page_id=1226"},"modified":"2021-11-05T08:51:19","modified_gmt":"2021-11-05T08:51:19","slug":"eramute-korterite-koristus","status":"publish","type":"page","link":"https:\/\/midlis.ee\/en\/teenused-ja-hinnad\/eramute-korterite-koristus\/","title":{"rendered":"Apartments and houses regular cleaning"},"content":{"rendered":"<section class=\"wpb_row vc_row-fluid\"><div class=\"container\"><div class=\"row\"><div class=\"wpb_column vc_column_container vc_col-sm-12\"><div class=\"vc_column-inner\"><div class=\"wpb_wrapper\"  >\n\t<div class=\"wpb_text_column wpb_content_element\" >\n\t\t<div class=\"wpb_wrapper\">\n\t\t\t<h4><span style=\"font-weight: 400;\">Our \u201cregular cleaning\u201d package is a relatively quick recurring service designed to keep your rooms clean and tidy on a regular basis. You can book this service daily, weekly, monthly or propose your own schedule based on your personal needs and availability. We will use dry and wet cleaning methods to wash all external surfaces and remove all visible dust and stains. We will generally tidy up your rooms and will re-organize items that may be out of place, floors will be washed and vacuumed. Kitchens, bathrooms and showers will be cleaned and disinfected.<\/span><\/h4>\n<p>&nbsp;<\/p>\n<p><span style=\"font-weight: 400;\">Our \u201cregular cleaning\u201d service includes:<\/span><\/p>\n<ul>\n<li><span style=\"font-weight: 400;\">Dust removal from all reachable surfaces. We will start off with removing visible dust using dry cloths and will then move on to using wet cloths if needed. Depending on the type of surface and its state, we will also use cleaning and disinfection products when needed. The cleaning method and the products we use will be chosen individually for each surface.<\/span><\/li>\n<li><span style=\"font-weight: 400;\">We will remove visible dust and stains from floor skirtings and door frames. Door frames and floor skirtings are usually cleaned once per month, however upon your request this can be done more frequently.<\/span><\/li>\n<li><span style=\"font-weight: 400;\">Vannitoas ja WCs puhastatakse niiske lapiga ja desinfitseerimisvahendiga kogu santehnika, peegelpinnad, WC pott, vann nii seest kui v\u00e4ljastpoolt, valamud ja kanalisatsioonitoru. Samuti p\u00fchitakse kergelt niiske lapiga vannitoa seinad (k\u00e4eulatuses) , p\u00f5rand pestakse mopiga. Samuti p\u00fchitakse mustus sellistelt pisiasjadelt nagu n\u00e4iteks kaal, pesukorv.<\/span><\/li>\n<li><span style=\"font-weight: 400;\">We will wash all external surfaces in the kitchen using disinfecting cleaning products, when necessary. If it is required and there is a possibility to do so \u2013 we will also take out and empty your waste bins. Wet and dry cleaning will be used on your kitchen cupboards to remove dust, grease and any other visible substances or stains that there might be. The kitchen sink and the drainage pipe will also be washed and disinfected. Using eco-friendly products is also an option.\u00a0<\/span><\/li>\n<li><span style=\"font-weight: 400;\">Upon your request we can make the bed and tidy up your rooms in general \u2013 we will pick up and re-organize things that may be laying around and out of order.<\/span><\/li>\n<li><span style=\"font-weight: 400;\">We will wash and vacuum floors in all rooms. Floors are usually washed using water without any cleaning products, however that can be changed upon your request. We will vacuum small (up to 1,5m x 1,5m) carpets, lift them up and will wash floors under them \u2013 placing them back afterwards. Moving larger carpets is not included in \u201cregular cleaning\u201d.\u00a0<\/span><\/li>\n<li><span style=\"font-weight: 400;\">Lamps, lampshades, floor lamps and other lighting equipment tends to collect a lot of dust over time, which is also quite easy to spot. We will normally clean dust off all lighting equipment once every two months. Of course, upon your request this can be done more frequently.<\/span><\/li>\n<li><span style=\"font-weight: 400;\">Regulaarne koristusteenus h\u00f5lmab ka klaas-, l\u00e4ikivate- ja peegelpindade, akende puhastust .<\/span><\/li>\n<li><span style=\"font-weight: 400;\">We will vacuum your couches, couch pillows and bed headboard using a specialized vacuuming nozzle. We will also wash and vacuum floors around and under your furniture. The furniture itself will not be moved.<\/span><\/li>\n<li><span style=\"font-weight: 400;\">Balconies, terraces and other similar spaces are not included.\u00a0<\/span><\/li>\n<li><span style=\"font-weight: 400;\">Upon your request we can also keep windows open to let in some fresh air while we work.<\/span><\/li>\n<li><span style=\"font-weight: 400;\">Once our work is completed there is an option to apply air freshener in your rooms, this will be done upon your request.<\/span><\/li>\n<li><span style=\"font-weight: 400;\">We will use only our own professional cleaning products, all cleaning products are chosen based on the required work. You have an option of choosing eco-friendly products.<\/span><\/li>\n<li><span style=\"font-weight: 400;\">It would be beneficial if you would have your own vacuum cleaner and floor mop, which we could use. Alternatively, we can bring our own ones as well.<\/span><\/li>\n<li><span style=\"font-weight: 400;\">You can be at home while we work, we will make sure that it is not going to be an issue neither for you nor for us.<\/span><\/li>\n<\/ul>\n\n\t\t<\/div>\n\t<\/div>\n<\/div><\/div><\/div><\/div><\/div><\/section><section class=\"wpb_row vc_row-fluid call-to-action bg-color text-center vc_custom_1627899175684 no-padding\"><div class=\"row\"><div class=\"wpb_column vc_column_container vc_col-sm-12\"><div class=\"vc_column-inner\"><div class=\"wpb_wrapper\"  >\t\t\t\n\t<!-- Element: OT Button --> \n\t\t\t<a href=\"https:\/\/midlis.ee\/en\/saada-paring\/\" target=\"_self\" class=\"btn btn-line-black btn-big\">request price offer<\/a>\n\t    \n<\/div><\/div><\/div><\/div><\/section>","protected":false},"excerpt":{"rendered":"Regulaarne koristus - see on l\u00fchiajaline, sageli korduv koristusteenus, t\u00e4nu millele hoitakse ruumides soovitud puhtuse taset. Regulaarset koristust korratakse \u00fcle p\u00e4eva, korra n\u00e4dalas, kuus v\u00f5i vastavalt kokkuleppele kliendiga. Koristuse k\u00e4igus p\u00fchitakse pindadelt tolmu ja toimub pindade m\u00e4rja lapiga pesu. Tolmu eemaldamine toimub kergesti ligip\u00e4\u00e4setavatelt pindadelt ja v\u00e4lise mustuse pesu. Asjad volditakse kokku. P\u00f5randaid pestakse ja [...]","protected":false},"author":1,"featured_media":0,"parent":1459,"menu_order":0,"comment_status":"open","ping_status":"open","template":"page-templates\/template-fullwidth.php","meta":{"footnotes":""},"class_list":["post-1226","page","type-page","status-publish","hentry"],"_links":{"self":[{"href":"https:\/\/midlis.ee\/en\/wp-json\/wp\/v2\/pages\/1226","targetHints":{"allow":["GET"]}}],"collection":[{"href":"https:\/\/midlis.ee\/en\/wp-json\/wp\/v2\/pages"}],"about":[{"href":"https:\/\/midlis.ee\/en\/wp-json\/wp\/v2\/types\/page"}],"author":[{"embeddable":true,"href":"https:\/\/midlis.ee\/en\/wp-json\/wp\/v2\/users\/1"}],"replies":[{"embeddable":true,"href":"https:\/\/midlis.ee\/en\/wp-json\/wp\/v2\/comments?post=1226"}],"version-history":[{"count":4,"href":"https:\/\/midlis.ee\/en\/wp-json\/wp\/v2\/pages\/1226\/revisions"}],"predecessor-version":[{"id":2022,"href":"https:\/\/midlis.ee\/en\/wp-json\/wp\/v2\/pages\/1226\/revisions\/2022"}],"up":[{"embeddable":true,"href":"https:\/\/midlis.ee\/en\/wp-json\/wp\/v2\/pages\/1459"}],"wp:attachment":[{"href":"https:\/\/midlis.ee\/en\/wp-json\/wp\/v2\/media?parent=1226"}],"curies":[{"name":"wp","href":"https:\/\/api.w.org\/{rel}","templated":true}]}}