{"id":1251,"date":"2021-07-29T08:37:48","date_gmt":"2021-07-29T08:37:48","guid":{"rendered":"https:\/\/midlis.ee\/?page_id=1251"},"modified":"2021-08-04T15:17:20","modified_gmt":"2021-08-04T15:17:20","slug":"akende-vitriinide-peeglite-pesu","status":"publish","type":"page","link":"https:\/\/midlis.ee\/en\/teenused-ja-hinnad\/akende-vitriinide-peeglite-pesu\/","title":{"rendered":"Windows, shop windows and mirrors washing"},"content":{"rendered":"<section class=\"wpb_row vc_row-fluid\"><div class=\"container\"><div class=\"row\"><div class=\"wpb_column vc_column_container vc_col-sm-12\"><div class=\"vc_column-inner\"><div class=\"wpb_wrapper\"  >\n\t<div class=\"wpb_text_column wpb_content_element\" >\n\t\t<div class=\"wpb_wrapper\">\n\t\t\t<h4><span style=\"font-weight: 400;\">Window washing can be offered as a stand-alone service as well as a part of larger \u201cgeneral\u201d and \u201cregular\u201d cleaning packages. Our team will help you pick the right type of service best suited for you personally.<\/span><\/h4>\n<p>&nbsp;<\/p>\n<ul>\n<li style=\"font-weight: 400;\" aria-level=\"1\" aria-checked=\"false\"><span style=\"font-weight: 400;\">We will wash the inner side and the outer side of your windows, if it is required and it is possible to access it.<\/span><\/li>\n<li style=\"font-weight: 400;\" aria-level=\"1\" aria-checked=\"false\"><span style=\"font-weight: 400;\">Windows are washed together with the frame, sills, slopes and all other elements that might need attention.<\/span><\/li>\n<li style=\"font-weight: 400;\" aria-level=\"1\" aria-checked=\"false\"><span style=\"font-weight: 400;\">When cleaning the outer side of your windows, it is possible to use a lifer. We will carefully choose the right lifting equipment based on the circumstances, the difficulty and location.<\/span><\/li>\n<li style=\"font-weight: 400;\" aria-level=\"1\" aria-checked=\"false\"><span style=\"font-weight: 400;\">There is also a possibility to hire a professional with climbing equipment to clean the roof and outer parts of your windows which are difficult to reach otherwise.<\/span><\/li>\n<li style=\"font-weight: 400;\" aria-level=\"1\" aria-checked=\"false\"><span style=\"font-weight: 400;\">High windows are washed using a telescopic mop or a ladder.<\/span><\/li>\n<li style=\"font-weight: 400;\" aria-level=\"1\" aria-checked=\"false\"><span style=\"font-weight: 400;\">We wash windows using professional cleaning products supplied by Cordenline O\u00fc. After applying all required cleaning products and making sure your windows are clean \u2013 we will use a \u201cTop Screen\u201d window cloth to wipe them and make them shine as if they are brand new.<\/span><\/li>\n<li style=\"font-weight: 400;\" aria-level=\"1\" aria-checked=\"false\"><span style=\"font-weight: 400;\">In case of stains that are difficult to remove (post-construction, after installing new windows, glue stains and other similar substances) \u2013 the overall price will be discussed in advance. We will use specialized cleaning products and equipment to deal with such stains.<\/span><\/li>\n<li style=\"font-weight: 400;\" aria-level=\"1\" aria-checked=\"false\"><span style=\"font-weight: 400;\">We can also clean any other similar glass surfaces like glass doors, shop windows, glass walls, etc.\u00a0<\/span><\/li>\n<\/ul>\n\n\t\t<\/div>\n\t<\/div>\n<\/div><\/div><\/div><\/div><\/div><\/section><section class=\"wpb_row vc_row-fluid call-to-action bg-color text-center vc_custom_1627899175684 no-padding\"><div class=\"row\"><div class=\"wpb_column vc_column_container vc_col-sm-12\"><div class=\"vc_column-inner\"><div class=\"wpb_wrapper\"  >\t\t\t\n\t<!-- Element: OT Button --> \n\t\t\t<a href=\"https:\/\/midlis.ee\/en\/saada-paring\/\" target=\"_self\" class=\"btn btn-line-black btn-big\">request price offer<\/a>\n\t    \n<\/div><\/div><\/div><\/div><\/section>","protected":false},"excerpt":{"rendered":"Akende pesu saab teostada kas eraldi teenusena v\u00f5i koos kodu suurpuhastuse v\u00f5i regulaarse koristuse teenusega. Meie spetsialistid aitavad teil valida teile sobiva aknapesu lahenduse. &nbsp; Akende pesu toimub kas ainult seestpoolt, ainult v\u00e4ljastpoolt v\u00f5i m\u00f5lemalt poolt, kui on juurdep\u00e4\u00e4s akna v\u00e4lisk\u00fcljele. Aknaid peseme kindlasti koos raamide, v\u00e4ljaastete, aknalauaga. Samuti ka akna siseraame. Akende v\u00e4lispesuks on [...]","protected":false},"author":1,"featured_media":0,"parent":1459,"menu_order":0,"comment_status":"open","ping_status":"open","template":"page-templates\/template-fullwidth.php","meta":{"footnotes":""},"class_list":["post-1251","page","type-page","status-publish","hentry"],"_links":{"self":[{"href":"https:\/\/midlis.ee\/en\/wp-json\/wp\/v2\/pages\/1251","targetHints":{"allow":["GET"]}}],"collection":[{"href":"https:\/\/midlis.ee\/en\/wp-json\/wp\/v2\/pages"}],"about":[{"href":"https:\/\/midlis.ee\/en\/wp-json\/wp\/v2\/types\/page"}],"author":[{"embeddable":true,"href":"https:\/\/midlis.ee\/en\/wp-json\/wp\/v2\/users\/1"}],"replies":[{"embeddable":true,"href":"https:\/\/midlis.ee\/en\/wp-json\/wp\/v2\/comments?post=1251"}],"version-history":[{"count":0,"href":"https:\/\/midlis.ee\/en\/wp-json\/wp\/v2\/pages\/1251\/revisions"}],"up":[{"embeddable":true,"href":"https:\/\/midlis.ee\/en\/wp-json\/wp\/v2\/pages\/1459"}],"wp:attachment":[{"href":"https:\/\/midlis.ee\/en\/wp-json\/wp\/v2\/media?parent=1251"}],"curies":[{"name":"wp","href":"https:\/\/api.w.org\/{rel}","templated":true}]}}