{"id":1263,"date":"2021-07-30T07:00:35","date_gmt":"2021-07-30T07:00:35","guid":{"rendered":"https:\/\/midlis.ee\/?page_id=1263"},"modified":"2021-08-11T13:15:11","modified_gmt":"2021-08-11T13:15:11","slug":"kontorite-ja-aripindade-koristusteenus","status":"publish","type":"page","link":"https:\/\/midlis.ee\/en\/teenused-ja-hinnad\/kontorite-ja-aripindade-koristusteenus\/","title":{"rendered":"Office cleaning"},"content":{"rendered":"<section class=\"wpb_row vc_row-fluid\"><div class=\"container\"><div class=\"row\"><div class=\"wpb_column vc_column_container vc_col-sm-12\"><div class=\"vc_column-inner\"><div class=\"wpb_wrapper\"  >\n\t<div class=\"wpb_text_column wpb_content_element\" >\n\t\t<div class=\"wpb_wrapper\">\n\t\t\t<h4><span style=\"font-weight: 400;\">Our office cleaning package is a set of services aimed at keeping workspaces clean and tidy on a regular basis. All work is carried out only by trained cleaning professionals.<br \/>\n<\/span><\/h4>\n<p>&nbsp;<\/p>\n<p><span style=\"font-weight: 400;\">Our office cleaning service will help you:<\/span><\/p>\n<ul>\n<li style=\"font-weight: 400;\" aria-level=\"1\" aria-checked=\"false\"><span style=\"font-weight: 400;\">Save money by not having to hire your own cleaning staff<\/span><\/li>\n<li style=\"font-weight: 400;\" aria-level=\"1\" aria-checked=\"false\"><span style=\"font-weight: 400;\">Have a clean and productive work environment<\/span><\/li>\n<li style=\"font-weight: 400;\" aria-level=\"1\" aria-checked=\"false\"><span style=\"font-weight: 400;\">Improve the well-being and health of your employees\u00a0<\/span><\/li>\n<\/ul>\n<p><span style=\"font-weight: 400;\">Midlis guarantees that improvements in your work environment will be clearly visible after our work is done. We would also like to emphasize the fact that all work is carried out by trained professionals, who will clean all work spaces including hallways, sanitary facilities and meeting rooms.<\/span><\/p>\n<p><span style=\"font-weight: 400;\">Our office cleaning service includes:<\/span><\/p>\n<ul>\n<li style=\"font-weight: 400;\" aria-level=\"1\" aria-checked=\"false\"><span style=\"font-weight: 400;\">Emptying of office waste bins.<\/span><\/li>\n<li style=\"font-weight: 400;\" aria-level=\"1\" aria-checked=\"false\"><span style=\"font-weight: 400;\">Soft furniture cleaning.<\/span><\/li>\n<li style=\"font-weight: 400;\" aria-level=\"1\" aria-checked=\"false\"><span style=\"font-weight: 400;\">Dust removal from shelves and other horizontal surfaces.<\/span><\/li>\n<li style=\"font-weight: 400;\" aria-level=\"1\" aria-checked=\"false\"><span style=\"font-weight: 400;\">We will clean: tables, computers, doors, doorknobs, light switches, office chair armrests and other similar small interior elements and office equipment.<\/span><\/li>\n<li style=\"font-weight: 400;\" aria-level=\"1\" aria-checked=\"false\"><span style=\"font-weight: 400;\">Floors will be washed and vacuumed.<\/span><\/li>\n<li style=\"font-weight: 400;\" aria-level=\"1\" aria-checked=\"false\"><span style=\"font-weight: 400;\">Sanitary facilities will be cleaned using high-quality products and disinfectants \u2013 we will wash mirrors, all horizontal surfaces, the toilet bowl and the toilet seat, showers, bathtubs, sinks and drainage pipes. Bathroom walls will be cleaned with a wet cloth and floors will be washed. Other interior elements like bathroom scales and laundry baskets will be also wiped and cleaned.\u00a0<\/span><\/li>\n<li style=\"font-weight: 400;\" aria-level=\"1\" aria-checked=\"false\"><span style=\"font-weight: 400;\">We will clean all horizontal surfaces in the kitchen area (this also includes disinfection). The waste bin cupboard will be washed inside and the bin itself emptied, other cupboards will be washed from the outside. Kitchen appliances will be cleaned, the sink will be washed and we will also wash the drainage pipe.<\/span><\/li>\n<li style=\"font-weight: 400;\" aria-level=\"1\" aria-checked=\"false\"><span style=\"font-weight: 400;\">Additionally, upon request we can be responsible for purchasing, delivering and refilling such things like: soap, toilet paper, air fresheners, dishwashing liquids and other everyday cleaning and sanitary products.<\/span><\/li>\n<\/ul>\n\n\t\t<\/div>\n\t<\/div>\n<\/div><\/div><\/div><\/div><\/div><\/section><section class=\"wpb_row vc_row-fluid call-to-action bg-color text-center vc_custom_1627899175684 no-padding\"><div class=\"row\"><div class=\"wpb_column vc_column_container vc_col-sm-12\"><div class=\"vc_column-inner\"><div class=\"wpb_wrapper\"  >\t\t\t\n\t<!-- Element: OT Button --> \n\t\t\t<a href=\"https:\/\/midlis.ee\/en\/saada-paring\/\" target=\"_self\" class=\"btn btn-line-black btn-big\">request price offer<\/a>\n\t    \n<\/div><\/div><\/div><\/div><\/section>","protected":false},"excerpt":{"rendered":"Kontorite koristusteenus on meetmete kogum, mis lubab \u00e4ripindasid korras hoida. T\u00f6\u00f6d teostavad professionaalsed, spetsiaalse v\u00e4lja\u00f5ppe saanud t\u00f6\u00f6tajad (koristajad). &nbsp; Kontorite korrap\u00e4rane puhastamine aitab teil: vabaneda omamaja koristajate \u00fclalpidamiskuludest, nautida puhtust kontoris, parandada t\u00f6\u00f6tajate tervist ja tehtava t\u00f6\u00f6 t\u00f5husust.\u00a0 Midlis vastab k\u00f5igile \u00fclaltoodud n\u00f5uetele. K\u00f5rgelt kvalifitseeritud spetsialistid puhastavad ideaaljuhul k\u00f5ik ruumid, sealhulgas ooteruumid, sanitaar- ja vastuv\u00f5turuumid. [...]","protected":false},"author":1,"featured_media":0,"parent":1459,"menu_order":0,"comment_status":"open","ping_status":"open","template":"page-templates\/template-fullwidth.php","meta":{"footnotes":""},"class_list":["post-1263","page","type-page","status-publish","hentry"],"_links":{"self":[{"href":"https:\/\/midlis.ee\/en\/wp-json\/wp\/v2\/pages\/1263","targetHints":{"allow":["GET"]}}],"collection":[{"href":"https:\/\/midlis.ee\/en\/wp-json\/wp\/v2\/pages"}],"about":[{"href":"https:\/\/midlis.ee\/en\/wp-json\/wp\/v2\/types\/page"}],"author":[{"embeddable":true,"href":"https:\/\/midlis.ee\/en\/wp-json\/wp\/v2\/users\/1"}],"replies":[{"embeddable":true,"href":"https:\/\/midlis.ee\/en\/wp-json\/wp\/v2\/comments?post=1263"}],"version-history":[{"count":1,"href":"https:\/\/midlis.ee\/en\/wp-json\/wp\/v2\/pages\/1263\/revisions"}],"predecessor-version":[{"id":1952,"href":"https:\/\/midlis.ee\/en\/wp-json\/wp\/v2\/pages\/1263\/revisions\/1952"}],"up":[{"embeddable":true,"href":"https:\/\/midlis.ee\/en\/wp-json\/wp\/v2\/pages\/1459"}],"wp:attachment":[{"href":"https:\/\/midlis.ee\/en\/wp-json\/wp\/v2\/media?parent=1263"}],"curies":[{"name":"wp","href":"https:\/\/api.w.org\/{rel}","templated":true}]}}