{"id":1267,"date":"2021-07-30T07:06:11","date_gmt":"2021-07-30T07:06:11","guid":{"rendered":"https:\/\/midlis.ee\/?page_id=1267"},"modified":"2021-08-09T11:03:48","modified_gmt":"2021-08-09T11:03:48","slug":"hooldus-ja-korteriuhistute-heakorrateenus","status":"publish","type":"page","link":"https:\/\/midlis.ee\/en\/teenused-ja-hinnad\/hooldus-ja-korteriuhistute-heakorrateenus\/","title":{"rendered":"Outdoor Janitorial Services and Apartment Building Cleaning"},"content":{"rendered":"<section class=\"wpb_row vc_row-fluid\"><div class=\"container\"><div class=\"row\"><div class=\"wpb_column vc_column_container vc_col-sm-12\"><div class=\"vc_column-inner\"><div class=\"wpb_wrapper\"  >\n\t<div class=\"wpb_text_column wpb_content_element\" >\n\t\t<div class=\"wpb_wrapper\">\n\t\t\t<h4><span style=\"font-weight: 400;\">We will be cleaning the outdoor yard area of your building and making sure it is well maintained on a regular basis. This is a service, which can be useful when dealing with large outdoor areas that require a number of cleaning tasks done daily. It allows your other staff members to focus only on their own specific duties like gardening, general maintenance, etc.<\/span><\/h4>\n<ul>\n<li><span style=\"font-weight: 400;\">The outdoor cleaning service includes only outdoor yard cleaning.\u00a0<\/span><\/li>\n<li><span style=\"font-weight: 400;\">The apartment building cleaning service also includes cleaning common areas.<\/span><\/li>\n<li><span style=\"font-weight: 400;\">This also includes shoveling snow, applying sand, salt or gravel to icy sidewalks, removing fallen leaves in autumn and mowing the lawn.<\/span><\/li>\n<li><span style=\"font-weight: 400;\">Cleaning common area floor mats on a regular basis.<\/span><\/li>\n<li><span style=\"font-weight: 400;\">Cleaning the staircase and the elevator.<\/span><\/li>\n<li><span style=\"font-weight: 400;\">Taking out the garbage<\/span><\/li>\n<li><span style=\"font-weight: 400;\">Cleaning the room where garbage is kept<\/span><\/li>\n<li><span style=\"font-weight: 400;\">Dust and spider web removal.<\/span><\/li>\n<li><span style=\"font-weight: 400;\">Disinfectant, toilet paper and soap refills in common areas.<\/span><\/li>\n<li><span style=\"font-weight: 400;\">Gardening and lawn mowing services<strong><a href=\"https:\/\/midlis.ee\/en\/teenused-ja-hinnad\/aia-hooldus-ja-rohu-niitmise-teenus\/\"> can be offered separately.<\/a><\/strong><\/span><\/li>\n<\/ul>\n\n\t\t<\/div>\n\t<\/div>\n<\/div><\/div><\/div><\/div><\/div><\/section><section class=\"wpb_row vc_row-fluid call-to-action bg-color text-center vc_custom_1627899175684 no-padding\"><div class=\"row\"><div class=\"wpb_column vc_column_container vc_col-sm-12\"><div class=\"vc_column-inner\"><div class=\"wpb_wrapper\"  >\t\t\t\n\t<!-- Element: OT Button --> \n\t\t\t<a href=\"https:\/\/midlis.ee\/en\/saada-paring\/\" target=\"_self\" class=\"btn btn-line-black btn-big\">request price offer<\/a>\n\t    \n<\/div><\/div><\/div><\/div><\/section>","protected":false},"excerpt":{"rendered":"Heakorrateenus sisaldab territooriumi koristamist ning vastutab puhtuse ja korra s\u00e4ilitamise eest isiklikul krundil. Heakorrateenuse t\u00f6\u00f6taja on vajalik suurtel aladel, kus heakorra funktsioon on m\u00e4\u00e4ratud ja teostatud eraldi t\u00f6\u00f6taja poolt, vabastades aedniku, turvat\u00f6\u00f6taja v\u00f5i haldusjuhi t\u00e4itmaks keerukamaid oskust\u00f6id. Heakorrateenus sisaldab ainult koristust maja krundil ja t\u00e4naval.\u00a0 Korteri\u00fchistute teenindamise teenus h\u00f5lmab ka \u00fchiste siseruumide teenindamist. Teenus h\u00f5lmab [...]","protected":false},"author":1,"featured_media":0,"parent":1459,"menu_order":0,"comment_status":"open","ping_status":"open","template":"page-templates\/template-fullwidth.php","meta":{"footnotes":""},"class_list":["post-1267","page","type-page","status-publish","hentry"],"_links":{"self":[{"href":"https:\/\/midlis.ee\/en\/wp-json\/wp\/v2\/pages\/1267","targetHints":{"allow":["GET"]}}],"collection":[{"href":"https:\/\/midlis.ee\/en\/wp-json\/wp\/v2\/pages"}],"about":[{"href":"https:\/\/midlis.ee\/en\/wp-json\/wp\/v2\/types\/page"}],"author":[{"embeddable":true,"href":"https:\/\/midlis.ee\/en\/wp-json\/wp\/v2\/users\/1"}],"replies":[{"embeddable":true,"href":"https:\/\/midlis.ee\/en\/wp-json\/wp\/v2\/comments?post=1267"}],"version-history":[{"count":2,"href":"https:\/\/midlis.ee\/en\/wp-json\/wp\/v2\/pages\/1267\/revisions"}],"predecessor-version":[{"id":1949,"href":"https:\/\/midlis.ee\/en\/wp-json\/wp\/v2\/pages\/1267\/revisions\/1949"}],"up":[{"embeddable":true,"href":"https:\/\/midlis.ee\/en\/wp-json\/wp\/v2\/pages\/1459"}],"wp:attachment":[{"href":"https:\/\/midlis.ee\/en\/wp-json\/wp\/v2\/media?parent=1267"}],"curies":[{"name":"wp","href":"https:\/\/api.w.org\/{rel}","templated":true}]}}