{"id":1274,"date":"2021-07-30T07:13:17","date_gmt":"2021-07-30T07:13:17","guid":{"rendered":"https:\/\/midlis.ee\/?page_id=1274"},"modified":"2021-08-04T15:17:20","modified_gmt":"2021-08-04T15:17:20","slug":"riiete-voi-voodipesu-pesu-triikimine-keemiline-puhastus","status":"publish","type":"page","link":"https:\/\/midlis.ee\/en\/teenused-ja-hinnad\/riiete-voi-voodipesu-pesu-triikimine-keemiline-puhastus\/","title":{"rendered":"Laundry care service (washing, ironing and dry cleaning)"},"content":{"rendered":"<section class=\"wpb_row vc_row-fluid\"><div class=\"container\"><div class=\"row\"><div class=\"wpb_column vc_column_container vc_col-sm-12\"><div class=\"vc_column-inner\"><div class=\"wpb_wrapper\"  >\n\t<div class=\"wpb_text_column wpb_content_element\" >\n\t\t<div class=\"wpb_wrapper\">\n\t\t\t<h4><span style=\"font-weight: 400;\">Midlis offers a high quality and professional laundry care service that includes washing, ironing and dry cleaning when necessary. We will take care of your laundry on a daily basis, which will allow you to focus on the things that actually matter. We strive to improve our service based on your feedback to become the best at what we do.\u00a0<\/span><\/h4>\n<ul>\n<li style=\"font-weight: 400;\" aria-level=\"1\" aria-checked=\"false\"><span style=\"font-weight: 400;\">Ironing will be done at your place \u2013 this can be a part of a larger cleaning package or a stand-alone service.<\/span><\/li>\n<li style=\"font-weight: 400;\" aria-level=\"1\" aria-checked=\"false\"><span style=\"font-weight: 400;\">Washing can be done either at your place or at our facility. Your clean clothes will be ironed, folded and returned back to you.\u00a0\u00a0<\/span><\/li>\n<li style=\"font-weight: 400;\" aria-level=\"1\" aria-checked=\"false\"><span style=\"font-weight: 400;\">Dry cleaning is done at our facility \u2013 we will pick up your laundry and will return it back once it is ready. We use only high-quality and eco-friendly cleaning products that don\u2019t contain allergens or any other substances, which may potentially be potentially harmful for your health.<\/span><\/li>\n<\/ul>\n\n\t\t<\/div>\n\t<\/div>\n<\/div><\/div><\/div><\/div><\/div><\/section><section class=\"wpb_row vc_row-fluid call-to-action bg-color text-center vc_custom_1627899175684 no-padding\"><div class=\"row\"><div class=\"wpb_column vc_column_container vc_col-sm-12\"><div class=\"vc_column-inner\"><div class=\"wpb_wrapper\"  >\t\t\t\n\t<!-- Element: OT Button --> \n\t\t\t<a href=\"https:\/\/midlis.ee\/en\/saada-paring\/\" target=\"_self\" class=\"btn btn-line-black btn-big\">request price offer<\/a>\n\t    \n<\/div><\/div><\/div><\/div><\/section>","protected":false},"excerpt":{"rendered":"Midlis pakub k\u00f5rgetasemelisi professionaalseid triikimis-, pesupesemis- ja keemilise puhastuse teenuseid. T\u00f6\u00f6tame h\u00f5ivatud inimeste ja nende jaoks, kes teavad oma aja v\u00e4\u00e4rtust. Iga p\u00e4ev aitame teil lahendada teie kodu igap\u00e4evamured ja t\u00e4iendame oma teenust, et olla teie jaoks parimad.\u00a0 Pesu triikimine toimub kliendi kodus koos koristamise teenusega v\u00f5i eraldi teenusena. Pesu pesemine v\u00f5ib aset leida nii [...]","protected":false},"author":1,"featured_media":0,"parent":1459,"menu_order":0,"comment_status":"open","ping_status":"open","template":"page-templates\/template-fullwidth.php","meta":{"footnotes":""},"class_list":["post-1274","page","type-page","status-publish","hentry"],"_links":{"self":[{"href":"https:\/\/midlis.ee\/en\/wp-json\/wp\/v2\/pages\/1274","targetHints":{"allow":["GET"]}}],"collection":[{"href":"https:\/\/midlis.ee\/en\/wp-json\/wp\/v2\/pages"}],"about":[{"href":"https:\/\/midlis.ee\/en\/wp-json\/wp\/v2\/types\/page"}],"author":[{"embeddable":true,"href":"https:\/\/midlis.ee\/en\/wp-json\/wp\/v2\/users\/1"}],"replies":[{"embeddable":true,"href":"https:\/\/midlis.ee\/en\/wp-json\/wp\/v2\/comments?post=1274"}],"version-history":[{"count":0,"href":"https:\/\/midlis.ee\/en\/wp-json\/wp\/v2\/pages\/1274\/revisions"}],"up":[{"embeddable":true,"href":"https:\/\/midlis.ee\/en\/wp-json\/wp\/v2\/pages\/1459"}],"wp:attachment":[{"href":"https:\/\/midlis.ee\/en\/wp-json\/wp\/v2\/media?parent=1274"}],"curies":[{"name":"wp","href":"https:\/\/api.w.org\/{rel}","templated":true}]}}