{"id":1277,"date":"2021-07-30T09:13:04","date_gmt":"2021-07-30T09:13:04","guid":{"rendered":"https:\/\/midlis.ee\/?page_id=1277"},"modified":"2022-06-17T07:50:23","modified_gmt":"2022-06-17T07:50:23","slug":"meist","status":"publish","type":"page","link":"https:\/\/midlis.ee\/en\/meist\/","title":{"rendered":"About us"},"content":{"rendered":"<section class=\"wpb_row vc_row-fluid vc_hidden-sm vc_hidden-xs vc_custom_1628088929695 vc_row-has-fill side-bg no-padding\"><div class=\"image-container hidden-xs col-md-5 col-md-offset-7 pull-left\"><div class=\"background-image\" style=\"background-image: url(https:\/\/midlis.ee\/wp-content\/uploads\/2021\/07\/Janika-Sild.jpg);\"><\/div><\/div><img decoding=\"async\" class=\"visible-xs img-responsive\" src=\"https:\/\/midlis.ee\/wp-content\/uploads\/2021\/07\/Janika-Sild.jpg\"\/><div class=\"row\"><div class=\"inner-padding clearfix\"><div class=\"vc_hidden-sm vc_hidden-xs wpb_column vc_column_container vc_col-sm-12 vc_col-lg-offset-6 vc_col-lg-5 vc_col-md-offset-6 vc_col-md-5\"><div class=\"vc_column-inner\"><div class=\"wpb_wrapper wow fadeInRight\" data-wow-delay=\"1s\" >\n\t<div class=\"wpb_text_column wpb_content_element  vc_custom_1628088367869\" >\n\t\t<div class=\"wpb_wrapper\">\n\t\t\t<h2>Who founded Midlis?<\/h2>\n<p>My name is Janika Sild and I have been in the cleaning business for over 7 years now. I am a trained level 4 cleaning specialist - this can be confirmed from the SA Kutsekoda resource. My training and education allows us to participate in genders and offer our services across the entire EU.<\/p>\n<p>I started my professional career in 2015 and worked as a cleaning company manager for over 4 years.<\/p>\n<p>From 2020 I officially work in the company I founded myself -  Midlis OU\u0308. Now we have a full team of trained professionals to make us a one-stop-shop for any cleaning service you might require.<\/p>\n\n\t\t<\/div>\n\t<\/div>\n<\/div><\/div><\/div><\/div><\/div><\/section><section class=\"wpb_row vc_row-fluid vc_hidden-sm vc_hidden-xs side-bg no-padding\"><div class=\"image-container hidden-xs col-md-5 col-md-offset-7 pull-right right0\"><div class=\"background-image\" style=\"background-image: url(https:\/\/midlis.ee\/wp-content\/uploads\/2021\/08\/living-room-design-with-couch-scaled.jpg);\"><\/div><\/div><img decoding=\"async\" class=\"visible-xs img-responsive\" src=\"https:\/\/midlis.ee\/wp-content\/uploads\/2021\/08\/living-room-design-with-couch-scaled.jpg\"\/><div class=\"row\"><div class=\"inner-padding clearfix\"><div class=\"vc_hidden-sm vc_hidden-xs wpb_column vc_column_container vc_col-sm-6\"><div class=\"vc_column-inner\"><div class=\"wpb_wrapper wow fadeInLeft\"  >\n\t<div class=\"wpb_text_column wpb_content_element  vc_custom_1628089212491\" >\n\t\t<div class=\"wpb_wrapper\">\n\t\t\t<h2>Why Choose Us?<\/h2>\n<p>Despite Medlis being a relatively new company, its director already has tons of experience working in the cleaning industry. She has a business management degree and a proven business strategy, which she follows to this day. She also completed level 4 cleaning expert training (Juhendaja-puhastusteenindaja tase 4), which allows Midlis to participate in tenders.<br \/>\nWe are always striving to grow and improve by taking part in various training sessions and implementing creative ideas.\nOur main goal is to save your time, energy and mental resources, which you would otherwise use to clean and maintain your house.<\/p>\n<ul>\n<li>Our goal is to save your time!<\/li>\n<li>It is convenient - working with Midlis you will be able to clean your home, office or commercial edifice without having to turn to different service providers.<\/li>\n<li>We care about the environment and your health - you can choose eco-friendly cleaning products.<\/li>\n<li>We guarantee high quality of all services we provide.<\/li>\n<li>Affordable and reliable - we offer a personalized approach to every customer.<\/li>\n<\/ul>\n<p>If you weren't able to find the right cleaning company, which would offer all the services you require - search no more! \nWelcome to Midlis.<\/p>\n\n\t\t<\/div>\n\t<\/div>\n<\/div><\/div><\/div><div class=\"vc_hidden-sm vc_hidden-xs wpb_column vc_column_container vc_col-sm-6\"><div class=\"vc_column-inner\"><div class=\"wpb_wrapper\"  ><\/div><\/div><\/div><\/div><\/div><\/section><section class=\"wpb_row vc_row-fluid vc_hidden-lg vc_hidden-md\"><div class=\"container\"><div class=\"row\"><div class=\"vc_hidden-lg vc_hidden-md wpb_column vc_column_container vc_col-sm-12\"><div class=\"vc_column-inner\"><div class=\"wpb_wrapper\"  >\n\t<div  class=\"wpb_single_image wpb_content_element vc_align_center\">\n\t\t\n\t\t<figure class=\"wpb_wrapper vc_figure\">\n\t\t\t<div class=\"vc_single_image-wrapper   vc_box_border_grey\"><img loading=\"lazy\" decoding=\"async\" width=\"750\" height=\"1000\" src=\"https:\/\/midlis.ee\/wp-content\/uploads\/2021\/07\/Janika-Sild.jpg\" class=\"vc_single_image-img attachment-full\" alt=\"\" srcset=\"https:\/\/midlis.ee\/wp-content\/uploads\/2021\/07\/Janika-Sild.jpg 750w, https:\/\/midlis.ee\/wp-content\/uploads\/2021\/07\/Janika-Sild-225x300.jpg 225w, https:\/\/midlis.ee\/wp-content\/uploads\/2021\/07\/Janika-Sild-768x1024.jpg 768w, https:\/\/midlis.ee\/wp-content\/uploads\/2021\/07\/Janika-Sild-1152x1536.jpg 1152w, https:\/\/midlis.ee\/wp-content\/uploads\/2021\/07\/Janika-Sild-9x12.jpg 9w, https:\/\/midlis.ee\/wp-content\/uploads\/2021\/07\/Janika-Sild-600x800.jpg 600w\" sizes=\"auto, (max-width: 750px) 100vw, 750px\" title=\"Janika Sild\" \/><\/div>\n\t\t<\/figure>\n\t<\/div>\n\n\t<div class=\"wpb_text_column wpb_content_element  vc_custom_1628088367869\" >\n\t\t<div class=\"wpb_wrapper\">\n\t\t\t<h2>Who founded Midlis?<\/h2>\n<p>My name is Janika Sild and I have been in the cleaning business for over 7 years now. I am a trained level 4 cleaning specialist - this can be confirmed from the SA Kutsekoda resource. My training and education allows us to participate in genders and offer our services across the entire EU.<\/p>\n<p>I started my professional career in 2015 and worked as a cleaning company manager for over 4 years.<\/p>\n<p>From 2020 I officially work in the company I founded myself -  Midlis OU\u0308. Now we have a full team of trained professionals to make us a one-stop-shop for any cleaning service you might require.<\/p>\n\n\t\t<\/div>\n\t<\/div>\n<div class=\"vc_empty_space\"   style=\"height: 50px\"><span class=\"vc_empty_space_inner\"><\/span><\/div>\n\t<div  class=\"wpb_single_image wpb_content_element vc_align_center\">\n\t\t\n\t\t<figure class=\"wpb_wrapper vc_figure\">\n\t\t\t<div class=\"vc_single_image-wrapper   vc_box_border_grey\"><img loading=\"lazy\" decoding=\"async\" width=\"667\" height=\"1000\" src=\"https:\/\/midlis.ee\/wp-content\/uploads\/2021\/08\/living-room-design-with-couch-scaled.jpg\" class=\"vc_single_image-img attachment-full\" alt=\"\" srcset=\"https:\/\/midlis.ee\/wp-content\/uploads\/2021\/08\/living-room-design-with-couch-scaled.jpg 667w, https:\/\/midlis.ee\/wp-content\/uploads\/2021\/08\/living-room-design-with-couch-200x300.jpg 200w, https:\/\/midlis.ee\/wp-content\/uploads\/2021\/08\/living-room-design-with-couch-683x1024.jpg 683w, https:\/\/midlis.ee\/wp-content\/uploads\/2021\/08\/living-room-design-with-couch-768x1152.jpg 768w, https:\/\/midlis.ee\/wp-content\/uploads\/2021\/08\/living-room-design-with-couch-1024x1536.jpg 1024w, https:\/\/midlis.ee\/wp-content\/uploads\/2021\/08\/living-room-design-with-couch-1365x2048.jpg 1365w, https:\/\/midlis.ee\/wp-content\/uploads\/2021\/08\/living-room-design-with-couch-8x12.jpg 8w, https:\/\/midlis.ee\/wp-content\/uploads\/2021\/08\/living-room-design-with-couch-600x900.jpg 600w\" sizes=\"auto, (max-width: 667px) 100vw, 667px\" title=\"living-room-design-with-couch\" \/><\/div>\n\t\t<\/figure>\n\t<\/div>\n\n\t<div class=\"wpb_text_column wpb_content_element  vc_custom_1628089237248\" >\n\t\t<div class=\"wpb_wrapper\">\n\t\t\t<h2>Why Choose Us?<\/h2>\n<p>Despite Medlis being a relatively new company, its director already has tons of experience working in the cleaning industry. She has a business management degree and a proven business strategy, which she follows to this day. She also completed level 4 cleaning expert training (Juhendaja-puhastusteenindaja tase 4), which allows Midlis to participate in tenders.<br \/>\nWe are always striving to grow and improve by taking part in various training sessions and implementing creative ideas.\nOur main goal is to save your time, energy and mental resources, which you would otherwise use to clean and maintain your house.<\/p>\n<ul>\n<li>Our goal is to save your time!<\/li>\n<li>It is convenient - working with Midlis you will be able to clean your home, office or commercial edifice without having to turn to different service providers.<\/li>\n<li>We care about the environment and your health - you can choose eco-friendly cleaning products.<\/li>\n<li>We guarantee high quality of all services we provide.<\/li>\n<li>Affordable and reliable - we offer a personalized approach to every customer.<\/li>\n<\/ul>\n<p>If you weren't able to find the right cleaning company, which would offer all the services you require - search no more! \nWelcome to Midlis.<\/p>\n\n\t\t<\/div>\n\t<\/div>\n<div class=\"vc_empty_space\"   style=\"height: 50px\"><span class=\"vc_empty_space_inner\"><\/span><\/div><\/div><\/div><\/div><\/div><\/div><\/section><section class=\"wpb_row vc_row-fluid vc_hidden-sm vc_hidden-xs vc_custom_1628089318824 vc_row-has-fill\"><div class=\"container\"><div class=\"row\"><div class=\"wpb_column vc_column_container vc_col-sm-12\"><div class=\"vc_column-inner vc_custom_1628089363852\"><div class=\"wpb_wrapper\"  ><div class=\"vc_row wpb_row vc_inner vc_row-fluid\"><div class=\"wpb_column vc_column_container vc_col-sm-3\"><div class=\"vc_column-inner\"><div class=\"wpb_wrapper\"  >\n\t<div  class=\"wpb_single_image wpb_content_element vc_align_center\">\n\t\t\n\t\t<figure class=\"wpb_wrapper vc_figure\">\n\t\t\t<a class=\"\" data-lightbox=\"lightbox[rel-1277-1236044900]\" href=\"https:\/\/midlis.ee\/wp-content\/uploads\/2021\/07\/Kutsetunnistus-754x1024.jpg\" target=\"_self\"><img loading=\"lazy\" decoding=\"async\" class=\"vc_single_image-img\" src=\"https:\/\/midlis.ee\/wp-content\/uploads\/2021\/07\/Kutsetunnistus-300x400.jpg\" width=\"300\" height=\"400\" alt=\"Kutsetunnistus\" title=\"Kutsetunnistus\" \/><\/a>\n\t\t<\/figure>\n\t<\/div>\n\n\t<div  class=\"wpb_single_image wpb_content_element vc_align_center\">\n\t\t\n\t\t<figure class=\"wpb_wrapper vc_figure\">\n\t\t\t<a class=\"\" data-lightbox=\"lightbox[rel-1277-3105875601]\" href=\"https:\/\/midlis.ee\/wp-content\/uploads\/2022\/06\/img012-643x1024.jpg\" target=\"_self\"><img loading=\"lazy\" decoding=\"async\" class=\"vc_single_image-img\" src=\"https:\/\/midlis.ee\/wp-content\/uploads\/2022\/06\/img012-scaled-300x400.jpg\" width=\"300\" height=\"400\" alt=\"img012\" title=\"img012\" \/><\/a>\n\t\t<\/figure>\n\t<\/div>\n<\/div><\/div><\/div><div class=\"wpb_column vc_column_container vc_col-sm-3\"><div class=\"vc_column-inner\"><div class=\"wpb_wrapper\"  >\n\t<div  class=\"wpb_single_image wpb_content_element vc_align_center\">\n\t\t\n\t\t<figure class=\"wpb_wrapper vc_figure\">\n\t\t\t<a class=\"\" data-lightbox=\"lightbox[rel-1277-2388962286]\" href=\"https:\/\/midlis.ee\/wp-content\/uploads\/2021\/07\/Tunnistus8h-760x1024.jpg\" target=\"_self\"><img loading=\"lazy\" decoding=\"async\" class=\"vc_single_image-img\" src=\"https:\/\/midlis.ee\/wp-content\/uploads\/2021\/07\/Tunnistus8h-300x400.jpg\" width=\"300\" height=\"400\" alt=\"Tunnistus8h\" title=\"Tunnistus8h\" \/><\/a>\n\t\t<\/figure>\n\t<\/div>\n\n\t<div  class=\"wpb_single_image wpb_content_element vc_align_center\">\n\t\t\n\t\t<figure class=\"wpb_wrapper vc_figure\">\n\t\t\t<a class=\"\" data-lightbox=\"lightbox[rel-1277-2829439046]\" href=\"https:\/\/midlis.ee\/wp-content\/uploads\/2022\/06\/img013-664x1024.jpg\" target=\"_self\"><img loading=\"lazy\" decoding=\"async\" class=\"vc_single_image-img\" src=\"https:\/\/midlis.ee\/wp-content\/uploads\/2022\/06\/img013-scaled-300x400.jpg\" width=\"300\" height=\"400\" alt=\"img013\" title=\"img013\" \/><\/a>\n\t\t<\/figure>\n\t<\/div>\n<\/div><\/div><\/div><div class=\"wpb_column vc_column_container vc_col-sm-3\"><div class=\"vc_column-inner\"><div class=\"wpb_wrapper\"  >\n\t<div  class=\"wpb_single_image wpb_content_element vc_align_center\">\n\t\t\n\t\t<figure class=\"wpb_wrapper vc_figure\">\n\t\t\t<a class=\"\" data-lightbox=\"lightbox[rel-1277-399955528]\" href=\"https:\/\/midlis.ee\/wp-content\/uploads\/2021\/07\/img008-719x1024.jpg\" target=\"_self\"><img loading=\"lazy\" decoding=\"async\" class=\"vc_single_image-img\" src=\"https:\/\/midlis.ee\/wp-content\/uploads\/2021\/07\/img008-scaled-300x400.jpg\" width=\"300\" height=\"400\" alt=\"img008\" title=\"img008\" \/><\/a>\n\t\t<\/figure>\n\t<\/div>\n\n\t<div  class=\"wpb_single_image wpb_content_element vc_align_center\">\n\t\t\n\t\t<figure class=\"wpb_wrapper vc_figure\">\n\t\t\t<a class=\"\" data-lightbox=\"lightbox[rel-1277-2232060629]\" href=\"https:\/\/midlis.ee\/wp-content\/uploads\/2022\/06\/img014-1-657x1024.jpg\" target=\"_self\"><img loading=\"lazy\" decoding=\"async\" class=\"vc_single_image-img\" src=\"https:\/\/midlis.ee\/wp-content\/uploads\/2022\/06\/img014-1-scaled-300x400.jpg\" width=\"300\" height=\"400\" alt=\"img014 (1)\" title=\"img014 (1)\" \/><\/a>\n\t\t<\/figure>\n\t<\/div>\n<\/div><\/div><\/div><div class=\"wpb_column vc_column_container vc_col-sm-3\"><div class=\"vc_column-inner\"><div class=\"wpb_wrapper\"  >\n\t<div  class=\"wpb_single_image wpb_content_element vc_align_center\">\n\t\t\n\t\t<figure class=\"wpb_wrapper vc_figure\">\n\t\t\t<a class=\"\" data-lightbox=\"lightbox[rel-1277-2214198345]\" href=\"https:\/\/midlis.ee\/wp-content\/uploads\/2021\/07\/Tunnistus56h-698x1024.jpg\" target=\"_self\"><img loading=\"lazy\" decoding=\"async\" class=\"vc_single_image-img\" src=\"https:\/\/midlis.ee\/wp-content\/uploads\/2021\/07\/Tunnistus56h-300x400.jpg\" width=\"300\" height=\"400\" alt=\"Tunnistus56h\" title=\"Tunnistus56h\" \/><\/a>\n\t\t<\/figure>\n\t<\/div>\n\n\t<div  class=\"wpb_single_image wpb_content_element vc_align_center\">\n\t\t\n\t\t<figure class=\"wpb_wrapper vc_figure\">\n\t\t\t<a class=\"\" data-lightbox=\"lightbox[rel-1277-335595268]\" href=\"https:\/\/midlis.ee\/wp-content\/uploads\/2022\/06\/img015-707x1024.jpg\" target=\"_self\"><img loading=\"lazy\" decoding=\"async\" class=\"vc_single_image-img\" src=\"https:\/\/midlis.ee\/wp-content\/uploads\/2022\/06\/img015-scaled-300x400.jpg\" width=\"300\" height=\"400\" alt=\"img015\" title=\"img015\" \/><\/a>\n\t\t<\/figure>\n\t<\/div>\n<\/div><\/div><\/div><\/div><\/div><\/div><\/div><\/div><\/div><\/section><section class=\"wpb_row vc_row-fluid vc_hidden-lg vc_hidden-md vc_custom_1628089339240 vc_row-has-fill\"><div class=\"container\"><div class=\"row\"><div class=\"wpb_column vc_column_container vc_col-sm-12\"><div class=\"vc_column-inner vc_custom_1628089399420\"><div class=\"wpb_wrapper\"  ><div class=\"vc_row wpb_row vc_inner vc_row-fluid\"><div class=\"wpb_column vc_column_container vc_col-sm-3\"><div class=\"vc_column-inner\"><div class=\"wpb_wrapper\"  >\n\t<div  class=\"wpb_single_image wpb_content_element vc_align_center\">\n\t\t\n\t\t<figure class=\"wpb_wrapper vc_figure\">\n\t\t\t<a class=\"\" data-lightbox=\"lightbox[rel-1277-1710354158]\" href=\"https:\/\/midlis.ee\/wp-content\/uploads\/2021\/07\/Kutsetunnistus-754x1024.jpg\" target=\"_self\"><img loading=\"lazy\" decoding=\"async\" class=\"vc_single_image-img\" src=\"https:\/\/midlis.ee\/wp-content\/uploads\/2021\/07\/Kutsetunnistus-300x400.jpg\" width=\"300\" height=\"400\" alt=\"Kutsetunnistus\" title=\"Kutsetunnistus\" \/><\/a>\n\t\t<\/figure>\n\t<\/div>\n<\/div><\/div><\/div><div class=\"wpb_column vc_column_container vc_col-sm-3\"><div class=\"vc_column-inner\"><div class=\"wpb_wrapper\"  >\n\t<div  class=\"wpb_single_image wpb_content_element vc_align_center\">\n\t\t\n\t\t<figure class=\"wpb_wrapper vc_figure\">\n\t\t\t<a class=\"\" data-lightbox=\"lightbox[rel-1277-3208471105]\" href=\"https:\/\/midlis.ee\/wp-content\/uploads\/2021\/07\/Tunnistus8h-760x1024.jpg\" target=\"_self\"><img loading=\"lazy\" decoding=\"async\" class=\"vc_single_image-img\" src=\"https:\/\/midlis.ee\/wp-content\/uploads\/2021\/07\/Tunnistus8h-300x400.jpg\" width=\"300\" height=\"400\" alt=\"Tunnistus8h\" title=\"Tunnistus8h\" \/><\/a>\n\t\t<\/figure>\n\t<\/div>\n<\/div><\/div><\/div><div class=\"wpb_column vc_column_container vc_col-sm-3\"><div class=\"vc_column-inner\"><div class=\"wpb_wrapper\"  >\n\t<div  class=\"wpb_single_image wpb_content_element vc_align_center\">\n\t\t\n\t\t<figure class=\"wpb_wrapper vc_figure\">\n\t\t\t<a class=\"\" data-lightbox=\"lightbox[rel-1277-1966574641]\" href=\"https:\/\/midlis.ee\/wp-content\/uploads\/2021\/07\/img008-719x1024.jpg\" target=\"_self\"><img loading=\"lazy\" decoding=\"async\" class=\"vc_single_image-img\" src=\"https:\/\/midlis.ee\/wp-content\/uploads\/2021\/07\/img008-scaled-300x400.jpg\" width=\"300\" height=\"400\" alt=\"img008\" title=\"img008\" \/><\/a>\n\t\t<\/figure>\n\t<\/div>\n<\/div><\/div><\/div><div class=\"wpb_column vc_column_container vc_col-sm-3\"><div class=\"vc_column-inner\"><div class=\"wpb_wrapper\"  >\n\t<div  class=\"wpb_single_image wpb_content_element vc_align_center\">\n\t\t\n\t\t<figure class=\"wpb_wrapper vc_figure\">\n\t\t\t<a class=\"\" data-lightbox=\"lightbox[rel-1277-3175748991]\" href=\"https:\/\/midlis.ee\/wp-content\/uploads\/2021\/07\/Tunnistus56h-698x1024.jpg\" target=\"_self\"><img loading=\"lazy\" decoding=\"async\" class=\"vc_single_image-img\" src=\"https:\/\/midlis.ee\/wp-content\/uploads\/2021\/07\/Tunnistus56h-300x400.jpg\" width=\"300\" height=\"400\" alt=\"Tunnistus56h\" title=\"Tunnistus56h\" \/><\/a>\n\t\t<\/figure>\n\t<\/div>\n\n\t<div  class=\"wpb_single_image wpb_content_element vc_align_center\">\n\t\t\n\t\t<figure class=\"wpb_wrapper vc_figure\">\n\t\t\t<a class=\"\" data-lightbox=\"lightbox[rel-1277-3846495312]\" href=\"https:\/\/midlis.ee\/wp-content\/uploads\/2022\/06\/img012-643x1024.jpg\" target=\"_self\"><img loading=\"lazy\" decoding=\"async\" class=\"vc_single_image-img\" src=\"https:\/\/midlis.ee\/wp-content\/uploads\/2022\/06\/img012-scaled-300x400.jpg\" width=\"300\" height=\"400\" alt=\"img012\" title=\"img012\" \/><\/a>\n\t\t<\/figure>\n\t<\/div>\n\n\t<div  class=\"wpb_single_image wpb_content_element vc_align_center\">\n\t\t\n\t\t<figure class=\"wpb_wrapper vc_figure\">\n\t\t\t<a class=\"\" data-lightbox=\"lightbox[rel-1277-2695669840]\" href=\"https:\/\/midlis.ee\/wp-content\/uploads\/2022\/06\/img013-664x1024.jpg\" target=\"_self\"><img loading=\"lazy\" decoding=\"async\" class=\"vc_single_image-img\" src=\"https:\/\/midlis.ee\/wp-content\/uploads\/2022\/06\/img013-scaled-300x400.jpg\" width=\"300\" height=\"400\" alt=\"img013\" title=\"img013\" \/><\/a>\n\t\t<\/figure>\n\t<\/div>\n\n\t<div  class=\"wpb_single_image wpb_content_element vc_align_center\">\n\t\t\n\t\t<figure class=\"wpb_wrapper vc_figure\">\n\t\t\t<a class=\"\" data-lightbox=\"lightbox[rel-1277-2520082871]\" href=\"https:\/\/midlis.ee\/wp-content\/uploads\/2022\/06\/img014-1-657x1024.jpg\" target=\"_self\"><img loading=\"lazy\" decoding=\"async\" class=\"vc_single_image-img\" src=\"https:\/\/midlis.ee\/wp-content\/uploads\/2022\/06\/img014-1-scaled-300x400.jpg\" width=\"300\" height=\"400\" alt=\"img014 (1)\" title=\"img014 (1)\" \/><\/a>\n\t\t<\/figure>\n\t<\/div>\n\n\t<div  class=\"wpb_single_image wpb_content_element vc_align_center\">\n\t\t\n\t\t<figure class=\"wpb_wrapper vc_figure\">\n\t\t\t<a class=\"\" data-lightbox=\"lightbox[rel-1277-2882228548]\" href=\"https:\/\/midlis.ee\/wp-content\/uploads\/2022\/06\/img015-707x1024.jpg\" target=\"_self\"><img loading=\"lazy\" decoding=\"async\" class=\"vc_single_image-img\" src=\"https:\/\/midlis.ee\/wp-content\/uploads\/2022\/06\/img015-scaled-300x400.jpg\" width=\"300\" height=\"400\" alt=\"img015\" title=\"img015\" \/><\/a>\n\t\t<\/figure>\n\t<\/div>\n<\/div><\/div><\/div><\/div><\/div><\/div><\/div><\/div><\/div><\/section><section class=\"wpb_row vc_row-fluid call-to-action bg-color text-center vc_custom_1442204650520 no-padding\"><div class=\"row\"><div class=\"wpb_column vc_column_container vc_col-sm-12\"><div class=\"vc_column-inner\"><div class=\"wpb_wrapper\"  >\t\t\t\n\t<!-- Element: OT Button --> \n\t\t\t<a href=\"https:\/\/midlis.ee\/en\/saada-paring\/\" target=\"_self\" class=\"btn btn-line-black btn-big\">request price offer<\/a>\n\t    \n<\/div><\/div><\/div><\/div><\/section>","protected":false},"excerpt":{"rendered":"Kes asutas Midlise ettev\u00f5tte? Mina, Jaanika Sild, olen tegelenud koristusteenustega \u00fcle seitsme aasta. Mul on rakendusharidus, neljanda taseme juhendaja-puhastusteenindaja haridus, mida saab kontrollida SA Kutsekoda avatud registrist. Haridus annab mulle v\u00f5imaluse osaleda rahvusvahelistes hangetes ja pakkuda teenuseid \u00fcle terve Euroopa Liidu. 2015. aastal j\u00f5udsin professionaalsele tasemele (erit\u00f6\u00f6, t\u00f6\u00f6 erivarustusega jne). \u00dcle nelja aasta olen t\u00f6\u00f6tanud [...]","protected":false},"author":1,"featured_media":0,"parent":0,"menu_order":0,"comment_status":"open","ping_status":"open","template":"page-templates\/template-fullwidth.php","meta":{"footnotes":""},"class_list":["post-1277","page","type-page","status-publish","hentry"],"_links":{"self":[{"href":"https:\/\/midlis.ee\/en\/wp-json\/wp\/v2\/pages\/1277","targetHints":{"allow":["GET"]}}],"collection":[{"href":"https:\/\/midlis.ee\/en\/wp-json\/wp\/v2\/pages"}],"about":[{"href":"https:\/\/midlis.ee\/en\/wp-json\/wp\/v2\/types\/page"}],"author":[{"embeddable":true,"href":"https:\/\/midlis.ee\/en\/wp-json\/wp\/v2\/users\/1"}],"replies":[{"embeddable":true,"href":"https:\/\/midlis.ee\/en\/wp-json\/wp\/v2\/comments?post=1277"}],"version-history":[{"count":5,"href":"https:\/\/midlis.ee\/en\/wp-json\/wp\/v2\/pages\/1277\/revisions"}],"predecessor-version":[{"id":2033,"href":"https:\/\/midlis.ee\/en\/wp-json\/wp\/v2\/pages\/1277\/revisions\/2033"}],"wp:attachment":[{"href":"https:\/\/midlis.ee\/en\/wp-json\/wp\/v2\/media?parent=1277"}],"curies":[{"name":"wp","href":"https:\/\/api.w.org\/{rel}","templated":true}]}}