{"id":1300,"date":"2021-07-30T13:47:47","date_gmt":"2021-07-30T13:47:47","guid":{"rendered":"https:\/\/midlis.ee\/?page_id=1300"},"modified":"2021-08-04T15:17:20","modified_gmt":"2021-08-04T15:17:20","slug":"vahatamine","status":"publish","type":"page","link":"https:\/\/midlis.ee\/en\/teenused-ja-hinnad\/vahatamine\/","title":{"rendered":"Waxing"},"content":{"rendered":"<section class=\"wpb_row vc_row-fluid\"><div class=\"container\"><div class=\"row\"><div class=\"wpb_column vc_column_container vc_col-sm-12\"><div class=\"vc_column-inner\"><div class=\"wpb_wrapper\"  >\n\t<div class=\"wpb_text_column wpb_content_element\" >\n\t\t<div class=\"wpb_wrapper\">\n\t\t\t<h4><span style=\"font-weight: 400;\">Waxing can prevent surfaces from wearing out and degrading over time as well as make it easier to clean.\nWaxing will also give your surfaces a sparkling look, which will often make them look cleaner.<\/span><\/h4>\n<p>&nbsp;<\/p>\n<p><span style=\"font-weight: 400;\">-We will choose the right equipment for the job.\n-We will choose the right wax for the job \u2013 making sure it is suitable for the surface we are going to work with.\n-Waxing will start from the far end of the room.\n-When the wax is ready, we will start slowly applying it\n-Wax will be evenly spread using specialized tools to cover the entire floor in a thin and smooth layer.\n-We will leave the surface to dry.\n\nSomething to keep in mind:\n-Surfaces have to be cleaned before waxing.\n-All waxing equipment has to be clean and dry in order to deliver a high-quality result.\n-Air humidity has to be between 25% and 75%. Some wax types would need it to be between 40% and 60%\n-The optimal temperature is between 18 and 25 Celsius.\n-The surface has to be dry.\n\nNB! If you want to polish a newly waxed surface \u2013 this has to be done on the next day. A freshly waxed surface will take between 10 and 14 days to fully dry. Make sure to not perform any wet cleaning during that time period.<\/span><\/p>\n\n\t\t<\/div>\n\t<\/div>\n<\/div><\/div><\/div><\/div><\/div><\/section><section class=\"wpb_row vc_row-fluid call-to-action bg-color text-center vc_custom_1627899175684 no-padding\"><div class=\"row\"><div class=\"wpb_column vc_column_container vc_col-sm-12\"><div class=\"vc_column-inner\"><div class=\"wpb_wrapper\"  >\t\t\t\n\t<!-- Element: OT Button --> \n\t\t\t<a href=\"https:\/\/midlis.ee\/en\/saada-paring\/\" target=\"_self\" class=\"btn btn-line-black btn-big\">request price offer<\/a>\n\t    \n<\/div><\/div><\/div><\/div><\/section>","protected":false},"excerpt":{"rendered":"Vahatamine muudab p\u00f5randa kaunimaks, kergendab hoolduskoristust, kuna p\u00f5randal on \u00fchtlane kaitsekiht. Vahasid on matte, pooll\u00e4ikivaid ja l\u00e4ikivaid. T\u00e4nap\u00e4eval on \u00fcha enam p\u00f5randai, mis ei eelda vahatamist. Vaha kinnitumine v\u00f5ib olla isegi problemaatiline. Seega enne vahatamise otsuse tegemist on oluline teada, kas antud kate vajab vahatamist. Selle info leiad pinnakatte tootekaardilt. &nbsp; Tavaliselt vahatatakse plastik katteid [...]","protected":false},"author":1,"featured_media":0,"parent":1459,"menu_order":0,"comment_status":"open","ping_status":"open","template":"page-templates\/template-fullwidth.php","meta":{"footnotes":""},"class_list":["post-1300","page","type-page","status-publish","hentry"],"_links":{"self":[{"href":"https:\/\/midlis.ee\/en\/wp-json\/wp\/v2\/pages\/1300","targetHints":{"allow":["GET"]}}],"collection":[{"href":"https:\/\/midlis.ee\/en\/wp-json\/wp\/v2\/pages"}],"about":[{"href":"https:\/\/midlis.ee\/en\/wp-json\/wp\/v2\/types\/page"}],"author":[{"embeddable":true,"href":"https:\/\/midlis.ee\/en\/wp-json\/wp\/v2\/users\/1"}],"replies":[{"embeddable":true,"href":"https:\/\/midlis.ee\/en\/wp-json\/wp\/v2\/comments?post=1300"}],"version-history":[{"count":0,"href":"https:\/\/midlis.ee\/en\/wp-json\/wp\/v2\/pages\/1300\/revisions"}],"up":[{"embeddable":true,"href":"https:\/\/midlis.ee\/en\/wp-json\/wp\/v2\/pages\/1459"}],"wp:attachment":[{"href":"https:\/\/midlis.ee\/en\/wp-json\/wp\/v2\/media?parent=1300"}],"curies":[{"name":"wp","href":"https:\/\/api.w.org\/{rel}","templated":true}]}}