{"id":1309,"date":"2021-07-30T14:04:25","date_gmt":"2021-07-30T14:04:25","guid":{"rendered":"https:\/\/midlis.ee\/?page_id=1309"},"modified":"2021-08-04T15:17:20","modified_gmt":"2021-08-04T15:17:20","slug":"kiviporandate-kullastamine","status":"publish","type":"page","link":"https:\/\/midlis.ee\/en\/teenused-ja-hinnad\/kiviporandate-kullastamine\/","title":{"rendered":"Stone floor protection"},"content":{"rendered":"<section class=\"wpb_row vc_row-fluid\"><div class=\"container\"><div class=\"row\"><div class=\"wpb_column vc_column_container vc_col-sm-12\"><div class=\"vc_column-inner\"><div class=\"wpb_wrapper\"  >\n\t<div class=\"wpb_text_column wpb_content_element\" >\n\t\t<div class=\"wpb_wrapper\">\n\t\t\t<h4><span style=\"font-weight: 400;\">Stone surfaces absorb dust and dirt over time, which makes them much more difficult to clean and they will eventually become visually a lot less appealing.<\/span><\/h4>\n<p>&nbsp;<\/p>\n<p><span style=\"font-weight: 400;\">Such surfaces can be protected against this using a special protective solution \u2013 it will be absorbed by your stone surfaces, leaving no space for any dust or dirt. A thin layer of our protective solution will be carefully applied to your floor \u2013 it will not change its color or texture, but will make it much more durable. This has a long-lasting effect, however it is only applicable to new floors, old floors will have already absorbed various substances and it will not be possible to completely remove everything from them.<\/span><\/p>\n\n\t\t<\/div>\n\t<\/div>\n<\/div><\/div><\/div><\/div><\/div><\/section><section class=\"wpb_row vc_row-fluid call-to-action bg-color text-center vc_custom_1627899175684 no-padding\"><div class=\"row\"><div class=\"wpb_column vc_column_container vc_col-sm-12\"><div class=\"vc_column-inner\"><div class=\"wpb_wrapper\"  >\t\t\t\n\t<!-- Element: OT Button --> \n\t\t\t<a href=\"https:\/\/midlis.ee\/en\/saada-paring\/\" target=\"_self\" class=\"btn btn-line-black btn-big\">request price offer<\/a>\n\t    \n<\/div><\/div><\/div><\/div><\/section>","protected":false},"excerpt":{"rendered":"Kivi on poorne materjal, seet\u00f5ttu kinnitub pooridesse mustust. Kivipindade kaitsmise \u00fcheks viisiks on k\u00fcllastamine, kasutatakse ka impregneerimise m\u00f5istet. &nbsp; Esmalt tuleb p\u00f5rand hoolikalt puhtaks pesta, siis t\u00f6\u00f6delda kivik\u00fcllastusainega. P\u00f5randale tuleb ainet kanda v\u00f5imalikult \u00f5huke kiht. K\u00fcllastamine ei muuda p\u00f5randa v\u00e4limust (v\u00e4rv, l\u00e4ige), kuid t\u00e4idab poorid. Paremaid tulemusi annab uute p\u00f5randate k\u00fcllastamine, kuna kasutusel olnud p\u00f5randate [...]","protected":false},"author":1,"featured_media":0,"parent":1459,"menu_order":0,"comment_status":"open","ping_status":"open","template":"page-templates\/template-fullwidth.php","meta":{"footnotes":""},"class_list":["post-1309","page","type-page","status-publish","hentry"],"_links":{"self":[{"href":"https:\/\/midlis.ee\/en\/wp-json\/wp\/v2\/pages\/1309","targetHints":{"allow":["GET"]}}],"collection":[{"href":"https:\/\/midlis.ee\/en\/wp-json\/wp\/v2\/pages"}],"about":[{"href":"https:\/\/midlis.ee\/en\/wp-json\/wp\/v2\/types\/page"}],"author":[{"embeddable":true,"href":"https:\/\/midlis.ee\/en\/wp-json\/wp\/v2\/users\/1"}],"replies":[{"embeddable":true,"href":"https:\/\/midlis.ee\/en\/wp-json\/wp\/v2\/comments?post=1309"}],"version-history":[{"count":0,"href":"https:\/\/midlis.ee\/en\/wp-json\/wp\/v2\/pages\/1309\/revisions"}],"up":[{"embeddable":true,"href":"https:\/\/midlis.ee\/en\/wp-json\/wp\/v2\/pages\/1459"}],"wp:attachment":[{"href":"https:\/\/midlis.ee\/en\/wp-json\/wp\/v2\/media?parent=1309"}],"curies":[{"name":"wp","href":"https:\/\/api.w.org\/{rel}","templated":true}]}}