{"id":1394,"date":"2021-08-02T10:20:26","date_gmt":"2021-08-02T10:20:26","guid":{"rendered":"https:\/\/midlis.ee\/?page_id=1394"},"modified":"2021-08-04T15:17:20","modified_gmt":"2021-08-04T15:17:20","slug":"aia-hooldus-ja-rohu-niitmise-teenus","status":"publish","type":"page","link":"https:\/\/midlis.ee\/en\/teenused-ja-hinnad\/aia-hooldus-ja-rohu-niitmise-teenus\/","title":{"rendered":"Lawn mowing and gardening services"},"content":{"rendered":"<section class=\"wpb_row vc_row-fluid\"><div class=\"container\"><div class=\"row\"><div class=\"wpb_column vc_column_container vc_col-sm-12\"><div class=\"vc_column-inner\"><div class=\"wpb_wrapper\"  >\n\t<div class=\"wpb_text_column wpb_content_element\" >\n\t\t<div class=\"wpb_wrapper\">\n\t\t\t<h4><span style=\"font-weight: 400;\">Our lawn mowing and gardening services can resolve a lot of everyday issues by:<\/span><\/h4>\n<p><span style=\"font-weight: 400;\">-Tidying up your outdoor area<\/span><\/p>\n<p><span style=\"font-weight: 400;\">-Reducing the risk of tick bites<\/span><\/p>\n<p><span style=\"font-weight: 400;\">-Reducing the risk of fires<\/span><\/p>\n<p><span style=\"font-weight: 400;\">-Saving your time and energy, while our trained professionals do all the work<\/span><\/p>\n<ul>\n<li style=\"font-weight: 400;\" aria-level=\"1\" aria-checked=\"false\"><span style=\"font-weight: 400;\">Lawn mowing can be done with the following equipment: lawn tractors, walk mowers, string trimmers and robot mowers. The equipment used will depend on the area and lawn type.<\/span><\/li>\n<li style=\"font-weight: 400;\" aria-level=\"1\" aria-checked=\"false\"><span style=\"font-weight: 400;\">All required equipment transportation will be handled by us.<\/span><\/li>\n<li style=\"font-weight: 400;\" aria-level=\"1\" aria-checked=\"false\"><span style=\"font-weight: 400;\">You also have an option of using our landscape design and gardening services.<\/span><\/li>\n<li style=\"font-weight: 400;\" aria-level=\"1\" aria-checked=\"false\"><span style=\"font-weight: 400;\">You can rent our gardening equipment if needed. <\/span><\/li>\n<\/ul>\n\n\t\t<\/div>\n\t<\/div>\n<\/div><\/div><\/div><\/div><\/div><\/section><section class=\"wpb_row vc_row-fluid call-to-action bg-color text-center vc_custom_1627899175684 no-padding\"><div class=\"row\"><div class=\"wpb_column vc_column_container vc_col-sm-12\"><div class=\"vc_column-inner\"><div class=\"wpb_wrapper\"  >\t\t\t\n\t<!-- Element: OT Button --> \n\t\t\t<a href=\"https:\/\/midlis.ee\/en\/saada-paring\/\" target=\"_self\" class=\"btn btn-line-black btn-big\">request price offer<\/a>\n\t    \n<\/div><\/div><\/div><\/div><\/section>","protected":false},"excerpt":{"rendered":"Rohu niitmise ja aia eest hoolitsemise teenus p\u00e4\u00e4stab teid paljudest probleemidest: - muudab krundi v\u00e4limust kauniks - v\u00e4hendab puukide levikut ja nende v\u00f5imalike hammustuste ohtu - v\u00e4hendab tule teke ja tulekahju ohtu krundil - s\u00e4\u00e4stab teie aega ja n\u00e4rve, siis kui meie spetsialistid teevad seda k\u00f5ike teie heaks. Muruniitmise teenust teostatakse: murutraktori, trimmeri, niiduki v\u00f5i [...]","protected":false},"author":1,"featured_media":0,"parent":1459,"menu_order":0,"comment_status":"open","ping_status":"open","template":"page-templates\/template-fullwidth.php","meta":{"footnotes":""},"class_list":["post-1394","page","type-page","status-publish","hentry"],"_links":{"self":[{"href":"https:\/\/midlis.ee\/en\/wp-json\/wp\/v2\/pages\/1394","targetHints":{"allow":["GET"]}}],"collection":[{"href":"https:\/\/midlis.ee\/en\/wp-json\/wp\/v2\/pages"}],"about":[{"href":"https:\/\/midlis.ee\/en\/wp-json\/wp\/v2\/types\/page"}],"author":[{"embeddable":true,"href":"https:\/\/midlis.ee\/en\/wp-json\/wp\/v2\/users\/1"}],"replies":[{"embeddable":true,"href":"https:\/\/midlis.ee\/en\/wp-json\/wp\/v2\/comments?post=1394"}],"version-history":[{"count":0,"href":"https:\/\/midlis.ee\/en\/wp-json\/wp\/v2\/pages\/1394\/revisions"}],"up":[{"embeddable":true,"href":"https:\/\/midlis.ee\/en\/wp-json\/wp\/v2\/pages\/1459"}],"wp:attachment":[{"href":"https:\/\/midlis.ee\/en\/wp-json\/wp\/v2\/media?parent=1394"}],"curies":[{"name":"wp","href":"https:\/\/api.w.org\/{rel}","templated":true}]}}