{"id":1397,"date":"2021-08-02T10:24:28","date_gmt":"2021-08-02T10:24:28","guid":{"rendered":"https:\/\/midlis.ee\/?page_id=1397"},"modified":"2021-08-04T15:17:20","modified_gmt":"2021-08-04T15:17:20","slug":"riigi-ja-munitsipaalasutuste-koristus-tallinnas","status":"publish","type":"page","link":"https:\/\/midlis.ee\/en\/teenused-ja-hinnad\/riigi-ja-munitsipaalasutuste-koristus-tallinnas\/","title":{"rendered":"Government institution cleaning in Tallinn"},"content":{"rendered":"<section class=\"wpb_row vc_row-fluid\"><div class=\"container\"><div class=\"row\"><div class=\"wpb_column vc_column_container vc_col-sm-12\"><div class=\"vc_column-inner\"><div class=\"wpb_wrapper\"  >\n\t<div class=\"wpb_text_column wpb_content_element\" >\n\t\t<div class=\"wpb_wrapper\">\n\t\t\t<h4><span style=\"font-weight: 400;\">Midlis offers cleaning services for administrative and healthcare institutions, schools, kindergartens and other public and government institutions.<\/span><\/h4>\n<p>&nbsp;<\/p>\n<p><span style=\"font-weight: 400;\">Public institutions have to be well maintained, not only to be visually appealing, but to ensure a safe and productive environment for their employees and visitors.<\/span><\/p>\n<p><span style=\"font-weight: 400;\">Work spaces at a government institution have to be cleaned and disinfected on a regular basis \u2013 this way you can maintain a healthy microclimate. Cleaning and disinfecting handrails, doorknobs and other similar interior elements will prevent viruses and bacteria from spreading.<\/span><\/p>\n<p><span style=\"font-weight: 400;\">We plan our work based on sanitary norms and your individual requirements, we will also take your schedule into consideration.\u00a0<\/span><\/p>\n<p><span style=\"font-weight: 400;\">Our government and public institution cleaning service includes:<\/span><\/p>\n<ul>\n<li style=\"font-weight: 400;\" aria-level=\"1\" aria-checked=\"false\"><span style=\"font-weight: 400;\">Dry and wet cleaning of offices, hallways and other similar spaces<\/span><\/li>\n<li style=\"font-weight: 400;\" aria-level=\"1\" aria-checked=\"false\"><span style=\"font-weight: 400;\">Elevator and staircase cleaning<\/span><\/li>\n<li style=\"font-weight: 400;\" aria-level=\"1\" aria-checked=\"false\"><span style=\"font-weight: 400;\">Cleaning window frames, sills, slopes and other elements<\/span><\/li>\n<li style=\"font-weight: 400;\" aria-level=\"1\" aria-checked=\"false\"><span style=\"font-weight: 400;\">Cleaning radiators and other domestic heating devices<\/span><\/li>\n<li style=\"font-weight: 400;\" aria-level=\"1\" aria-checked=\"false\"><span style=\"font-weight: 400;\">Furniture cleaning and polishing<\/span><\/li>\n<li style=\"font-weight: 400;\" aria-level=\"1\" aria-checked=\"false\"><span style=\"font-weight: 400;\">Sanitary facility cleaning<\/span><\/li>\n<li style=\"font-weight: 400;\" aria-level=\"1\" aria-checked=\"false\"><span style=\"font-weight: 400;\">Garbage disposal<\/span><\/li>\n<li style=\"font-weight: 400;\" aria-level=\"1\" aria-checked=\"false\"><span style=\"font-weight: 400;\">Additional requirements can be discussed<\/span><\/li>\n<\/ul>\n<p><span style=\"font-weight: 400;\">This service can be offered on a regular basis as well as a one-off deal.\u00a0<\/span><\/p>\n\n\t\t<\/div>\n\t<\/div>\n<\/div><\/div><\/div><\/div><\/div><\/section><section class=\"wpb_row vc_row-fluid call-to-action bg-color text-center vc_custom_1627899175684 no-padding\"><div class=\"row\"><div class=\"wpb_column vc_column_container vc_col-sm-12\"><div class=\"vc_column-inner\"><div class=\"wpb_wrapper\"  >\t\t\t\n\t<!-- Element: OT Button --> \n\t\t\t<a href=\"https:\/\/midlis.ee\/en\/saada-paring\/\" target=\"_self\" class=\"btn btn-line-black btn-big\">request price offer<\/a>\n\t    \n<\/div><\/div><\/div><\/div><\/section>","protected":false},"excerpt":{"rendered":"Midlis pakub koristusteenust munitsipaalasutustele - koolidele, lasteaedadele, haiglatele, kauplustele ja teistele riigiettev\u00f5tetele ja -asutustele. &nbsp; Asutuse territooriumil tuleb alati hoida korda, luues mitte ainult esteetiliselt meeldiva mulje, vaid tagades ka t\u00f6\u00f6tajate ja k\u00fclastajate ohutuse. T\u00f6\u00f6kohtade regulaarne koristus on vajalik ohutu ja tervisliku mikrokliima s\u00e4ilitamiseks riigiasutuses. Tihe sanitaarruumide, ukselinkide ja teiste pisidetailide desinfitseerimine aitab ennetada bakterite [...]","protected":false},"author":1,"featured_media":0,"parent":1459,"menu_order":0,"comment_status":"open","ping_status":"open","template":"page-templates\/template-fullwidth.php","meta":{"footnotes":""},"class_list":["post-1397","page","type-page","status-publish","hentry"],"_links":{"self":[{"href":"https:\/\/midlis.ee\/en\/wp-json\/wp\/v2\/pages\/1397","targetHints":{"allow":["GET"]}}],"collection":[{"href":"https:\/\/midlis.ee\/en\/wp-json\/wp\/v2\/pages"}],"about":[{"href":"https:\/\/midlis.ee\/en\/wp-json\/wp\/v2\/types\/page"}],"author":[{"embeddable":true,"href":"https:\/\/midlis.ee\/en\/wp-json\/wp\/v2\/users\/1"}],"replies":[{"embeddable":true,"href":"https:\/\/midlis.ee\/en\/wp-json\/wp\/v2\/comments?post=1397"}],"version-history":[{"count":0,"href":"https:\/\/midlis.ee\/en\/wp-json\/wp\/v2\/pages\/1397\/revisions"}],"up":[{"embeddable":true,"href":"https:\/\/midlis.ee\/en\/wp-json\/wp\/v2\/pages\/1459"}],"wp:attachment":[{"href":"https:\/\/midlis.ee\/en\/wp-json\/wp\/v2\/media?parent=1397"}],"curies":[{"name":"wp","href":"https:\/\/api.w.org\/{rel}","templated":true}]}}