{"id":1401,"date":"2021-08-02T10:30:03","date_gmt":"2021-08-02T10:30:03","guid":{"rendered":"https:\/\/midlis.ee\/?page_id=1401"},"modified":"2021-08-09T11:07:48","modified_gmt":"2021-08-09T11:07:48","slug":"ehitusjargne-koristus","status":"publish","type":"page","link":"https:\/\/midlis.ee\/en\/teenused-ja-hinnad\/ehitusjargne-koristus\/","title":{"rendered":"Post-construction cleaning"},"content":{"rendered":"<section class=\"wpb_row vc_row-fluid\"><div class=\"container\"><div class=\"row\"><div class=\"wpb_column vc_column_container vc_col-sm-12\"><div class=\"vc_column-inner\"><div class=\"wpb_wrapper\"  >\n\t<div class=\"wpb_text_column wpb_content_element\" >\n\t\t<div class=\"wpb_wrapper\">\n\t\t\t<h4><span style=\"font-weight: 400;\">Midlis offers post-construction cleaning services in Harjumaa<\/span><\/h4>\n<p>&nbsp;<\/p>\n<p><span style=\"font-weight: 400;\">Post-construction cleaning is a difficult and time-consuming task, having to deal with things like construction dust and waste, stains and smudges can take up a lot of your time and energy.<\/span><\/p>\n<p><span style=\"font-weight: 400;\">When there is just one last step left before you can move into your new dream house or apartment, yet you have no more energy left after all the work you\u2019ve already done \u2013 Midlis will be there to help you.<\/span><\/p>\n<p><span style=\"font-weight: 400;\">Our post-construction cleaning service will cover all rooms in your house or apartment. We will perform all required work in order to prepare your home for you and make it comfortable. After our word is done \u2013 there will be no signs of any prior construction work left.<\/span><\/p>\n<p><span style=\"font-weight: 400;\">Post-construction cleaning includes:<\/span><\/p>\n<ul>\n<li style=\"font-weight: 400;\" aria-level=\"1\" aria-checked=\"false\"><span style=\"font-weight: 400;\"><a href=\"https:\/\/midlis.ee\/en\/teenused-ja-hinnad\/eramute-korterite-suurpuhastus\/\"><strong>Everything included in our \u201cgeneral cleaning package\u201d<\/strong><\/a>;<\/span><\/li>\n<li style=\"font-weight: 400;\" aria-level=\"1\" aria-checked=\"false\"><span style=\"font-weight: 400;\">Dust removal from ceilings and walls<\/span><\/li>\n<li style=\"font-weight: 400;\" aria-level=\"1\" aria-checked=\"false\"><span style=\"font-weight: 400;\">Cleaning your ventilations system from dust<\/span><\/li>\n<li style=\"font-weight: 400;\" aria-level=\"1\" aria-checked=\"false\"><span style=\"font-weight: 400;\">Stain removal (paint, plaster, cement etc.)<\/span><\/li>\n<li style=\"font-weight: 400;\" aria-level=\"1\" aria-checked=\"false\"><span style=\"font-weight: 400;\">Window and radiator deep cleaning<\/span><\/li>\n<li style=\"font-weight: 400;\" aria-level=\"1\" aria-checked=\"false\"><span style=\"font-weight: 400;\">Waste disposal<\/span><\/li>\n<li style=\"font-weight: 400;\" aria-level=\"1\" aria-checked=\"false\"><span style=\"font-weight: 400;\">Waist container rent in required<\/span><\/li>\n<li style=\"font-weight: 400;\" aria-level=\"1\" aria-checked=\"false\"><span style=\"font-weight: 400;\">Dust removal from furniture, mirrors and other similar interior elements<\/span><\/li>\n<\/ul>\n\n\t\t<\/div>\n\t<\/div>\n<\/div><\/div><\/div><\/div><\/div><\/section><section class=\"wpb_row vc_row-fluid call-to-action bg-color text-center vc_custom_1627899175684 no-padding\"><div class=\"row\"><div class=\"wpb_column vc_column_container vc_col-sm-12\"><div class=\"vc_column-inner\"><div class=\"wpb_wrapper\"  >\t\t\t\n\t<!-- Element: OT Button --> \n\t\t\t<a href=\"https:\/\/midlis.ee\/en\/saada-paring\/\" target=\"_self\" class=\"btn btn-line-black btn-big\">request price offer<\/a>\n\t    \n<\/div><\/div><\/div><\/div><\/section>","protected":false},"excerpt":{"rendered":"Midlise ettev\u00f5te pakub koristusteenust k\u00f5igis remondij\u00e4rgsetes ruumides Harjumaal. &nbsp; Ehitusj\u00e4rgne remont on v\u00e4ga t\u00f6\u00f6mahukas protsess: igal pool on ehitusmaterjalide j\u00e4ljed, ehitustolm, mustus, plekid, ehitusest j\u00e4\u00e4nud pr\u00fcgi. Kui uude kauaoodatud koju v\u00f5i korterisse sissekolimine on vaid k\u00e4eulatuses, aga peale renoveerimist pole enam jaksu koristada, siis Midlis aitab teid hea meelega. Remondij\u00e4rgne koristus teostatakse alati teie soovide [...]","protected":false},"author":1,"featured_media":0,"parent":1459,"menu_order":0,"comment_status":"open","ping_status":"open","template":"page-templates\/template-fullwidth.php","meta":{"footnotes":""},"class_list":["post-1401","page","type-page","status-publish","hentry"],"_links":{"self":[{"href":"https:\/\/midlis.ee\/en\/wp-json\/wp\/v2\/pages\/1401","targetHints":{"allow":["GET"]}}],"collection":[{"href":"https:\/\/midlis.ee\/en\/wp-json\/wp\/v2\/pages"}],"about":[{"href":"https:\/\/midlis.ee\/en\/wp-json\/wp\/v2\/types\/page"}],"author":[{"embeddable":true,"href":"https:\/\/midlis.ee\/en\/wp-json\/wp\/v2\/users\/1"}],"replies":[{"embeddable":true,"href":"https:\/\/midlis.ee\/en\/wp-json\/wp\/v2\/comments?post=1401"}],"version-history":[{"count":1,"href":"https:\/\/midlis.ee\/en\/wp-json\/wp\/v2\/pages\/1401\/revisions"}],"predecessor-version":[{"id":1951,"href":"https:\/\/midlis.ee\/en\/wp-json\/wp\/v2\/pages\/1401\/revisions\/1951"}],"up":[{"embeddable":true,"href":"https:\/\/midlis.ee\/en\/wp-json\/wp\/v2\/pages\/1459"}],"wp:attachment":[{"href":"https:\/\/midlis.ee\/en\/wp-json\/wp\/v2\/media?parent=1401"}],"curies":[{"name":"wp","href":"https:\/\/api.w.org\/{rel}","templated":true}]}}