{"id":1404,"date":"2021-08-02T10:36:10","date_gmt":"2021-08-02T10:36:10","guid":{"rendered":"https:\/\/midlis.ee\/?page_id=1404"},"modified":"2021-08-09T11:05:25","modified_gmt":"2021-08-09T11:05:25","slug":"koristusteenus-votmed-katte-voi-kolimisjargset-koristus","status":"publish","type":"page","link":"https:\/\/midlis.ee\/en\/teenused-ja-hinnad\/koristusteenus-votmed-katte-voi-kolimisjargset-koristus\/","title":{"rendered":"Koristusteenus\u00a0&#8220;v\u00f5tmed k\u00e4tte&#8221; v\u00f5i kolimisj\u00e4rgset koristus"},"content":{"rendered":"<section class=\"wpb_row vc_row-fluid\"><div class=\"container\"><div class=\"row\"><div class=\"wpb_column vc_column_container vc_col-sm-12\"><div class=\"vc_column-inner\"><div class=\"wpb_wrapper\"  >\n\t<div class=\"wpb_text_column wpb_content_element\" >\n\t\t<div class=\"wpb_wrapper\">\n\t\t\t<h4><span style=\"font-weight: 400;\">Midlis offers \u201cmove-in\u201d and \u201cgeneral\u201d cleaning services.<\/span><\/h4>\n<p>&nbsp;<\/p>\n<p><span style=\"font-weight: 400;\">Our \u201cmove-in\u201d cleaning service is an all-encompassing package that will help you tidy up any living space. You will not need to decide whether it is the right time to wash your windows, clean your carpets or couch \u2013 we will handle all of that for you.\u00a0<\/span><\/p>\n<p><span style=\"font-weight: 400;\">This includes dust and dirt removal from all horizontal surfaces, dry and wet ceiling and wall cleaning, window washing, dry cleaning of carpets and soft furniture. This package includes everything that the \u201cgeneral\u201d cleaning service has as well as some extras: <a href=\"https:\/\/midlis.ee\/en\/teenused-ja-hinnad\/eramute-korterite-suurpuhastus\/\"><strong>Everything included in our \u201cgeneral cleaning package\u201d<\/strong><\/a> ja veel m\u00f5nesid lisasid:<\/span><\/p>\n<ul>\n<li style=\"font-weight: 400;\" aria-level=\"1\" aria-checked=\"false\"><span style=\"font-weight: 400;\">tolmu eemaldamist lagedelt ja seintelt;<\/span><\/li>\n<li style=\"font-weight: 400;\" aria-level=\"1\" aria-checked=\"false\"><span style=\"font-weight: 400;\">akende pesu;<\/span><\/li>\n<li style=\"font-weight: 400;\" aria-level=\"1\" aria-checked=\"false\"><span style=\"font-weight: 400;\">ruloode pesu;<\/span><\/li>\n<li style=\"font-weight: 400;\" aria-level=\"1\" aria-checked=\"false\"><span style=\"font-weight: 400;\">vaipade ja diivanite pesu piiramatus koguses;<\/span><\/li>\n<li style=\"font-weight: 400;\" aria-level=\"1\" aria-checked=\"false\"><span style=\"font-weight: 400;\">suuremahulise pr\u00fcgi v\u00e4ljavedu;<\/span><\/li>\n<li style=\"font-weight: 400;\" aria-level=\"1\" aria-checked=\"false\"><span style=\"font-weight: 400;\">suure m\u00f6\u00f6bli- ja kodumasinate utiliseerimist;<\/span><\/li>\n<li style=\"font-weight: 400;\" aria-level=\"1\" aria-checked=\"false\"><span style=\"font-weight: 400;\">desinfitseerimist<\/span><\/li>\n<\/ul>\n\n\t\t<\/div>\n\t<\/div>\n<\/div><\/div><\/div><\/div><\/div><\/section><section class=\"wpb_row vc_row-fluid call-to-action bg-color text-center vc_custom_1627899175684 no-padding\"><div class=\"row\"><div class=\"wpb_column vc_column_container vc_col-sm-12\"><div class=\"vc_column-inner\"><div class=\"wpb_wrapper\"  >\t\t\t\n\t<!-- Element: OT Button --> \n\t\t\t<a href=\"https:\/\/midlis.ee\/en\/saada-paring\/\" target=\"_self\" class=\"btn btn-line-black btn-big\">request price offer<\/a>\n\t    \n<\/div><\/div><\/div><\/div><\/section>","protected":false},"excerpt":{"rendered":"Midlis pakub teenuspaketina koristusteenust \"v\u00f5tmed k\u00e4tte\" v\u00f5i kolimisj\u00e4rgset koristust. &nbsp; \"V\u00f5tmed k\u00e4tte\" koristusteenus on komplekslahendus ruumi puhtuse ja korra s\u00e4ilitamiseks. Enam ei pea m\u00f5tlema, kas peaks tellima vaiba v\u00f5i diivani puhastust, kas pesta aknaid v\u00f5i seinu.\u00a0 Teenus h\u00f5lmab endas tolmu ja mustuse eemaldamist k\u00f5igilt pindadelt, lagede ja seinte pesu ning tolmust puhastust, akende ja r\u00f5dude [...]","protected":false},"author":1,"featured_media":0,"parent":1459,"menu_order":0,"comment_status":"open","ping_status":"open","template":"page-templates\/template-fullwidth.php","meta":{"footnotes":""},"class_list":["post-1404","page","type-page","status-publish","hentry"],"_links":{"self":[{"href":"https:\/\/midlis.ee\/en\/wp-json\/wp\/v2\/pages\/1404","targetHints":{"allow":["GET"]}}],"collection":[{"href":"https:\/\/midlis.ee\/en\/wp-json\/wp\/v2\/pages"}],"about":[{"href":"https:\/\/midlis.ee\/en\/wp-json\/wp\/v2\/types\/page"}],"author":[{"embeddable":true,"href":"https:\/\/midlis.ee\/en\/wp-json\/wp\/v2\/users\/1"}],"replies":[{"embeddable":true,"href":"https:\/\/midlis.ee\/en\/wp-json\/wp\/v2\/comments?post=1404"}],"version-history":[{"count":1,"href":"https:\/\/midlis.ee\/en\/wp-json\/wp\/v2\/pages\/1404\/revisions"}],"predecessor-version":[{"id":1950,"href":"https:\/\/midlis.ee\/en\/wp-json\/wp\/v2\/pages\/1404\/revisions\/1950"}],"up":[{"embeddable":true,"href":"https:\/\/midlis.ee\/en\/wp-json\/wp\/v2\/pages\/1459"}],"wp:attachment":[{"href":"https:\/\/midlis.ee\/en\/wp-json\/wp\/v2\/media?parent=1404"}],"curies":[{"name":"wp","href":"https:\/\/api.w.org\/{rel}","templated":true}]}}