{"id":1878,"date":"2021-08-05T14:26:31","date_gmt":"2021-08-05T14:26:31","guid":{"rendered":"https:\/\/midlis.ee\/?page_id=1878"},"modified":"2021-08-05T14:26:45","modified_gmt":"2021-08-05T14:26:45","slug":"ruumide-desinfitseerimine-koristus-aurupesuriga","status":"publish","type":"page","link":"https:\/\/midlis.ee\/en\/teenused-ja-hinnad\/ruumide-desinfitseerimine-koristus-aurupesuriga\/","title":{"rendered":"Disinfection and steam cleaning service"},"content":{"rendered":"<section class=\"wpb_row vc_row-fluid\"><div class=\"container\"><div class=\"row\"><div class=\"wpb_column vc_column_container vc_col-sm-12\"><div class=\"vc_column-inner\"><div class=\"wpb_wrapper\"  >\n\t<div class=\"wpb_text_column wpb_content_element\" >\n\t\t<div class=\"wpb_wrapper\">\n\t\t\t<h4><span style=\"font-weight: 400;\">Our disinfection service includes a set of activities aimed at removing infectious bacteria, viruses, fungi, toxins and other potentially hazardous substances from external surfaces to prevent them from spreading and causing health issues for you, your family members and visitors.<\/span><\/h4>\n<p>&nbsp;<\/p>\n<p><span style=\"font-weight: 400;\">Our team will choose their workflow based on the type of work, its complexity and other factors:<\/span><\/p>\n<ul>\n<li style=\"font-weight: 400;\" aria-level=\"1\"><span style=\"font-weight: 400;\">Manual cleaning \u2013 removing a layer of contaminated soil.<\/span><\/li>\n<li style=\"font-weight: 400;\" aria-level=\"1\"><span style=\"font-weight: 400;\">Physical \u2013 disinfection using UV lamps and \/ or gamma ray devices. Thermal cleaning of clothes, sanitary equipment, dishes, cleaning equipment and medical equipment.<\/span><\/li>\n<li style=\"font-weight: 400;\" aria-level=\"1\"><span style=\"font-weight: 400;\">Chemical \u2013 this is the primary method, which implies the use of disinfecting antiseptic products to eliminate toxins, germs, viruses and other potentially harmful things.<\/span><\/li>\n<li style=\"font-weight: 400;\" aria-level=\"1\"><span style=\"font-weight: 400;\">Combined \u2013 involves the use of several or all above-mentioned cleaning and disinfection methods. For example, chemical cleaning with a following UV exposure. Will be used upon request and depending on required work and its complexity.<\/span><\/li>\n<\/ul>\n<p><span style=\"font-weight: 400;\">After general cleaning, the premises are disinfected using a steam cleaner and a special disinfectant solution.<\/span><\/p>\n<h4><\/h4>\n\n\t\t<\/div>\n\t<\/div>\n<\/div><\/div><\/div><\/div><\/div><\/section><section class=\"wpb_row vc_row-fluid call-to-action bg-color text-center vc_custom_1627899175684 no-padding\"><div class=\"row\"><div class=\"wpb_column vc_column_container vc_col-sm-12\"><div class=\"vc_column-inner\"><div class=\"wpb_wrapper\"  >\t\t\t\n\t<!-- Element: OT Button --> \n\t\t\t<a href=\"https:\/\/midlis.ee\/en\/saada-paring\/\" target=\"_self\" class=\"btn btn-line-black btn-big\">request price offer<\/a>\n\t    \n<\/div><\/div><\/div><\/div><\/section>","protected":false},"excerpt":{"rendered":"Desinfitseerimine on meetmete kogum, mille eesm\u00e4rk on h\u00e4vitada nakkushaiguste patogeenid ja toksiinid v\u00e4liskeskkonna objektidel, et v\u00e4ltida nende sattumist inimese nahale, limaskestadele ja haavadele. See on \u00fcks nakkuste elimineerimise meetodeid. &nbsp; Midlise meeskond desinfitseerib erinevaid ruume allolevatel viisidel: Mehaaniline - n\u00e4eb ette saastunud mullakihi eemaldamise. F\u00fc\u00fcsiline - pindade t\u00f6\u00f6tlemine ultraviolettkiirgust kiirgavate lampide v\u00f5i gammakiirguse allikatega, linade, [...]","protected":false},"author":1,"featured_media":0,"parent":1459,"menu_order":0,"comment_status":"open","ping_status":"open","template":"page-templates\/template-fullwidth.php","meta":{"footnotes":""},"class_list":["post-1878","page","type-page","status-publish","hentry"],"_links":{"self":[{"href":"https:\/\/midlis.ee\/en\/wp-json\/wp\/v2\/pages\/1878","targetHints":{"allow":["GET"]}}],"collection":[{"href":"https:\/\/midlis.ee\/en\/wp-json\/wp\/v2\/pages"}],"about":[{"href":"https:\/\/midlis.ee\/en\/wp-json\/wp\/v2\/types\/page"}],"author":[{"embeddable":true,"href":"https:\/\/midlis.ee\/en\/wp-json\/wp\/v2\/users\/1"}],"replies":[{"embeddable":true,"href":"https:\/\/midlis.ee\/en\/wp-json\/wp\/v2\/comments?post=1878"}],"version-history":[{"count":0,"href":"https:\/\/midlis.ee\/en\/wp-json\/wp\/v2\/pages\/1878\/revisions"}],"up":[{"embeddable":true,"href":"https:\/\/midlis.ee\/en\/wp-json\/wp\/v2\/pages\/1459"}],"wp:attachment":[{"href":"https:\/\/midlis.ee\/en\/wp-json\/wp\/v2\/media?parent=1878"}],"curies":[{"name":"wp","href":"https:\/\/api.w.org\/{rel}","templated":true}]}}