{"id":1881,"date":"2021-08-05T14:33:46","date_gmt":"2021-08-05T14:33:46","guid":{"rendered":"https:\/\/midlis.ee\/?page_id=1881"},"modified":"2021-08-05T14:33:46","modified_gmt":"2021-08-05T14:33:46","slug":"korgsurvepesu","status":"publish","type":"page","link":"https:\/\/midlis.ee\/en\/teenused-ja-hinnad\/korgsurvepesu\/","title":{"rendered":"High pressure washing"},"content":{"rendered":"<section class=\"wpb_row vc_row-fluid\"><div class=\"container\"><div class=\"row\"><div class=\"wpb_column vc_column_container vc_col-sm-12\"><div class=\"vc_column-inner\"><div class=\"wpb_wrapper\"  >\n\t<div class=\"wpb_text_column wpb_content_element\" >\n\t\t<div class=\"wpb_wrapper\">\n\t\t\t<h4><span style=\"font-weight: 400;\">High pressure washing \u2013 is a good way to clean a wide range of various surfaces and materials from dirt that builds up over time.<\/span><\/h4>\n<p>&nbsp;<\/p>\n<p><span style=\"font-weight: 400;\">High pressure washing is a good way to get rid of things such as: dust, mold, algae, chalk, moss, salt stains and other similar substances. High pressure washing is a quick and stress-free way of cleaning relatively large surfaces. This is usually the \u201cgo-to\u201d solution in cases when you need to clean your roof from moss or your house walls from mold. Midlis has a team of trained professionals, who will be up to any task regardless of its complexity. We work only with the best equipment and will be able to work even with places that are difficult to reach.\u00a0<\/span><\/p>\n\n\t\t<\/div>\n\t<\/div>\n<\/div><\/div><\/div><\/div><\/div><\/section><section class=\"wpb_row vc_row-fluid call-to-action bg-color text-center vc_custom_1627899175684 no-padding\"><div class=\"row\"><div class=\"wpb_column vc_column_container vc_col-sm-12\"><div class=\"vc_column-inner\"><div class=\"wpb_wrapper\"  >\t\t\t\n\t<!-- Element: OT Button --> \n\t\t\t<a href=\"https:\/\/midlis.ee\/en\/saada-paring\/\" target=\"_self\" class=\"btn btn-line-black btn-big\">request price offer<\/a>\n\t    \n<\/div><\/div><\/div><\/div><\/section>","protected":false},"excerpt":{"rendered":"Vee survega pesu, on erinevate pindade ja materjalide pesu veega k\u00f5rge surve all ilma tolmu tekitamata. &nbsp; K\u00f5rgsurvepesu on vajalik tolmu, tahma, soolaladestuste, hallituse ja sambla eemaldamiseks. K\u00f5rgsurvepesur v\u00f5imaldab teil kiiresti ja t\u00f5husalt puhastada tohutut pinda erinevat t\u00fc\u00fcpi saastumisest. P\u00f5him\u00f5tteliselt on selline puhastus populaarne v\u00f5itluses katusel oleva sambla v\u00f5i seente saastumise vastu majade fassaadidel. Midlise [...]","protected":false},"author":1,"featured_media":0,"parent":1459,"menu_order":0,"comment_status":"open","ping_status":"open","template":"page-templates\/template-fullwidth.php","meta":{"footnotes":""},"class_list":["post-1881","page","type-page","status-publish","hentry"],"_links":{"self":[{"href":"https:\/\/midlis.ee\/en\/wp-json\/wp\/v2\/pages\/1881","targetHints":{"allow":["GET"]}}],"collection":[{"href":"https:\/\/midlis.ee\/en\/wp-json\/wp\/v2\/pages"}],"about":[{"href":"https:\/\/midlis.ee\/en\/wp-json\/wp\/v2\/types\/page"}],"author":[{"embeddable":true,"href":"https:\/\/midlis.ee\/en\/wp-json\/wp\/v2\/users\/1"}],"replies":[{"embeddable":true,"href":"https:\/\/midlis.ee\/en\/wp-json\/wp\/v2\/comments?post=1881"}],"version-history":[{"count":0,"href":"https:\/\/midlis.ee\/en\/wp-json\/wp\/v2\/pages\/1881\/revisions"}],"up":[{"embeddable":true,"href":"https:\/\/midlis.ee\/en\/wp-json\/wp\/v2\/pages\/1459"}],"wp:attachment":[{"href":"https:\/\/midlis.ee\/en\/wp-json\/wp\/v2\/media?parent=1881"}],"curies":[{"name":"wp","href":"https:\/\/api.w.org\/{rel}","templated":true}]}}