{"id":1883,"date":"2021-08-05T14:36:17","date_gmt":"2021-08-05T14:36:17","guid":{"rendered":"https:\/\/midlis.ee\/?page_id=1883"},"modified":"2021-08-05T14:36:17","modified_gmt":"2021-08-05T14:36:17","slug":"tekstiilpindade-tootlemine-kaitseainega","status":"publish","type":"page","link":"https:\/\/midlis.ee\/en\/teenused-ja-hinnad\/tekstiilpindade-tootlemine-kaitseainega\/","title":{"rendered":"Fabric protection solutions"},"content":{"rendered":"<section class=\"wpb_row vc_row-fluid\"><div class=\"container\"><div class=\"row\"><div class=\"wpb_column vc_column_container vc_col-sm-12\"><div class=\"vc_column-inner\"><div class=\"wpb_wrapper\"  >\n\t<div class=\"wpb_text_column wpb_content_element\" >\n\t\t<div class=\"wpb_wrapper\">\n\t\t\t<h4><span style=\"font-weight: 400;\">You can use a number of different fabric protection solutions, which will clean your furniture and protect it from stains, wearing out and getting dirty going forward.<\/span><\/h4>\n<p>&nbsp;<\/p>\n<p><span style=\"font-weight: 400;\">This protective layer is created by applying specialized protecting waxes and \/ or various protective polymer solutions. Inadequate use or cleaning products and protective solutions may potentially have a visible negative effect on your furniture.<\/span><\/p>\n<p><span style=\"font-weight: 400;\">This is why it is best to leave this to trained professionals \u2013 we will not use any more cleaning products than absolutely necessary.<\/span><\/p>\n\n\t\t<\/div>\n\t<\/div>\n<\/div><\/div><\/div><\/div><\/div><\/section><section class=\"wpb_row vc_row-fluid call-to-action bg-color text-center vc_custom_1627899175684 no-padding\"><div class=\"row\"><div class=\"wpb_column vc_column_container vc_col-sm-12\"><div class=\"vc_column-inner\"><div class=\"wpb_wrapper\"  >\t\t\t\n\t<!-- Element: OT Button --> \n\t\t\t<a href=\"https:\/\/midlis.ee\/en\/saada-paring\/\" target=\"_self\" class=\"btn btn-line-black btn-big\">request price offer<\/a>\n\t    \n<\/div><\/div><\/div><\/div><\/section>","protected":false},"excerpt":{"rendered":"Kaitseainega t\u00f6\u00f6tlemine tekitab mustust h\u00fclgava kihi. N\u00e4iteks toidu ja kohviplekke v\u00f5ib kaitstud pinnalt eemaldada niiskelt p\u00fchkides. Kaitseaine kantakse puhtale pinnal. Oluline on silmas pidada, et tekstiilis on suurem osa mustust pinnas sees ja ei ole n\u00e4ha, see on vaja eemaldada enne kaitseaine kasutamist. &nbsp; Kaitse ei ole igavene. Pinna mehaaniline kulutamine kulutab ka kaitseainet. Pesu [...]","protected":false},"author":1,"featured_media":0,"parent":1459,"menu_order":0,"comment_status":"open","ping_status":"open","template":"page-templates\/template-fullwidth.php","meta":{"footnotes":""},"class_list":["post-1883","page","type-page","status-publish","hentry"],"_links":{"self":[{"href":"https:\/\/midlis.ee\/en\/wp-json\/wp\/v2\/pages\/1883","targetHints":{"allow":["GET"]}}],"collection":[{"href":"https:\/\/midlis.ee\/en\/wp-json\/wp\/v2\/pages"}],"about":[{"href":"https:\/\/midlis.ee\/en\/wp-json\/wp\/v2\/types\/page"}],"author":[{"embeddable":true,"href":"https:\/\/midlis.ee\/en\/wp-json\/wp\/v2\/users\/1"}],"replies":[{"embeddable":true,"href":"https:\/\/midlis.ee\/en\/wp-json\/wp\/v2\/comments?post=1883"}],"version-history":[{"count":0,"href":"https:\/\/midlis.ee\/en\/wp-json\/wp\/v2\/pages\/1883\/revisions"}],"up":[{"embeddable":true,"href":"https:\/\/midlis.ee\/en\/wp-json\/wp\/v2\/pages\/1459"}],"wp:attachment":[{"href":"https:\/\/midlis.ee\/en\/wp-json\/wp\/v2\/media?parent=1883"}],"curies":[{"name":"wp","href":"https:\/\/api.w.org\/{rel}","templated":true}]}}