{"id":1885,"date":"2021-08-05T14:39:12","date_gmt":"2021-08-05T14:39:12","guid":{"rendered":"https:\/\/midlis.ee\/?page_id=1885"},"modified":"2021-08-05T14:39:27","modified_gmt":"2021-08-05T14:39:27","slug":"korstnapuhkimisteenused","status":"publish","type":"page","link":"https:\/\/midlis.ee\/en\/teenused-ja-hinnad\/korstnapuhkimisteenused\/","title":{"rendered":"Korstnap\u00fchkimisteenused"},"content":{"rendered":"<section class=\"wpb_row vc_row-fluid\"><div class=\"container\"><div class=\"row\"><div class=\"wpb_column vc_column_container vc_col-sm-12\"><div class=\"vc_column-inner\"><div class=\"wpb_wrapper\"  >\n\t<div class=\"wpb_text_column wpb_content_element\" >\n\t\t<div class=\"wpb_wrapper\">\n\t\t\t<h4 dir=\"ltr\">Et v\u00e4ltida probleemide teket k\u00fctte- ja ventilatsioonis\u00fcsteemis nagu t\u00f5mbe halvenemine, korstnal\u00f5\u00f5ri ning kanalite ummistus, korstna h\u00e4vimine, teostame selliseid t\u00f6id nagu:<\/h4>\n<p>&nbsp;<\/p>\n<ul>\n<li dir=\"ltr\" role=\"checkbox\" aria-level=\"1\" aria-checked=\"false\">\n<p dir=\"ltr\" role=\"presentation\">Probleemi diagnoosimine<\/p>\n<\/li>\n<li dir=\"ltr\" role=\"checkbox\" aria-level=\"1\" aria-checked=\"false\">\n<p dir=\"ltr\" role=\"presentation\">Torude, ventilatsioonikanalite, korstnal\u00f5\u00f5ri ja k\u00fctteseadmete puhastus.<\/p>\n<\/li>\n<li dir=\"ltr\" role=\"checkbox\" aria-level=\"1\" aria-checked=\"false\">\n<p dir=\"ltr\" role=\"presentation\">Korstnal\u00f5\u00f5ri remont. Puhastusluukide, \u00fchendustorude, roostevabast terasest vooderdiste ja fikseeritud katuseredelite paigaldus.<\/p>\n<\/li>\n<li dir=\"ltr\" role=\"checkbox\" aria-level=\"1\" aria-checked=\"false\">\n<p dir=\"ltr\" role=\"presentation\">Ventilatsiooni- ja suitsukanalite ummistuste k\u00f5rvaldamine. Vajalikud remondit\u00f6\u00f6d k\u00fcttes\u00fcsteemi auditi l\u00e4bimiseks.<\/p>\n<\/li>\n<\/ul>\n\n\t\t<\/div>\n\t<\/div>\n<\/div><\/div><\/div><\/div><\/div><\/section><section class=\"wpb_row vc_row-fluid call-to-action bg-color text-center vc_custom_1627899175684 no-padding\"><div class=\"row\"><div class=\"wpb_column vc_column_container vc_col-sm-12\"><div class=\"vc_column-inner\"><div class=\"wpb_wrapper\"  >\t\t\t\n\t<!-- Element: OT Button --> \n\t\t\t<a href=\"https:\/\/midlis.ee\/en\/saada-paring\/\" target=\"_self\" class=\"btn btn-line-black btn-big\">request price offer<\/a>\n\t    \n<\/div><\/div><\/div><\/div><\/section>","protected":false},"excerpt":{"rendered":"Et v\u00e4ltida probleemide teket k\u00fctte- ja ventilatsioonis\u00fcsteemis nagu t\u00f5mbe halvenemine, korstnal\u00f5\u00f5ri ning kanalite ummistus, korstna h\u00e4vimine, teostame selliseid t\u00f6id nagu: &nbsp; Probleemi diagnoosimine Torude, ventilatsioonikanalite, korstnal\u00f5\u00f5ri ja k\u00fctteseadmete puhastus. Korstnal\u00f5\u00f5ri remont. Puhastusluukide, \u00fchendustorude, roostevabast terasest vooderdiste ja fikseeritud katuseredelite paigaldus. Ventilatsiooni- ja suitsukanalite ummistuste k\u00f5rvaldamine. Vajalikud remondit\u00f6\u00f6d k\u00fcttes\u00fcsteemi auditi l\u00e4bimiseks. Saada oma p\u00e4ring","protected":false},"author":1,"featured_media":0,"parent":1459,"menu_order":0,"comment_status":"open","ping_status":"open","template":"page-templates\/template-fullwidth.php","meta":{"footnotes":""},"class_list":["post-1885","page","type-page","status-publish","hentry"],"_links":{"self":[{"href":"https:\/\/midlis.ee\/en\/wp-json\/wp\/v2\/pages\/1885","targetHints":{"allow":["GET"]}}],"collection":[{"href":"https:\/\/midlis.ee\/en\/wp-json\/wp\/v2\/pages"}],"about":[{"href":"https:\/\/midlis.ee\/en\/wp-json\/wp\/v2\/types\/page"}],"author":[{"embeddable":true,"href":"https:\/\/midlis.ee\/en\/wp-json\/wp\/v2\/users\/1"}],"replies":[{"embeddable":true,"href":"https:\/\/midlis.ee\/en\/wp-json\/wp\/v2\/comments?post=1885"}],"version-history":[{"count":0,"href":"https:\/\/midlis.ee\/en\/wp-json\/wp\/v2\/pages\/1885\/revisions"}],"up":[{"embeddable":true,"href":"https:\/\/midlis.ee\/en\/wp-json\/wp\/v2\/pages\/1459"}],"wp:attachment":[{"href":"https:\/\/midlis.ee\/en\/wp-json\/wp\/v2\/media?parent=1885"}],"curies":[{"name":"wp","href":"https:\/\/api.w.org\/{rel}","templated":true}]}}