{"id":1888,"date":"2021-08-05T14:42:41","date_gmt":"2021-08-05T14:42:41","guid":{"rendered":"https:\/\/midlis.ee\/?page_id=1888"},"modified":"2021-08-05T14:43:30","modified_gmt":"2021-08-05T14:43:30","slug":"lumepuhastus-katuselt","status":"publish","type":"page","link":"https:\/\/midlis.ee\/en\/teenused-ja-hinnad\/lumepuhastus-katuselt\/","title":{"rendered":"Snow removal from roofs"},"content":{"rendered":"<section class=\"wpb_row vc_row-fluid\"><div class=\"container\"><div class=\"row\"><div class=\"wpb_column vc_column_container vc_col-sm-12\"><div class=\"vc_column-inner\"><div class=\"wpb_wrapper\"  >\n\t<div class=\"wpb_text_column wpb_content_element\" >\n\t\t<div class=\"wpb_wrapper\">\n\t\t\t<h4><span style=\"font-weight: 400;\">Snow will be removed from the entire roof:<\/span><\/h4>\n<p><span style=\"font-weight: 400;\">First of all, snow masses will be removed following a complete removal of ice, water slopes and (if applicable) other similar elements will be also cleaned from snow and ice. Once our work is done you will have a roof free from snow and ice, so you will not have to worry about ice sliding down and falling off when it gets a bit warmer.<\/span><\/p>\n<h4><span style=\"font-weight: 400;\">Roof perimeter and ice sickles:<\/span><\/h4>\n<p><span style=\"font-weight: 400;\">We will clean the perimeter of your roof from snow and ice sickles. This includes a 1,5 meter area from your roof\u2019s edge and also covers the water slope \u2013 which is considered to be the most dangerous element due to the risk of falling ice. This approach will allow you to significantly cut costs and still have a good result \u2013 the overall working space will be ~10 times less, when dealing only with the perimeter compared to the entire roof.<\/span><\/p>\n\n\t\t<\/div>\n\t<\/div>\n<\/div><\/div><\/div><\/div><\/div><\/section><section class=\"wpb_row vc_row-fluid call-to-action bg-color text-center vc_custom_1627899175684 no-padding\"><div class=\"row\"><div class=\"wpb_column vc_column_container vc_col-sm-12\"><div class=\"vc_column-inner\"><div class=\"wpb_wrapper\"  >\t\t\t\n\t<!-- Element: OT Button --> \n\t\t\t<a href=\"https:\/\/midlis.ee\/en\/saada-paring\/\" target=\"_self\" class=\"btn btn-line-black btn-big\">request price offer<\/a>\n\t    \n<\/div><\/div><\/div><\/div><\/section>","protected":false},"excerpt":{"rendered":"Katuse t\u00e4ispuhastus: Lume- ja j\u00e4\u00e4massid eemaldatakse katuse harjast r\u00e4\u00e4stani, puhastatakse harjakate, kui katus on mitmetahuline, samuti vihmaveerennid ja k\u00f5ik muud detailid - \u00fches\u00f5naga kogu katusepind. Saate t\u00e4ielikult puhastatud katuse, millest ei ole oodata lumemasside, j\u00e4\u00e4 ega j\u00e4\u00e4purikate teke ohtu! Lume ja j\u00e4\u00e4purikate puhastamine perimeetri ulatuses: Katust puhastatakse perimeetri \u00fcmbruses, min ligikaudu 1,5m katuse servast. Sellesse [...]","protected":false},"author":1,"featured_media":0,"parent":1459,"menu_order":0,"comment_status":"open","ping_status":"open","template":"page-templates\/template-fullwidth.php","meta":{"footnotes":""},"class_list":["post-1888","page","type-page","status-publish","hentry"],"_links":{"self":[{"href":"https:\/\/midlis.ee\/en\/wp-json\/wp\/v2\/pages\/1888","targetHints":{"allow":["GET"]}}],"collection":[{"href":"https:\/\/midlis.ee\/en\/wp-json\/wp\/v2\/pages"}],"about":[{"href":"https:\/\/midlis.ee\/en\/wp-json\/wp\/v2\/types\/page"}],"author":[{"embeddable":true,"href":"https:\/\/midlis.ee\/en\/wp-json\/wp\/v2\/users\/1"}],"replies":[{"embeddable":true,"href":"https:\/\/midlis.ee\/en\/wp-json\/wp\/v2\/comments?post=1888"}],"version-history":[{"count":0,"href":"https:\/\/midlis.ee\/en\/wp-json\/wp\/v2\/pages\/1888\/revisions"}],"up":[{"embeddable":true,"href":"https:\/\/midlis.ee\/en\/wp-json\/wp\/v2\/pages\/1459"}],"wp:attachment":[{"href":"https:\/\/midlis.ee\/en\/wp-json\/wp\/v2\/media?parent=1888"}],"curies":[{"name":"wp","href":"https:\/\/api.w.org\/{rel}","templated":true}]}}