{"id":1894,"date":"2021-08-05T14:50:37","date_gmt":"2021-08-05T14:50:37","guid":{"rendered":"https:\/\/midlis.ee\/?page_id=1894"},"modified":"2021-08-05T14:50:50","modified_gmt":"2021-08-05T14:50:50","slug":"koka-rent","status":"publish","type":"page","link":"https:\/\/midlis.ee\/en\/teenused-ja-hinnad\/koka-rent\/","title":{"rendered":"Hire a chef"},"content":{"rendered":"<section class=\"wpb_row vc_row-fluid\"><div class=\"container\"><div class=\"row\"><div class=\"wpb_column vc_column_container vc_col-sm-12\"><div class=\"vc_column-inner\"><div class=\"wpb_wrapper\"  >\n\t<div class=\"wpb_text_column wpb_content_element\" >\n\t\t<div class=\"wpb_wrapper\">\n\t\t\t<h4><span style=\"font-weight: 400;\">Booking a chef is lately becoming increasingly popular \u2013 we are glad that in addition to our professional cleaning services we can also offer tasty meals at your home. You can come home to a clean house or apartment, where all rooms are tidy and fresh to enjoy a tasty dinner without having to spend your time and energy on cooking it yourself.\u00a0<\/span><\/h4>\n<p>&nbsp;<\/p>\n<p><span style=\"font-weight: 400;\">Midlis has a resident chef with years of experience, who is professionally trained and certified \u2013 this allows us to guarantee a high-quality service.<\/span><\/p>\n<p><span style=\"font-weight: 400;\">\u201cHire a chef\u201d has to be booked at least three days in advance \u2013 you will need to email us the dish, which you would like us to cook, the time and date when you would like to have it served and your address. The maximum time, which our chef can be available for is 6 hours \u2013 this time includes making minor purchases, preparing your kitchen, cooking and cleaning after the job is done.\u00a0<\/span><\/p>\n\n\t\t<\/div>\n\t<\/div>\n<\/div><\/div><\/div><\/div><\/div><\/section><section class=\"wpb_row vc_row-fluid call-to-action bg-color text-center vc_custom_1627899175684 no-padding\"><div class=\"row\"><div class=\"wpb_column vc_column_container vc_col-sm-12\"><div class=\"vc_column-inner\"><div class=\"wpb_wrapper\"  >\t\t\t\n\t<!-- Element: OT Button --> \n\t\t\t<a href=\"https:\/\/midlis.ee\/en\/saada-paring\/\" target=\"_self\" class=\"btn btn-line-black btn-big\">request price offer<\/a>\n\t    \n<\/div><\/div><\/div><\/div><\/section>","protected":false},"excerpt":{"rendered":"See teenus on t\u00e4nap\u00e4eval \u00fcha populaarsemaks muutumas. Pakume klientidele mitte ainult professionaalset puhastust, vaid ka maitsva s\u00f6\u00f6gi valmistamise teenust oma kodu k\u00f6\u00f6gis. V\u00f5ib-olla on meie kliendil mugav tulla s\u00e4rama l\u00f6\u00f6dud koju ja nautida v\u00e4rskelt valminud maitsvat \u00f5htus\u00f6\u00f6ki, kulutamata sellele oma v\u00e4\u00e4rtusliku aega.\u00a0 &nbsp; Midlise meeskonnas teeb t\u00f6\u00f6d professionaalse v\u00e4lja\u00f5ppe saanud ja suure kogemuste pagasiga kokk. [...]","protected":false},"author":1,"featured_media":0,"parent":1459,"menu_order":0,"comment_status":"open","ping_status":"open","template":"page-templates\/template-fullwidth.php","meta":{"footnotes":""},"class_list":["post-1894","page","type-page","status-publish","hentry"],"_links":{"self":[{"href":"https:\/\/midlis.ee\/en\/wp-json\/wp\/v2\/pages\/1894","targetHints":{"allow":["GET"]}}],"collection":[{"href":"https:\/\/midlis.ee\/en\/wp-json\/wp\/v2\/pages"}],"about":[{"href":"https:\/\/midlis.ee\/en\/wp-json\/wp\/v2\/types\/page"}],"author":[{"embeddable":true,"href":"https:\/\/midlis.ee\/en\/wp-json\/wp\/v2\/users\/1"}],"replies":[{"embeddable":true,"href":"https:\/\/midlis.ee\/en\/wp-json\/wp\/v2\/comments?post=1894"}],"version-history":[{"count":0,"href":"https:\/\/midlis.ee\/en\/wp-json\/wp\/v2\/pages\/1894\/revisions"}],"up":[{"embeddable":true,"href":"https:\/\/midlis.ee\/en\/wp-json\/wp\/v2\/pages\/1459"}],"wp:attachment":[{"href":"https:\/\/midlis.ee\/en\/wp-json\/wp\/v2\/media?parent=1894"}],"curies":[{"name":"wp","href":"https:\/\/api.w.org\/{rel}","templated":true}]}}