{"id":1897,"date":"2021-08-05T14:52:52","date_gmt":"2021-08-05T14:52:52","guid":{"rendered":"https:\/\/midlis.ee\/?page_id=1897"},"modified":"2021-08-05T14:52:52","modified_gmt":"2021-08-05T14:52:52","slug":"lemmikloomade-paeva-oo-nadalahoid-kuni-14-paeva","status":"publish","type":"page","link":"https:\/\/midlis.ee\/en\/teenused-ja-hinnad\/lemmikloomade-paeva-oo-nadalahoid-kuni-14-paeva\/","title":{"rendered":"Pet daycare and accommodation up to 14 days"},"content":{"rendered":"<section class=\"wpb_row vc_row-fluid\"><div class=\"container\"><div class=\"row\"><div class=\"wpb_column vc_column_container vc_col-sm-12\"><div class=\"vc_column-inner\"><div class=\"wpb_wrapper\"  >\n\t<div class=\"wpb_text_column wpb_content_element\" >\n\t\t<div class=\"wpb_wrapper\">\n\t\t\t<h4><span style=\"font-weight: 400;\">This service is designed for all kinds of cats, dogs (excluding bigger breeds), all kinds of parrots, rabbits and Guinea pigs.<\/span><\/h4>\n<p>&nbsp;<\/p>\n<p><span style=\"font-weight: 400;\">Midlis offers:<\/span><\/p>\n<ul>\n<li style=\"font-weight: 400;\" aria-level=\"1\" aria-checked=\"false\"><span style=\"font-weight: 400;\">A person, who will walk your dog on a regular basis (conditions to be discussed individually).<\/span><\/li>\n<li style=\"font-weight: 400;\" aria-level=\"1\" aria-checked=\"false\"><span style=\"font-weight: 400;\">Take your pet to farm outside of town, while you are away on vacation (conditions to be discussed individually). All your pet\u2019s daily needs will be taken care of, this includes daily video and photo reports.<\/span><\/li>\n<\/ul>\n<p><b>NB!\u00a0<\/b><\/p>\n<p><span style=\"font-weight: 400;\">You will not be held responsible in case of any property damage, while your pet is with us \u2013 we will take care of this.<\/span><\/p>\n<p><span style=\"font-weight: 400;\">Any additional things or equipment your pet needs should be provided by you.<\/span><\/p>\n<p><span style=\"font-weight: 400;\">In case of an emergency, where medical assistance is required \u2013 Midlis works closely together with a 24\/7 vet clinic.\u00a0<\/span><\/p>\n\n\t\t<\/div>\n\t<\/div>\n<\/div><\/div><\/div><\/div><\/div><\/section><section class=\"wpb_row vc_row-fluid call-to-action bg-color text-center vc_custom_1627899175684 no-padding\"><div class=\"row\"><div class=\"wpb_column vc_column_container vc_col-sm-12\"><div class=\"vc_column-inner\"><div class=\"wpb_wrapper\"  >\t\t\t\n\t<!-- Element: OT Button --> \n\t\t\t<a href=\"https:\/\/midlis.ee\/en\/saada-paring\/\" target=\"_self\" class=\"btn btn-line-black btn-big\">request price offer<\/a>\n\t    \n<\/div><\/div><\/div><\/div><\/section>","protected":false},"excerpt":{"rendered":"Teenus on m\u00f5eldud lemmikloomadele nagu kassid (k\u00f5ik t\u00f5ud), koerad (v.a. v\u00f5istlust\u00f5ud), papagoid (k\u00f5ik t\u00f5ud), k\u00fc\u00fclikud ja merisead. &nbsp; Midlis pakub: Isikut, kes jalutab teie lemmiklooma (tingimused kokkuleppel) Teie lemmiklooma viimist maale tallu (tingimused samuti kokkuleppel) teie puhkuse ajaks. Teenus sisaldab looma t\u00e4ieliku hooldust, igap\u00e4evast video- ja fotoreportaa\u017ei. NB!\u00a0 Klient ei vastuta lemmiklooma p\u00f5hjustatud vara kahjustuse [...]","protected":false},"author":1,"featured_media":0,"parent":1459,"menu_order":0,"comment_status":"open","ping_status":"open","template":"page-templates\/template-fullwidth.php","meta":{"footnotes":""},"class_list":["post-1897","page","type-page","status-publish","hentry"],"_links":{"self":[{"href":"https:\/\/midlis.ee\/en\/wp-json\/wp\/v2\/pages\/1897","targetHints":{"allow":["GET"]}}],"collection":[{"href":"https:\/\/midlis.ee\/en\/wp-json\/wp\/v2\/pages"}],"about":[{"href":"https:\/\/midlis.ee\/en\/wp-json\/wp\/v2\/types\/page"}],"author":[{"embeddable":true,"href":"https:\/\/midlis.ee\/en\/wp-json\/wp\/v2\/users\/1"}],"replies":[{"embeddable":true,"href":"https:\/\/midlis.ee\/en\/wp-json\/wp\/v2\/comments?post=1897"}],"version-history":[{"count":0,"href":"https:\/\/midlis.ee\/en\/wp-json\/wp\/v2\/pages\/1897\/revisions"}],"up":[{"embeddable":true,"href":"https:\/\/midlis.ee\/en\/wp-json\/wp\/v2\/pages\/1459"}],"wp:attachment":[{"href":"https:\/\/midlis.ee\/en\/wp-json\/wp\/v2\/media?parent=1897"}],"curies":[{"name":"wp","href":"https:\/\/api.w.org\/{rel}","templated":true}]}}