{"id":1902,"date":"2021-08-05T15:06:20","date_gmt":"2021-08-05T15:06:20","guid":{"rendered":"https:\/\/midlis.ee\/?page_id=1902"},"modified":"2021-08-05T15:06:26","modified_gmt":"2021-08-05T15:06:26","slug":"reeglid","status":"publish","type":"page","link":"https:\/\/midlis.ee\/en\/reeglid\/","title":{"rendered":"Terms of service"},"content":{"rendered":"<section class=\"wpb_row vc_row-fluid\"><div class=\"container\"><div class=\"row\"><div class=\"wpb_column vc_column_container vc_col-sm-12\"><div class=\"vc_column-inner vc_custom_1627899154216\"><div class=\"wpb_wrapper\"  >\n\t<div class=\"wpb_text_column wpb_content_element\" >\n\t\t<div class=\"wpb_wrapper\">\n\t\t\t<ol>\n<li><span style=\"font-weight: 400;\">You can open a dispute within 12 hours after cleaning is finished. Disputes are opened and reviewed on the basis of photos.\u00a0<\/span><\/li>\n<li><span style=\"font-weight: 400;\">A free cancellation can be done no later than 24 hours before the booked cleaning, otherwise 30% of the total price has to be paid.<\/span><\/li>\n<li><span style=\"font-weight: 400;\">Midlis is not a taxable company.<\/span><\/li>\n<li><span style=\"font-weight: 400;\">When our services are provided outside of Tallinn - a transportation fee of 0.70 EUR is added to the overall price.<\/span><\/li>\n<\/ol>\n<p><span style=\"font-weight: 400;\">If a bill is unpaid for over 2 months - Midlis has the right to take legal action.<\/span><\/p>\n<p><span style=\"font-weight: 400;\">Parking has to be provided by the client.<\/span><\/p>\n\n\t\t<\/div>\n\t<\/div>\n<\/div><\/div><\/div><\/div><\/div><\/section><section class=\"wpb_row vc_row-fluid call-to-action bg-color text-center vc_custom_1442204650520 no-padding\"><div class=\"row\"><div class=\"wpb_column vc_column_container vc_col-sm-12\"><div class=\"vc_column-inner\"><div class=\"wpb_wrapper\"  >\t\t\t\n\t<!-- Element: OT Button --> \n\t\t\t<a href=\"https:\/\/midlis.ee\/en\/saada-paring\/\" target=\"_self\" class=\"btn btn-line-black btn-big\">request price offer<\/a>\n\t    \n<\/div><\/div><\/div><\/div><\/section>","protected":false},"excerpt":{"rendered":"Pretensioone tehtud t\u00f6\u00f6 eest saab esitada esimese 12 tunni jooksul peale puhastusteenuse osutamist, tehtud piltide alusel.\u00a0 Tellimuse t\u00fchistamine tuleb esitada hiljemalt 24h enne kokkulepitud kuup\u00e4eva, vastasel juhul v\u00e4ljastab ettev\u00f5tte 30% teenuse v\u00e4\u00e4rtuses arve. Ettev\u00f5tte Midlis on k\u00e4ibemaksu mittekohuslane. V\u00e4ljaspool Tallinna asuvate objektide puhul lisandub hinnale v\u00e4ljas\u00f5idu tasu summas 0.7\u20ac\/km * Arvete mitte maksmisel 2 kuu [...]","protected":false},"author":1,"featured_media":0,"parent":0,"menu_order":0,"comment_status":"open","ping_status":"open","template":"page-templates\/template-fullwidth.php","meta":{"footnotes":""},"class_list":["post-1902","page","type-page","status-publish","hentry"],"_links":{"self":[{"href":"https:\/\/midlis.ee\/en\/wp-json\/wp\/v2\/pages\/1902","targetHints":{"allow":["GET"]}}],"collection":[{"href":"https:\/\/midlis.ee\/en\/wp-json\/wp\/v2\/pages"}],"about":[{"href":"https:\/\/midlis.ee\/en\/wp-json\/wp\/v2\/types\/page"}],"author":[{"embeddable":true,"href":"https:\/\/midlis.ee\/en\/wp-json\/wp\/v2\/users\/1"}],"replies":[{"embeddable":true,"href":"https:\/\/midlis.ee\/en\/wp-json\/wp\/v2\/comments?post=1902"}],"version-history":[{"count":0,"href":"https:\/\/midlis.ee\/en\/wp-json\/wp\/v2\/pages\/1902\/revisions"}],"wp:attachment":[{"href":"https:\/\/midlis.ee\/en\/wp-json\/wp\/v2\/media?parent=1902"}],"curies":[{"name":"wp","href":"https:\/\/api.w.org\/{rel}","templated":true}]}}