{"id":256,"date":"2015-07-27T04:50:39","date_gmt":"2015-07-27T04:50:39","guid":{"rendered":"http:\/\/demo.oceanthemes.net\/archi\/?page_id=256"},"modified":"2025-09-21T18:20:54","modified_gmt":"2025-09-21T18:20:54","slug":"saada-paring","status":"publish","type":"page","link":"https:\/\/midlis.ee\/en\/saada-paring\/","title":{"rendered":"request price offer"},"content":{"rendered":"<section class=\"wpb_row vc_row-fluid vc_custom_1477301848207\"><div class=\"container\"><div class=\"row\"><div class=\"wpb_column vc_column_container vc_col-sm-12\"><div class=\"vc_column-inner vc_custom_1628144787154\"><div class=\"wpb_wrapper\"  >\n\t<!-- Element: OT Heading --> \t \n\t<h3 class=\"ot_custom_heading\" style=\"\" >request price offer<\/h3>\t\n<div class=\"vc_empty_space\"   style=\"height: 10px\"><span class=\"vc_empty_space_inner\"><\/span><\/div>\n\t<div class=\"wpb_text_column wpb_content_element\" >\n\t\t<div class=\"wpb_wrapper\">\n\t\t\t<div class=\"forminator-ui forminator-custom-form forminator-custom-form-1209 forminator-design--default  forminator_ajax\" data-forminator-render=\"0\" data-form=\"forminator-module-1209\" data-uid=\"69eb573013a43\"><br\/><\/div><form\n\t\t\t\tid=\"forminator-module-1209\"\n\t\t\t\tclass=\"forminator-ui forminator-custom-form forminator-custom-form-1209 forminator-design--default  forminator_ajax\"\n\t\t\t\tmethod=\"post\"\n\t\t\t\tdata-forminator-render=\"0\"\n\t\t\t\tdata-form-id=\"1209\"\n\t\t\t\t\n\t\t\t\tdata-design=\"default\"\n\t\t\t\tdata-color-option=\"default\"\n\t\t\t\t\n\t\t\t\t\n\t\t\t\t\n\t\t\t\tdata-grid=\"open\"\n\t\t\t\tenctype=\"multipart\/form-data\"\n\t\t\t\t\n\t\t\t\tstyle=\"display: none;\"\n\t\t\t\t\n\t\t\t\tdata-uid=\"69eb573013a43\" action=\"\"\n\t\t\t><div role=\"alert\" aria-live=\"polite\" class=\"forminator-response-message forminator-error\" aria-hidden=\"true\"><\/div><div class=\"forminator-row\"><div id=\"name-1\" class=\"forminator-field-name forminator-col forminator-col-4\"><div class=\"forminator-row forminator-no-margin\" data-multiple=\"true\"><div class=\"forminator-col forminator-col-md-6\"><div class=\"forminator-field\"><label for=\"forminator-field-first-name-1_69eb573013a43\" id=\"forminator-field-first-name-1_69eb573013a43-label\" class=\"forminator-label\">Firs and second name <span class=\"forminator-required\">*<\/span><\/label><input type=\"text\" name=\"name-1-first-name\" placeholder=\"\" id=\"forminator-field-first-name-1_69eb573013a43\" class=\"forminator-input\" aria-required=\"true\" data-multi=\"1\" value=\"\" \/><\/div><\/div><\/div><\/div><div id=\"email-1\" class=\"forminator-field-email forminator-col forminator-col-4\"><div class=\"forminator-field\"><label for=\"forminator-field-email-1_69eb573013a43\" id=\"forminator-field-email-1_69eb573013a43-label\" class=\"forminator-label\">E-mail <span class=\"forminator-required\">*<\/span><\/label><input type=\"email\" name=\"email-1\" value=\"\" placeholder=\"\" id=\"forminator-field-email-1_69eb573013a43\" class=\"forminator-input forminator-email--field\" data-required=\"true\" aria-required=\"true\" \/><\/div><\/div><div id=\"phone-1\" class=\"forminator-field-phone forminator-col forminator-col-4\"><div class=\"forminator-field\"><label for=\"forminator-field-phone-1_69eb573013a43\" id=\"forminator-field-phone-1_69eb573013a43-label\" class=\"forminator-label\">Phone <span class=\"forminator-required\">*<\/span><\/label><input type=\"text\" name=\"phone-1\" value=\"\" placeholder=\"\" id=\"forminator-field-phone-1_69eb573013a43\" class=\"forminator-input forminator-field--phone\" data-required=\"1\" aria-required=\"true\" autocomplete=\"off\" data-validation=\"1\" \/><\/div><\/div><\/div><div class=\"forminator-row\"><div id=\"date-1\" class=\"forminator-field-date forminator-col forminator-col-6\"><div class=\"forminator-field\"><label for=\"forminator-field-date-1-picker_69eb573013a43\" id=\"forminator-field-date-1-picker_69eb573013a43-label\" class=\"forminator-label\">Exepted date<\/label><input autocomplete=\"off\" type=\"text\" size=\"1\" name=\"date-1\" value=\"\" placeholder=\"\" id=\"forminator-field-date-1-picker_69eb573013a43\" class=\"forminator-input forminator-datepicker\" data-required=\"\" data-format=\"dd-mm-yy\" data-restrict-type=\"\" data-restrict=\"\" data-start-year=\"1926\" data-end-year=\"2126\" data-past-dates=\"enable\" data-start-of-week=\"1\" data-start-date=\"\" data-end-date=\"\" data-start-field=\"\" data-end-field=\"\" data-start-offset=\"\" data-end-offset=\"\" data-disable-date=\"\" data-disable-range=\"\" \/><\/div><\/div><div id=\"text-1\" class=\"forminator-field-text forminator-col forminator-col-6\"><div class=\"forminator-field\"><label for=\"forminator-field-text-1_69eb573013a43\" id=\"forminator-field-text-1_69eb573013a43-label\" class=\"forminator-label\">Address<\/label><input type=\"text\" name=\"text-1\" value=\"\" placeholder=\"\" id=\"forminator-field-text-1_69eb573013a43\" class=\"forminator-input forminator-name--field\" data-required=\"\" \/><\/div><\/div><\/div><div class=\"forminator-row\"><div id=\"text-2\" class=\"forminator-field-text forminator-col forminator-col-12\"><div class=\"forminator-field\"><label for=\"forminator-field-text-2_69eb573013a43\" id=\"forminator-field-text-2_69eb573013a43-label\" class=\"forminator-label\">Do you have a parking place?<\/label><input type=\"text\" name=\"text-2\" value=\"\" placeholder=\"\" id=\"forminator-field-text-2_69eb573013a43\" class=\"forminator-input forminator-name--field\" data-required=\"\" \/><\/div><\/div><\/div><div class=\"forminator-row\"><div id=\"checkbox-1\" class=\"forminator-field-checkbox forminator-col forminator-col-6\"><div role=\"group\" class=\"forminator-field\" aria-labelledby=\"forminator-checkbox-group-forminator-field-checkbox-1-69eb573013a43-label\"><span id=\"forminator-checkbox-group-forminator-field-checkbox-1-69eb573013a43-label\" class=\"forminator-label\">Services<\/span><label id=\"forminator-field-checkbox-1-1-69eb573013a43-label\" for=\"forminator-field-checkbox-1-1-69eb573013a43\" class=\"forminator-checkbox\" title=\"Apartments and houses regular cleaning\"><input type=\"checkbox\" name=\"checkbox-1[]\" value=\"eramajadekorterite-koristus-hooldus-koristus\" id=\"forminator-field-checkbox-1-1-69eb573013a43\" aria-labelledby=\"forminator-field-checkbox-1-1-69eb573013a43-label\" data-calculation=\"0\"  \/><span class=\"forminator-checkbox-box\" aria-hidden=\"true\"><\/span><span class=\"forminator-checkbox-label\">Apartments and houses regular cleaning<\/span><\/label><label id=\"forminator-field-checkbox-1-2-69eb573013a43-label\" for=\"forminator-field-checkbox-1-2-69eb573013a43\" class=\"forminator-checkbox\" title=\"Apartments and houses general cleaning\"><input type=\"checkbox\" name=\"checkbox-1[]\" value=\"eramajadekorterite-koristus-suur-puhastus\" id=\"forminator-field-checkbox-1-2-69eb573013a43\" aria-labelledby=\"forminator-field-checkbox-1-2-69eb573013a43-label\" data-calculation=\"0\"  \/><span class=\"forminator-checkbox-box\" aria-hidden=\"true\"><\/span><span class=\"forminator-checkbox-label\">Apartments and houses general cleaning<\/span><\/label><label id=\"forminator-field-checkbox-1-3-69eb573013a43-label\" for=\"forminator-field-checkbox-1-3-69eb573013a43\" class=\"forminator-checkbox\" title=\"Windows, shop windows and mirrors washing\"><input type=\"checkbox\" name=\"checkbox-1[]\" value=\"akende-pesemine\" id=\"forminator-field-checkbox-1-3-69eb573013a43\" aria-labelledby=\"forminator-field-checkbox-1-3-69eb573013a43-label\" data-calculation=\"0\"  \/><span class=\"forminator-checkbox-box\" aria-hidden=\"true\"><\/span><span class=\"forminator-checkbox-label\">Windows, shop windows and mirrors washing<\/span><\/label><label id=\"forminator-field-checkbox-1-4-69eb573013a43-label\" for=\"forminator-field-checkbox-1-4-69eb573013a43\" class=\"forminator-checkbox\" title=\"Office cleaning\"><input type=\"checkbox\" name=\"checkbox-1[]\" value=\"kontoriterikeskuste-koristus\" id=\"forminator-field-checkbox-1-4-69eb573013a43\" aria-labelledby=\"forminator-field-checkbox-1-4-69eb573013a43-label\" data-calculation=\"0\"  \/><span class=\"forminator-checkbox-box\" aria-hidden=\"true\"><\/span><span class=\"forminator-checkbox-label\">Office cleaning<\/span><\/label><label id=\"forminator-field-checkbox-1-5-69eb573013a43-label\" for=\"forminator-field-checkbox-1-5-69eb573013a43\" class=\"forminator-checkbox\" title=\"Gardening and lawn mowing services\"><input type=\"checkbox\" name=\"checkbox-1[]\" value=\"aia-ja-terrassi-hooldamine\" id=\"forminator-field-checkbox-1-5-69eb573013a43\" aria-labelledby=\"forminator-field-checkbox-1-5-69eb573013a43-label\" data-calculation=\"0\"  \/><span class=\"forminator-checkbox-box\" aria-hidden=\"true\"><\/span><span class=\"forminator-checkbox-label\">Gardening and lawn mowing services<\/span><\/label><label id=\"forminator-field-checkbox-1-6-69eb573013a43-label\" for=\"forminator-field-checkbox-1-6-69eb573013a43\" class=\"forminator-checkbox\" title=\"Furnite and textile dry cleaning\"><input type=\"checkbox\" name=\"checkbox-1[]\" value=\"mbli-tekstiilikeemiline-puhastus\" id=\"forminator-field-checkbox-1-6-69eb573013a43\" aria-labelledby=\"forminator-field-checkbox-1-6-69eb573013a43-label\" data-calculation=\"0\"  \/><span class=\"forminator-checkbox-box\" aria-hidden=\"true\"><\/span><span class=\"forminator-checkbox-label\">Furnite and textile dry cleaning<\/span><\/label><label id=\"forminator-field-checkbox-1-7-69eb573013a43-label\" for=\"forminator-field-checkbox-1-7-69eb573013a43\" class=\"forminator-checkbox\" title=\"Laundry care service (washing, ironing and dry cleaning)\"><input type=\"checkbox\" name=\"checkbox-1[]\" value=\"riietevoodipesupesemine-triikiminekeemiline-puhastus\" id=\"forminator-field-checkbox-1-7-69eb573013a43\" aria-labelledby=\"forminator-field-checkbox-1-7-69eb573013a43-label\" data-calculation=\"0\"  \/><span class=\"forminator-checkbox-box\" aria-hidden=\"true\"><\/span><span class=\"forminator-checkbox-label\">Laundry care service (washing, ironing and dry cleaning)<\/span><\/label><label id=\"forminator-field-checkbox-1-8-69eb573013a43-label\" for=\"forminator-field-checkbox-1-8-69eb573013a43\" class=\"forminator-checkbox\" title=\"Outdoor Janitorial Services and Apartment Building Cleaning\"><input type=\"checkbox\" name=\"checkbox-1[]\" value=\"majahoidja-teenused\" id=\"forminator-field-checkbox-1-8-69eb573013a43\" aria-labelledby=\"forminator-field-checkbox-1-8-69eb573013a43-label\" data-calculation=\"0\"  \/><span class=\"forminator-checkbox-box\" aria-hidden=\"true\"><\/span><span class=\"forminator-checkbox-label\">Outdoor Janitorial Services and Apartment Building Cleaning<\/span><\/label><label id=\"forminator-field-checkbox-1-9-69eb573013a43-label\" for=\"forminator-field-checkbox-1-9-69eb573013a43\" class=\"forminator-checkbox\" title=\"Post-construction cleaning\"><input type=\"checkbox\" name=\"checkbox-1[]\" value=\"ehitusejrgne-koristus\" id=\"forminator-field-checkbox-1-9-69eb573013a43\" aria-labelledby=\"forminator-field-checkbox-1-9-69eb573013a43-label\" data-calculation=\"0\"  \/><span class=\"forminator-checkbox-box\" aria-hidden=\"true\"><\/span><span class=\"forminator-checkbox-label\">Post-construction cleaning<\/span><\/label><label id=\"forminator-field-checkbox-1-10-69eb573013a43-label\" for=\"forminator-field-checkbox-1-10-69eb573013a43\" class=\"forminator-checkbox\" title=\"High pressure washing\"><input type=\"checkbox\" name=\"checkbox-1[]\" value=\"krgsurve-puhastus\" id=\"forminator-field-checkbox-1-10-69eb573013a43\" aria-labelledby=\"forminator-field-checkbox-1-10-69eb573013a43-label\" data-calculation=\"0\"  \/><span class=\"forminator-checkbox-box\" aria-hidden=\"true\"><\/span><span class=\"forminator-checkbox-label\">High pressure washing<\/span><\/label><label id=\"forminator-field-checkbox-1-11-69eb573013a43-label\" for=\"forminator-field-checkbox-1-11-69eb573013a43\" class=\"forminator-checkbox\" title=\"Disinfection and steam cleaning service\"><input type=\"checkbox\" name=\"checkbox-1[]\" value=\"ruumide-desinfektsioon-aurupuhastajaga-pesemine\" id=\"forminator-field-checkbox-1-11-69eb573013a43\" aria-labelledby=\"forminator-field-checkbox-1-11-69eb573013a43-label\" data-calculation=\"0\"  \/><span class=\"forminator-checkbox-box\" aria-hidden=\"true\"><\/span><span class=\"forminator-checkbox-label\">Disinfection and steam cleaning service<\/span><\/label><\/div><\/div><div id=\"number-1\" class=\"forminator-field-number forminator-col forminator-col-6\"><div class=\"forminator-field\"><label for=\"forminator-field-number-1_69eb573013a43\" id=\"forminator-field-number-1_69eb573013a43-label\" class=\"forminator-label\">Area size in m2<\/label><input name=\"number-1\" value=\"\" placeholder=\"\" id=\"forminator-field-number-1_69eb573013a43\" class=\"forminator-input forminator-number--field\" inputmode=\"decimal\" data-required=\"\" data-decimals=\"0\" aria-required=\"false\" data-inputmask=\"&#039;groupSeparator&#039;: &#039;&#039;, &#039;radixPoint&#039;: &#039;&#039;, &#039;digits&#039;: &#039;0&#039;\" type=\"number\" step=\"any\" min=\"1\" max=\"10000\" \/><\/div><\/div><\/div><div class=\"forminator-row\"><div id=\"radio-1\" class=\"forminator-field-radio forminator-col forminator-col-12\"><div role=\"radiogroup\" class=\"forminator-field\" aria-labelledby=\"forminator-radiogroup-radio-1-69eb573013a43-label\"><span id=\"forminator-radiogroup-radio-1-69eb573013a43-label\" class=\"forminator-label\">Do you want to get one time cleaning or regular services?<\/span><label id=\"forminator-field-radio-1-label-1\" for=\"forminator-field-radio-1-1-69eb573013a43\" class=\"forminator-radio\" title=\"One time cleaning\"><input type=\"radio\" name=\"radio-1\" value=\"hekordset\" id=\"forminator-field-radio-1-1-69eb573013a43\" aria-labelledby=\"forminator-field-radio-1-label-1\" data-calculation=\"0\"  \/><span class=\"forminator-radio-bullet\" aria-hidden=\"true\"><\/span><span class=\"forminator-radio-label\">One time cleaning<\/span><\/label><label id=\"forminator-field-radio-1-label-2\" for=\"forminator-field-radio-1-2-69eb573013a43\" class=\"forminator-radio\" title=\"Regular services\"><input type=\"radio\" name=\"radio-1\" value=\"regulaarset\" id=\"forminator-field-radio-1-2-69eb573013a43\" aria-labelledby=\"forminator-field-radio-1-label-2\" data-calculation=\"0\"  \/><span class=\"forminator-radio-bullet\" aria-hidden=\"true\"><\/span><span class=\"forminator-radio-label\">Regular services<\/span><\/label><\/div><\/div><\/div><div class=\"forminator-row\"><div id=\"textarea-1\" class=\"forminator-field-textarea forminator-col forminator-col-12\"><div class=\"forminator-field\"><label for=\"forminator-field-textarea-1_69eb573013a43\" id=\"forminator-field-textarea-1_69eb573013a43-label\" class=\"forminator-label\">Yours message<\/label><textarea name=\"textarea-1\" placeholder=\"\" id=\"forminator-field-textarea-1_69eb573013a43\" class=\"forminator-textarea\" rows=\"6\" style=\"min-height:140px;\" ><\/textarea><span id=\"forminator-field-textarea-1_69eb573013a43-description\" class=\"forminator-description\"><span data-limit=\"250\" data-type=\"words\" data-editor=\"\">0 \/ 250<\/span><\/span><\/div><\/div><\/div><div class=\"forminator-row\"><div id=\"upload-1\" class=\"forminator-field-upload forminator-col forminator-col-12\"><div class=\"forminator-field\"><label for=\"forminator-field-upload-1_69eb573013a43\" id=\"forminator-field-upload-1_69eb573013a43-label\" class=\"forminator-label\">Please, provide photos to the most accurate price offer, Thank you!<\/label><div class=\"forminator-multi-upload\" data-element=\"upload-1_69eb573013a43\"><input type=\"file\" name=\"upload-1[]\" id=\"forminator-field-upload-1_69eb573013a43\" class=\"forminator-input-file forminator-field-upload-1_69eb573013a43-1209\" multiple=\"multiple\" data-method=\"ajax\" data-size=\"8000000\" data-size-message=\"Maximum file size allowed is 8 MB. \"><div class=\"forminator-multi-upload-message\" aria-hidden=\"true\"><span class=\"forminator-icon-upload\" aria-hidden=\"true\"><\/span><p>Drag and Drop (or) <a class=\"forminator-upload-file--forminator-field-upload-1_69eb573013a43\" href=\"#\" onclick=\"return false;\">Choose Files<\/a><\/p><\/div><\/div><ul class=\"forminator-uploaded-files upload-container-upload-1_69eb573013a43\"><\/ul><\/div><\/div><\/div><div class=\"forminator-row\"><\/div><div class=\"forminator-row\"><div id=\"gdprcheckbox-1\" class=\"forminator-field-gdprcheckbox forminator-col forminator-col-12\"><div class=\"forminator-field\"><label for=\"forminator-field-gdprcheckbox-1_69eb573013a43\" class=\"forminator-checkbox\"><input type=\"checkbox\" name=\"gdprcheckbox-1\" value=\"true\" id=\"forminator-field-gdprcheckbox-1_69eb573013a43\" data-required=\"true\" aria-required=\"true\" \/><span class=\"forminator-checkbox-box\" aria-hidden=\"true\"><\/span><span class=\"forminator-checkbox-label\">Olen n\u00f5us privaatsuspoliitika ja tingimustega.<\/span><\/label><\/div><\/div><\/div><input type=\"hidden\" name=\"referer_url\" value=\"\" \/><div class=\"forminator-row forminator-row-last\"><div class=\"forminator-col\"><div class=\"forminator-field\"><button class=\"forminator-button forminator-button-submit\">REQUEST PRICE OFFER<\/button><\/div><\/div><\/div><input type=\"hidden\" id=\"forminator_nonce\" name=\"forminator_nonce\" value=\"310564be59\" \/><input type=\"hidden\" name=\"_wp_http_referer\" value=\"\/en\/wp-json\/wp\/v2\/pages\/256\" \/><input type=\"hidden\" name=\"form_id\" value=\"1209\"><input type=\"hidden\" name=\"page_id\" value=\"256\"><input type=\"hidden\" name=\"form_type\" value=\"default\"><input type=\"hidden\" name=\"current_url\" value=\"https:\/\/midlis.ee\/en\/saada-paring\/\"><input type=\"hidden\" name=\"render_id\" value=\"0\"><input type=\"hidden\" name=\"forminator-multifile-hidden\" class=\"forminator-multifile-hidden\"><input type=\"hidden\" name=\"action\" value=\"forminator_submit_form_custom-forms\"><label for=\"input_13\" class=\"forminator-hidden\" aria-hidden=\"true\">Please do not fill in this field. <input id=\"input_13\" type=\"text\" name=\"input_13\" value=\"\" autocomplete=\"off\"><\/label><input type=\"hidden\" name=\"trp-form-language\" value=\"en\"\/><\/form>\n\n\t\t<\/div>\n\t<\/div>\n<\/div><\/div><\/div><\/div><\/div><\/section>","protected":false},"excerpt":{"rendered":"Saadke oma p\u00e4ring Nimi ja Perekonnanimi *E-mail *Telefon *Eelistatav kuup\u00e4evAadressKas on parkimisekoht? Kui parkimisekohta ei ole kus on l\u00e4hedam v\u00f5imalus parkida auto?Soovitud teenus (saate valida mitu)Eramajade\/Korterite koristus (hooldus koristus)Eramajade\/Korterite koristus (suur puhastus)Akende pesemineKontorite\/\u00c4rikeskuste koristusAia ja terrassi hooldamineM\u00f6\u00f6bli, tekstiilikeemiline puhastusRiiete\/voodipesupesemine\/ triikimine\/keemiline puhastusMajahoidja teenusedEhitusej\u00e4rgne koristusK\u00f5rgsurve puhastusRuumide desinfektsioon, aurupuhastajaga peseminePuhastatava ruumi pindala ruutmeetritesKas soovite \u00fchekordset v\u00f5i regulaarset koristamist?\u00dchekordsetRegulaarsetTeie [...]","protected":false},"author":1,"featured_media":0,"parent":0,"menu_order":0,"comment_status":"open","ping_status":"open","template":"page-templates\/template-fullwidth.php","meta":{"footnotes":""},"class_list":["post-256","page","type-page","status-publish","hentry"],"_links":{"self":[{"href":"https:\/\/midlis.ee\/en\/wp-json\/wp\/v2\/pages\/256","targetHints":{"allow":["GET"]}}],"collection":[{"href":"https:\/\/midlis.ee\/en\/wp-json\/wp\/v2\/pages"}],"about":[{"href":"https:\/\/midlis.ee\/en\/wp-json\/wp\/v2\/types\/page"}],"author":[{"embeddable":true,"href":"https:\/\/midlis.ee\/en\/wp-json\/wp\/v2\/users\/1"}],"replies":[{"embeddable":true,"href":"https:\/\/midlis.ee\/en\/wp-json\/wp\/v2\/comments?post=256"}],"version-history":[{"count":6,"href":"https:\/\/midlis.ee\/en\/wp-json\/wp\/v2\/pages\/256\/revisions"}],"predecessor-version":[{"id":2053,"href":"https:\/\/midlis.ee\/en\/wp-json\/wp\/v2\/pages\/256\/revisions\/2053"}],"wp:attachment":[{"href":"https:\/\/midlis.ee\/en\/wp-json\/wp\/v2\/media?parent=256"}],"curies":[{"name":"wp","href":"https:\/\/api.w.org\/{rel}","templated":true}]}}