{"id":3,"date":"2021-06-09T12:31:53","date_gmt":"2021-06-09T12:31:53","guid":{"rendered":"https:\/\/midlis.ee\/?page_id=3"},"modified":"2021-08-08T11:12:23","modified_gmt":"2021-08-08T11:12:23","slug":"privaatsuspoliitika","status":"publish","type":"page","link":"https:\/\/midlis.ee\/en\/privaatsuspoliitika\/","title":{"rendered":"Privacy police"},"content":{"rendered":"<section class=\"wpb_row vc_row-fluid\"><div class=\"container\"><div class=\"row\"><div class=\"wpb_column vc_column_container vc_col-sm-12\"><div class=\"vc_column-inner\"><div class=\"wpb_wrapper\"  ><div class=\"vc_row wpb_row vc_inner vc_row-fluid\"><div class=\"wpb_column vc_column_container vc_col-sm-12\"><div class=\"vc_column-inner\"><div class=\"wpb_wrapper\"  >\n\t<div class=\"wpb_text_column wpb_content_element\" >\n\t\t<div class=\"wpb_wrapper\">\n\t\t\t<h4><span style=\"font-weight: 400;\">Privacy Policy for MIDLIS O\u00dc<\/span><\/h4>\n<p>&nbsp;<\/p>\n<p><span style=\"font-weight: 400;\">At www.midlis.ee, accessible from https:\/\/midlis.ee\/, one of our main priorities is the privacy of our visitors. This Privacy Policy document contains types of information that is collected and recorded by www.midlis.ee and how we use it.<\/span><\/p>\n<p><span style=\"font-weight: 400;\">By using our website, you hereby consent to our Privacy Policy and agree to its terms.<\/span><\/p>\n<h4><span style=\"font-weight: 400;\">Information we collect<\/span><\/h4>\n<p><span style=\"font-weight: 400;\">The personal information that you are asked to provide, and the reasons why you are asked to provide it, will be made clear to you at the point we ask you to provide your personal information.\n\nIf you contact us directly, we may receive additional information about you such as your name, email address, phone number, the contents of the message and\/or attachments you may send us, and any other information you may choose to provide.\n\nWhen you register for an Account, we may ask for your contact information, including items such as name, company name, address, email address, and telephone number.<\/span><\/p>\n<h4><span style=\"font-weight: 400;\">How we use your information<\/span><\/h4>\n<p><span style=\"font-weight: 400;\">We use the information we collect in various ways, including to:\n\nProvide, operate, and maintain our website\nImprove, personalize, and expand our website\nUnderstand and analyze how you use our website\nDevelop new products, services, features, and functionality\nCommunicate with you, either directly or through one of our partners, including for customer service, to provide you with updates and other information relating to the website, and for marketing and promotional purposes\nSend you emails\nFind and prevent fraud<\/span><\/p>\n<p><span style=\"font-weight: 400;\">Vabale ametikohale uue t\u00f6\u00f6taja valimisel t\u00f6\u00f6tleme vaid kandidaatide isikuandmeid, mis on seotud tema erialaga, t\u00f6\u00f6kogemusega, haridusega ja isikuomadustega.<\/span><\/p>\n<h4><span style=\"font-weight: 400;\">Log Files<\/span><\/h4>\n<p><span style=\"font-weight: 400;\">www.midlis.ee follows a standard procedure of using log files. These files log visitors when they visit websites. All hosting companies do this and a part of hosting services' analytics. The information collected by log files include internet protocol (IP) addresses, browser type, Internet Service Provider (ISP), date and time stamp, referring\/exit pages, and possibly the number of clicks.<\/span><\/p>\n<p><span style=\"font-weight: 400;\">These are not linked to any information that is personally identifiable. The purpose of the information is for analyzing trends, administering the site, tracking users' movement on the website, and gathering demographic information.<\/span><\/p>\n<p><span style=\"font-weight: 400;\">Isikuandmeid, mis oleme saanud Teie p\u00f6\u00f6rdumisest, s\u00e4ilitame 1 aasta p\u00e4rast Teie poolt esitatud k\u00fcsimusele v\u00f5i hinnap\u00e4ringule vastuse edastamist v\u00f5i nii kaua kui on etten\u00e4htud kehtivate \u00f5igusaktidega.<\/span><\/p>\n<p><span style=\"font-weight: 400;\">Isikuandmeid, mis oleme saanud infokirja tellimusest, s\u00e4ilitame 3 aastat alates viimase infokirja avamisest. Selle perioodi m\u00f6\u00f6dudes kustutame Teie andmed, mida oleme t\u00f6\u00f6delnud turunduslikel eesm\u00e4rkidel, v\u00e4lja arvatud juhul, kui olete palunud enda andmeid kustutada enne eelpool nimetatud perioodi l\u00f5ppu.<\/span><\/p>\n<h4><span style=\"font-weight: 400;\">Cookies and Web Beacons<\/span><\/h4>\n<p><span style=\"font-weight: 400;\">Like any other website, www.midlis.ee uses 'cookies'. These cookies are used to store information including visitors' preferences, and the pages on the website that the visitor accessed or visited. The information is used to optimize the users' experience by customizing our web page content based on visitors' browser type and\/or other information.<\/span><\/p>\n<p><span style=\"font-weight: 400;\">Samuti v\u00f5ime Teie isikuandmeid edastada ka selleks p\u00e4devatele riigiasutustele, n\u00e4iteks julgeoleku- ja j\u00e4litusasutustele, sh politseile ja kohtule, kuid ainult nende taotlusel ning ainult siis, kui vastav n\u00f5ue tuleb seadusest.<\/span><\/p>\n<p><span style=\"font-weight: 400;\">V\u00f5ime edastada Teie makseh\u00e4ire andmed vastavalt seaduses etten\u00e4htud reeglitele ka makseh\u00e4ire avaldajatele.<\/span><\/p>\n<h4><span style=\"font-weight: 400;\">Advertising Partners Privacy Policies<\/span><\/h4>\n<p><span style=\"font-weight: 400;\">You may consult this list to find the Privacy Policy for each of the advertising partners of www.midlis.ee.\n\nThird-party ad servers or ad networks uses technologies like cookies, JavaScript, or Web Beacons that are used in their respective advertisements and links that appear on www.midlis.ee, which are sent directly to users' browser. They automatically receive your IP address when this occurs. These technologies are used to measure the effectiveness of their advertising campaigns and\/or to personalize the advertising content that you see on websites that you visit.\n\nNote that www.midlis.ee has no access to or control over these cookies that are used by third-party advertisers.<\/span><\/p>\n<h4><span style=\"font-weight: 400;\">Third Party Privacy Policies<\/span><\/h4>\n<p><span style=\"font-weight: 400;\">www.midlis.ee's Privacy Policy does not apply to other advertisers or websites. Thus, we are advising you to consult the respective Privacy Policies of these third-party ad servers for more detailed information. It may include their practices and instructions about how to opt-out of certain options.<\/span><\/p>\n<p><span style=\"font-weight: 400;\">You can choose to disable cookies through your individual browser options. To know more detailed information about cookie management with specific web browsers, it can be found at the browsers' respective websites.<\/span><\/p>\n<h4><span style=\"font-weight: 400;\">CCPA Privacy Rights (Do Not Sell My Personal Information)<\/span><\/h4>\n<p><span style=\"font-weight: 400;\">Under the CCPA, among other rights, California consumers have the right to:\n\nRequest that a business that collects a consumer's personal data disclose the categories and specific pieces of personal data that a business has collected about consumers.\n\nRequest that a business delete any personal data about the consumer that a business has collected.\n\nRequest that a business that sells a consumer's personal data, not sell the consumer's personal data.\n\nIf you make a request, we have one month to respond to you. If you would like to exercise any of these rights, please contact us.<\/span><\/p>\n<ul>\n<li style=\"font-weight: 400;\" aria-level=\"1\"><span style=\"font-weight: 400;\">Teil on \u00f5igus igal ajal tutvuda enda isikuandmetega, mis on mei kasutuses, saada teavet andmete t\u00f6\u00f6tlemise eesm\u00e4rkidest ja s\u00e4ilitust\u00e4htaegadest.<\/span><\/li>\n<li style=\"font-weight: 400;\" aria-level=\"1\"><span style=\"font-weight: 400;\">Teil on \u00f5igus parandada enda eba\u00f5igeid v\u00f5i muutunud isikuandmeid.<\/span><\/li>\n<li style=\"font-weight: 400;\" aria-level=\"1\"><span style=\"font-weight: 400;\">Teil on \u00f5igus mitte n\u00f5ustuda isikuandmete t\u00f6\u00f6tlemisega.<\/span><\/li>\n<li style=\"font-weight: 400;\" aria-level=\"1\"><span style=\"font-weight: 400;\">Teil on \u00f5igus andmete \u00fclekandmisele ehk \u00f5igus saada v\u00f5i teisele teenusepakkujale \u00fcle kanda Teid puudutavad isikuandmed masinloetaval kujul. Sellisel juhul Midlis O\u00dc-l on \u00f5igus n\u00f5uda m\u00f5istlike kulude h\u00fcvitamist Teie andmete s\u00fcstematiseerimise ja esitamisega seoses.<\/span><\/li>\n<li style=\"font-weight: 400;\" aria-level=\"1\"><span style=\"font-weight: 400;\">Teil on \u00f5igus t\u00fchistada antud n\u00f5usolekut ehk \u00f5igus lasta oma isikuandmed kustutada.<\/span><\/li>\n<li style=\"font-weight: 400;\" aria-level=\"1\"><span style=\"font-weight: 400;\">Teil on \u00f5igus p\u00f6\u00f6rduda kaebusega Midlis O\u00dc, Eesti Andmekaitse Inspektsiooni v\u00f5i kohtu poole, kui leiate, et isikuandmete t\u00f6\u00f6tlemisel on rikutud Teie \u00f5igusi.<\/span><\/li>\n<\/ul>\n<p><span style=\"font-weight: 400;\">Request that a business that sells a consumer's personal data, not sell the consumer's personal data.\n\nIf you make a request, we have one month to respond to you. If you would like to exercise any of these rights, please contact us. <\/span><a href=\"mailto:info@midlis.ee\"><span style=\"font-weight: 400;\">info@midlis.ee<\/span><\/a><span style=\"font-weight: 400;\"> teel v\u00f5i saates kirja aadressile <\/span><a href=\"https:\/\/www.google.ee\/maps\/place\/Metsalaane%20%20J%C3%A4rsi%20%20Harjumaa\"><span style=\"font-weight: 400;\">Metsalaane, J\u00e4rsi k\u00fcla Raasiku vald Harjumaa 75204<\/span><\/a><span style=\"font-weight: 400;\">, Eesti. Kirjale vastame hiljemalt 30 kalendrip\u00e4eva jooksul alates Teie p\u00f6\u00f6rdumise saamisest.<\/span><\/p>\n<h4><span style=\"font-weight: 400;\">GDPR Data Protection Rights<\/span><\/h4>\n<p><span style=\"font-weight: 400;\">We would like to make sure you are fully aware of all of your data protection rights. Every user is entitled to the following:\n\nThe right to access \u2013 You have the right to request copies of your personal data. We may charge you a small fee for this service.\n\nThe right to rectification \u2013 You have the right to request that we correct any information you believe is inaccurate. You also have the right to request that we complete the information you believe is incomplete.\n\nThe right to erasure \u2013 You have the right to request that we erase your personal data, under certain conditions.\n\nThe right to restrict processing \u2013 You have the right to request that we restrict the processing of your personal data, under certain conditions.\n\nThe right to object to processing \u2013 You have the right to object to our processing of your personal data, under certain conditions.\n\nThe right to data portability \u2013 You have the right to request that we transfer the data that we have collected to another organization, or directly to you, under certain conditions.\n\nIf you make a request, we have one month to respond to you. If you would like to exercise any of these rights, please contact us.<\/span><\/p>\n\n\t\t<\/div>\n\t<\/div>\n<\/div><\/div><\/div><\/div><\/div><\/div><\/div><\/div><\/div><\/section>","protected":false},"excerpt":{"rendered":"K\u00e4esolev dokument kehtib Midlis O\u00dc ja iga isiku suhtes, kes kasutab Midlis O\u00dc teenuseid v\u00f5i e-keskkonda. &nbsp; Midlis O\u00dc austab Teie privaatsust ning kaitseb Teie poolt edastatud ja meie poolt kogutud isikuandmeid vastavalt k\u00e4esolevale konfidentsiaalsus poliitikale ning Eesti ja Euroopa Liidu \u00f5igusaktidele. Teie isikuandmeid kasutame eesk\u00e4tt oma lepinguliste kohustuste t\u00e4itmiseks, uute teenuste pakkumiseks ning \u00f5igusaktidest [...]","protected":false},"author":1,"featured_media":0,"parent":0,"menu_order":0,"comment_status":"closed","ping_status":"closed","template":"page-templates\/template-fullwidth.php","meta":{"footnotes":""},"class_list":["post-3","page","type-page","status-publish","hentry"],"_links":{"self":[{"href":"https:\/\/midlis.ee\/en\/wp-json\/wp\/v2\/pages\/3","targetHints":{"allow":["GET"]}}],"collection":[{"href":"https:\/\/midlis.ee\/en\/wp-json\/wp\/v2\/pages"}],"about":[{"href":"https:\/\/midlis.ee\/en\/wp-json\/wp\/v2\/types\/page"}],"author":[{"embeddable":true,"href":"https:\/\/midlis.ee\/en\/wp-json\/wp\/v2\/users\/1"}],"replies":[{"embeddable":true,"href":"https:\/\/midlis.ee\/en\/wp-json\/wp\/v2\/comments?post=3"}],"version-history":[{"count":5,"href":"https:\/\/midlis.ee\/en\/wp-json\/wp\/v2\/pages\/3\/revisions"}],"predecessor-version":[{"id":1947,"href":"https:\/\/midlis.ee\/en\/wp-json\/wp\/v2\/pages\/3\/revisions\/1947"}],"wp:attachment":[{"href":"https:\/\/midlis.ee\/en\/wp-json\/wp\/v2\/media?parent=3"}],"curies":[{"name":"wp","href":"https:\/\/api.w.org\/{rel}","templated":true}]}}