{"id":1226,"date":"2021-07-25T10:15:15","date_gmt":"2021-07-25T10:15:15","guid":{"rendered":"https:\/\/midlis.ee\/?page_id=1226"},"modified":"2021-11-05T08:51:19","modified_gmt":"2021-11-05T08:51:19","slug":"eramute-korterite-koristus","status":"publish","type":"page","link":"https:\/\/midlis.ee\/ru\/teenused-ja-hinnad\/eramute-korterite-koristus\/","title":{"rendered":"\u0420\u0435\u0433\u0443\u043b\u044f\u0440\u043d\u0430\u044f \u0443\u0431\u043e\u0440\u043a\u0430 \u0434\u043e\u043c\u043e\u0432 \u0438 \u043a\u0432\u0430\u0440\u0442\u0438\u0440"},"content":{"rendered":"<section class=\"wpb_row vc_row-fluid\"><div class=\"container\"><div class=\"row\"><div class=\"wpb_column vc_column_container vc_col-sm-12\"><div class=\"vc_column-inner\"><div class=\"wpb_wrapper\"  >\n\t<div class=\"wpb_text_column wpb_content_element\" >\n\t\t<div class=\"wpb_wrapper\">\n\t\t\t<h4><span style=\"font-weight: 400;\">\u0420\u0435\u0433\u0443\u043b\u044f\u0440\u043d\u0430\u044f \u0443\u0431\u043e\u0440\u043a\u0430 - \u044d\u0442\u043e \u043a\u0440\u0430\u0442\u043a\u043e\u0432\u0440\u0435\u043c\u0435\u043d\u043d\u0430\u044f \u0447\u0430\u0441\u0442\u043e \u043f\u043e\u0432\u0442\u043e\u0440\u044f\u044e\u0449\u0430\u044f\u0441\u044f \u0443\u0431\u043e\u0440\u043a\u0430, \u043f\u0440\u0438 \u043f\u043e\u043c\u043e\u0449\u0438 \u043a\u043e\u0442\u043e\u0440\u043e\u0439 \u0432 \u043f\u043e\u043c\u0435\u0449\u0435\u043d\u0438\u0438 \u0441\u043e\u0445\u0440\u0430\u043d\u044f\u0435\u0442\u0441\u044f \u0442\u0440\u0435\u0431\u0443\u0435\u043c\u044b\u0439 \u0443\u0440\u043e\u0432\u0435\u043d\u044c \u0447\u0438\u0441\u0442\u043e\u0442\u044b. \u0420\u0435\u0433\u0443\u043b\u044f\u0440\u043d\u0430\u044f \u0443\u0431\u043e\u0440\u043a\u0430 \u043f\u043e\u0432\u0442\u043e\u0440\u044f\u0435\u0442\u0441\u044f \u0447\u0435\u0440\u0435\u0437 \u0434\u0435\u043d\u044c, \u0440\u0430\u0437 \u0432 \u043d\u0435\u0434\u0435\u043b\u044e, \u0440\u0430\u0437 \u0432 \u043c\u0435\u0441\u044f\u0446 \u0438\u043b\u0438 \u043f\u043e \u0434\u0440\u0443\u0433\u043e\u043c\u0443 \u0433\u0440\u0430\u0444\u0438\u043a\u0443. \u0412 \u0445\u043e\u0434\u0435 \u0434\u0430\u043d\u043d\u043e\u0439 \u0443\u0431\u043e\u0440\u043a\u0438 \u043f\u0440\u0435\u0438\u043c\u0443\u0449\u0435\u0441\u0442\u0432\u0435\u043d\u043d\u043e \u0438\u0441\u043f\u043e\u043b\u044c\u0437\u0443\u044e\u0442\u0441\u044f \u043c\u0430\u043b\u043e-\u0432\u043b\u0430\u0436\u043d\u044b\u0439 \u0438 \u0432\u043b\u0430\u0436\u043d\u044b\u0439 \u043c\u0435\u0442\u043e\u0434 \u0443\u0431\u043e\u0440\u043a\u0438. \u041f\u0440\u043e\u0442\u0438\u0440\u0430\u044e\u0442\u0441\u044f \u0438 \u043d\u0430\u0442\u0438\u0440\u0430\u044e\u0442\u0441\u044f \u0432\u0441\u0435 \u0432\u0438\u0434\u0438\u043c\u044b\u0435 \u043f\u043e\u0432\u0435\u0440\u0445\u043d\u043e\u0441\u0442\u0438 \u0438 \u0437\u0430\u0433\u0440\u044f\u0437\u043d\u0435\u043d\u0438\u044f \u0441\u043d\u0430\u0440\u0443\u0436\u0438. \u0412\u0435\u0449\u0438 \u0441\u043a\u043b\u0430\u0434\u044b\u0432\u0430\u044e\u0442\u0441\u044f. \u041f\u043e\u043b\u044b \u043c\u043e\u044e\u0442\u0441\u044f \u0438 \u043f\u044b\u043b\u0435\u0441\u043e\u0441\u044f\u0442\u0441\u044f. \u0414\u043b\u044f \u043a\u0443\u0445\u043d\u0438, \u0442\u0443\u0430\u043b\u0435\u0442\u043e\u0432 \u0438 \u0434\u0443\u0448\u0435\u0432\u044b\u0445 \u043f\u0440\u0438\u043c\u0435\u043d\u044f\u044e\u0442\u0441\u044f \u043c\u043e\u043a\u0440\u044b\u0435 \u043c\u0435\u0442\u043e\u0434\u044b \u0443\u0431\u043e\u0440\u043a\u0438 \u0441 \u0438\u0441\u043f\u043e\u043b\u044c\u0437\u043e\u0432\u0430\u043d\u0438\u0435\u043c \u0434\u0435\u0437\u0438\u043d\u0444\u0438\u0446\u0438\u0440\u0443\u044e\u0449\u0438\u0445 \u0441\u0440\u0435\u0434\u0441\u0442\u0432.<\/span><\/h4>\n<p>&nbsp;<\/p>\n<p><span style=\"font-weight: 400;\">\u0412 \u0440\u0435\u0433\u0443\u043b\u044f\u0440\u043d\u0443\u044e \u0443\u0431\u043e\u0440\u043a\u0443 \u0432\u0445\u043e\u0434\u0438\u0442:<\/span><\/p>\n<ul>\n<li><span style=\"font-weight: 400;\">\u041f\u0440\u043e\u0442\u0438\u0440\u0430\u043d\u0438\u0435 \u043f\u044b\u043b\u0438 \u0432\u043e \u0432\u0441\u0435\u0445 \u0434\u043e\u0441\u0442\u0443\u043f\u043d\u044b\u0445 \u043c\u0435\u0441\u0442\u0430\u0445 (\u0432\u044b\u0441\u043e\u0442\u043e\u0439 \u0434\u043e \u0443\u0440\u043e\u0432\u043d\u044f \u0432\u044b\u0442\u044f\u043d\u0443\u0442\u043e\u0439 \u0440\u0443\u043a\u0438). \u041f\u0440\u043e\u0442\u0438\u0440\u0430\u043d\u0438\u0435 \u043f\u044b\u043b\u0438 \u043f\u0440\u043e\u0438\u0441\u0445\u043e\u0434\u0438\u0442 \u0438\u0437\u043d\u0430\u0447\u0430\u043b\u044c\u043d\u043e \u0432\u0441\u0435\u0433\u0434\u0430 \u0441\u0443\u0445\u0438\u043c \u043c\u0435\u0442\u043e\u0434\u043e\u043c (\u043f\u0440\u0438 \u043d\u0435\u043e\u0431\u0445\u043e\u0434\u0438\u043c\u043e\u0441\u0442\u0438 \u0438\u0441\u043f\u043e\u043b\u044c\u0437\u0443\u044e\u0442\u0441\u044f \u0441\u043f\u0435\u0446\u0438\u0430\u043b\u044c\u043d\u044b\u0435 \u043c\u0430\u0441\u043b\u044f\u043d\u044b\u0435 \u0442\u0440\u044f\u043f\u043a\u0438, \u0437\u0430\u0432\u0438\u0441\u0438\u0442 \u043e\u0442 \u0441\u0442\u0435\u043f\u0435\u043d\u0438 \u0437\u0430\u0433\u0440\u044f\u0437\u043d\u0435\u043d\u0438\u044f) \u0437\u0430\u0442\u0435\u043c \u043e\u0441\u0443\u0449\u0435\u0441\u0442\u0432\u043b\u044f\u0435\u043c \u043f\u043e\u043b\u0443-\u0432\u043b\u0430\u0436\u043d\u044b\u0439 \u043c\u0435\u0442\u043e\u0434 \u0441 \u0438\u0441\u043f\u043e\u043b\u044c\u0437\u043e\u0432\u0430\u043d\u0438\u0435\u043c \u0434\u0435\u0437\u0438\u043d\u0444\u0438\u0446\u0438\u0440\u0443\u044e\u0449\u0438\u0445 \u0441\u0440\u0435\u0434\u0441\u0442\u0432.<\/span><\/li>\n<li><span style=\"font-weight: 400;\">\u041f\u044b\u043b\u044c \u0441 \u043f\u043b\u0438\u043d\u0442\u0443\u0441\u043e\u0432, \u0441 \u0432\u044b\u043a\u043b\u044e\u0447\u0430\u0442\u0435\u043b\u0435\u0439, \u0441 \u0434\u0432\u0435\u0440\u0435\u0439 \u0438 \u0434\u0432\u0435\u0440\u043d\u044b\u0445 \u043a\u043e\u0441\u044f\u043a\u043e\u0432 (\u0432 \u0440\u0435\u0433\u0443\u043b\u044f\u0440\u043d\u0443\u044e \u0443\u0431\u043e\u0440\u043a\u0443 \u0432\u0445\u043e\u0434\u0438\u0442 \u043f\u0440\u043e\u0442\u0438\u0440\u0430\u043d\u0438\u0435 \u044f\u0432\u043d\u044b\u0445 \u043f\u044f\u0442\u0435\u043d \u0441 \u044d\u0442\u0438\u0445 \u043f\u043e\u0432\u0435\u0440\u0445\u043d\u043e\u0441\u0442\u0435\u0439). \u041c\u043e\u0439\u043a\u0430 \u043a\u043e\u0441\u044f\u043a\u043e\u0432 \u0438 \u043f\u043b\u0438\u043d\u0442\u0443\u0441\u043e\u0432 \u0432\u043b\u0430\u0436\u043d\u044b\u043c \u043c\u0435\u0442\u043e\u0434\u043e\u043c \u043f\u0440\u043e\u0438\u0437\u0432\u043e\u0434\u0438\u0442\u044c\u0441\u044f \u0440\u0430\u0437 \u0432 \u043c\u0435\u0441\u044f\u0446 \u0438\u043b\u0438 \u0447\u0430\u0449\u0435 \u043f\u043e \u0436\u0435\u043b\u0430\u043d\u0438\u044e \u043a\u043b\u0438\u0435\u043d\u0442\u0430 \u0438 \u0437\u0430 \u0434\u043e\u043f\u043e\u043b\u043d\u0438\u0442\u0435\u043b\u044c\u043d\u0443\u044e \u043f\u043b\u0430\u0442\u0443.<\/span><\/li>\n<li><span style=\"font-weight: 400;\">\u0412 \u0432\u0430\u043d\u043d\u043e\u0439 \u0438 \u0442\u0443\u0430\u043b\u0435\u0442\u0435 \u043c\u0430\u043b\u043e \u0432\u043b\u0430\u0436\u043d\u044b\u043c \u043c\u0435\u0442\u043e\u0434\u043e\u043c \u0441 \u0438\u0441\u043f\u043e\u043b\u044c\u0437\u043e\u0432\u0430\u043d\u0438\u0435\u043c \u0434\u0435\u0437\u0438\u043d\u0444\u0438\u0446\u0438\u0440\u0443\u044e\u0449\u0438\u0445 \u0441\u0440\u0435\u0434\u0441\u0442\u0432 \u043f\u0440\u043e\u0442\u0438\u0440\u0430\u0435\u0442\u0441\u044f \u0432\u0441\u044f \u0441\u0430\u043d\u0442\u0435\u0445\u043d\u0438\u043a\u0430, \u0437\u0435\u0440\u043a\u0430\u043b\u0430, \u0432\u0441\u0435 \u043f\u043e\u0432\u0435\u0440\u0445\u043d\u043e\u0441\u0442\u0438, \u0442\u0443\u0430\u043b\u0435\u0442 \u0441\u043e \u0432\u0441\u0435\u0445 \u0441\u0442\u043e\u0440\u043e\u043d, \u0432\u0430\u043d\u043d\u0430\u044f \u0441\u043e \u0432\u0441\u0435\u0445 \u0441\u0442\u043e\u0440\u043e\u043d, \u0432\u043d\u0443\u0442\u0440\u0438 \u0432\u0430\u043d\u043d\u043e\u0439 \u0438 \u0440\u0430\u043a\u043e\u0432\u0438\u043d\u044b \u0447\u0438\u0441\u0442\u0438\u0442\u0441\u044f \u043a\u0430\u043d\u0430\u043b\u0438\u0437\u0430\u0446\u0438\u043e\u043d\u043d\u0430\u044f \u0442\u0440\u0443\u0431\u0430. \u0421\u0442\u0435\u043d\u044b \u0432 \u0432\u0430\u043d\u043d\u043e\u0439 \u043a\u043e\u043c\u043d\u0430\u0442\u0435 \u043f\u0440\u043e\u0442\u0438\u0440\u0430\u044e\u0442\u0441\u044f \u043c\u0430\u043b\u043e \u0432\u043b\u0430\u0436\u043d\u043e\u0439 \u0442\u0440\u044f\u043f\u043a\u043e\u0439 (\u043d\u0430 \u0432\u044b\u0441\u043e\u0442\u0443 \u0432\u044b\u0442\u044f\u043d\u0443\u0442\u043e\u0439 \u0440\u0443\u043a\u0438).<\/span><\/li>\n<li><span style=\"font-weight: 400;\">\u041d\u0430 \u043a\u0443\u0445\u043d\u0435 \u043f\u0440\u043e\u0442\u0438\u0440\u0430\u044e\u0442\u0441\u044f \u0432\u0441\u0435 \u043f\u043e\u0432\u0435\u0440\u0445\u043d\u043e\u0441\u0442\u0438 \u0441\u043d\u0430\u0440\u0443\u0436\u0438 (\u043c\u0430\u043b\u043e \u0432\u043b\u0430\u0436\u043d\u044b\u043c \u043c\u0435\u0442\u043e\u0434\u043e\u043c \u0441 \u0438\u0441\u043f\u043e\u043b\u044c\u0437\u043e\u0432\u0430\u043d\u0438\u0435\u043c \u0434\u0435\u0437\u0438\u043d\u0444\u0438\u0446\u0438\u0440\u0443\u044e\u0449\u0438\u0445 \u0441\u0440\u0435\u0434\u0441\u0442\u0432). \u0412\u043d\u0443\u0442\u0440\u0438 \u043c\u043e\u0435\u0442\u0441\u044f \u0448\u043a\u0430\u0444 \u0441 \u043f\u043e\u043c\u043e\u0439\u043d\u044b\u043c \u0432\u0435\u0434\u0440\u043e\u043c, \u0432\u044b\u043d\u043e\u0441\u0438\u043c \u043c\u0443\u0441\u043e\u0440 \u0435\u0441\u043b\u0438 \u043a\u043b\u0438\u0435\u043d\u0442 \u043f\u0440\u0435\u0434\u043e\u0441\u0442\u0430\u0432\u0438\u043b \u0432\u043e\u0437\u043c\u043e\u0436\u043d\u043e\u0441\u0442\u044c \u0432\u044b\u043d\u043e\u0441\u0430 \u043c\u0443\u0441\u043e\u0440\u0430. \u041f\u0440\u043e\u0442\u0438\u0440\u0430\u044e\u0442\u0441\u044f: \u0444\u0430\u0440\u0442\u0443\u043a, \u043a\u0443\u0445\u043e\u043d\u043d\u044b\u0435 \u0444\u0430\u0441\u0430\u0434\u044b \u0434\u043e \u0432\u044b\u0442\u044f\u043d\u0443\u0442\u043e\u0439 \u0440\u0443\u043a\u0438, \u0440\u0443\u0447\u043a\u0438, \u0431\u044b\u0442\u043e\u0432\u0430\u044f \u0442\u0435\u0445\u043d\u0438\u043a\u0430 \u0441\u043d\u0430\u0440\u0443\u0436\u0438. \u0426\u043e\u043a\u043e\u043b\u044c, \u0440\u0430\u043a\u043e\u0432\u0438\u043d\u0430 \u0438 \u043a\u0430\u043d\u0430\u043b\u0438\u0437\u0430\u0446\u0438\u043e\u043d\u043d\u0430\u044f \u0442\u0440\u0443\u0431\u0430 \u043c\u043e\u044e\u0442\u0441\u044f. \u0414\u0435\u0442\u0441\u043a\u0438\u0439 \u0441\u0442\u0443\u043b\u044c\u0447\u0438\u043a \u0438 \u0434\u0440\u0443\u0433\u0438\u0435 \u0434\u0435\u0442\u0430\u043b\u0438 \u0442\u0430\u043a\u0436\u0435 \u043d\u0430\u0442\u0438\u0440\u0430\u044e\u0442\u0441\u044f (\u043f\u043e \u0436\u0435\u043b\u0430\u043d\u0438\u044e \u0432\u043e\u0434\u043e\u0439, \u043b\u0438\u0431\u043e \u044d\u043a\u043e \u0441\u0440\u0435\u0434\u0441\u0442\u0432\u043e\u043c).\u00a0<\/span><\/li>\n<li><span style=\"font-weight: 400;\">\u0412 \u043a\u043e\u043c\u043d\u0430\u0442\u0430\u0445 \u043f\u043e \u0436\u0435\u043b\u0430\u043d\u0438\u044e \u043a\u043b\u0438\u0435\u043d\u0442\u0430 \u0437\u0430\u0441\u0442\u0438\u043b\u0430\u0435\u0442\u0441\u044f \u043a\u0440\u043e\u0432\u0430\u0442\u044c, \u043b\u0438\u0447\u043d\u044b\u0435 \u0432\u0435\u0449\u0438 \u0443\u0431\u0438\u0440\u0430\u044e\u0442\u0441\u044f \u043f\u043e \u043c\u0435\u0441\u0442\u0430\u043c, \u0448\u043a\u0430\u0444\u0430\u043c, \u0432 \u0441\u0442\u0438\u0440\u043a\u0443 (\u043f\u043e \u0441\u043e\u0433\u043b\u0430\u0441\u043e\u0432\u0430\u043d\u0438\u044e \u0441 \u043a\u043b\u0438\u0435\u043d\u0442\u043e\u043c). \u0421\u043a\u043b\u0430\u0434\u044b\u0432\u0430\u0435\u043c \u0440\u0430\u0437\u0431\u0440\u043e\u0441\u0430\u043d\u043d\u044b\u0435 \u0432\u0435\u0449\u0438 \u0431\u043e\u043b\u0435\u0435 \u0440\u0430\u0446\u0438\u043e\u043d\u0430\u043b\u044c\u043d\u043e.<\/span><\/li>\n<li><span style=\"font-weight: 400;\">\u0412\u043e \u0432\u0441\u0435\u043c \u0434\u043e\u043c\u0435 \u043f\u044b\u043b\u0435\u0441\u043e\u0441\u0438\u043c \u043f\u043e\u043b\u044b \u0438 \u043c\u043e\u0435\u043c \u0438\u0445. \u041c\u043e\u0435\u043c \u043f\u043e\u043b\u044b \u0447\u0438\u0441\u0442\u043e\u0439 \u0432\u043e\u0434\u043e\u0439, \u0431\u0435\u0437 \u0441\u0440\u0435\u0434\u0441\u0442\u0432\u0430 (\u043d\u0430 \u0432\u0430\u0448\u0435 \u0443\u0441\u043c\u043e\u0442\u0440\u0435\u043d\u0438\u0435 \u043c\u043e\u0436\u0435\u043c \u0438\u0441\u043f\u043e\u043b\u044c\u0437\u043e\u0432\u0430\u0442\u044c \u043e\u043f\u0440\u0435\u0434\u0435\u043b\u0435\u043d\u043d\u044b\u0435 \u0441\u0440\u0435\u0434\u0441\u0442\u0432\u0430). \u041c\u0435\u043b\u043a\u0438\u0435 \u043a\u043e\u0432\u0440\u044b (\u0434\u043e 1,5\u043c \u043d\u0430 1,5\u043c) \u043e\u0431\u044f\u0437\u0430\u0442\u0435\u043b\u044c\u043d\u043e \u043f\u043e\u0434\u043d\u0438\u043c\u0430\u0435\u043c, \u0432\u044b\u0442\u0440\u044f\u0445\u0438\u0432\u0430\u0435\u043c \u043b\u0438\u0431\u043e \u043f\u044b\u043b\u0435\u0441\u043e\u0441\u0438\u043c. \u041f\u043e\u0441\u043b\u0435 \u0443\u0431\u043e\u0440\u043a\u0438 \u0441\u0442\u0435\u043b\u0438\u043c \u043e\u0431\u0440\u0430\u0442\u043d\u043e. \u041f\u043e\u0434\u043d\u044f\u0442\u0438\u0435 \u0431\u043e\u043b\u0435\u0435 \u043a\u0440\u0443\u043f\u043d\u044b\u0445 \u043a\u043e\u0432\u0440\u043e\u0432 \u043d\u0435 \u0432\u0445\u043e\u0434\u0438\u0442 \u0432 \u0440\u0435\u0433\u0443\u043b\u044f\u0440\u043d\u0443\u044e \u0443\u0431\u043e\u0440\u043a\u0443.\u00a0<\/span><\/li>\n<li><span style=\"font-weight: 400;\">\u0421\u0432\u0435\u0442\u0438\u043b\u044c\u043d\u0438\u043a\u0438, \u0431\u0440\u0430, \u0442\u0430\u043a \u0436\u0435 \u0441\u043e \u0441\u0442\u0435\u043a\u043b\u044f\u043d\u043d\u044b\u043c\u0438 \u043a\u0443\u043f\u043e\u043b\u0430\u043c\u0438 (\u043a\u0443\u0434\u0430 \u043e\u0447\u0435\u043d\u044c \u0445\u043e\u0440\u043e\u0448\u043e \u0441\u0430\u0434\u0438\u0442\u0441\u044f \u043f\u044b\u043b\u044c \u0438 \u0435\u0449\u0435 \u043b\u0443\u0447\u0448\u0435 \u043e\u043d\u0430 \u0442\u0430\u043c \u0437\u0430\u043c\u0435\u0442\u043d\u0430) \u043c\u043e\u0436\u0435\u043c \u043e\u0447\u0438\u0449\u0430\u0442\u044c \u043e\u0442 \u043f\u044b\u043b\u0438 \u0441 \u043f\u0435\u0440\u0438\u043e\u0434\u0438\u0447\u043d\u043e\u0441\u0442\u044c\u044e \u0440\u0430\u0437 \u0432 2 \u043c\u0435\u0441\u044f\u0446\u0430. \u0422\u043e, \u0447\u0442\u043e \u043d\u0430\u0445\u043e\u0434\u044f\u0442\u0441\u044f \u043d\u0430 \u043d\u0438\u0437\u043a\u043e\u043c \u0443\u0440\u043e\u0432\u043d\u0435 \u0434\u0435\u043b\u0430\u0435\u043c \u043a\u0430\u0436\u0434\u044b\u0439 \u0440\u0430\u0437. \u0412\u0441\u0435 \u044d\u0442\u0438 \u0434\u0435\u0442\u0430\u043b\u0438 \u043e\u0431\u0441\u0443\u0436\u0434\u0430\u044e\u0442\u0441\u044f \u0441 \u043a\u043b\u0438\u0435\u043d\u0442\u043e\u043c.<\/span><\/li>\n<li><span style=\"font-weight: 400;\">\u0412 \u0440\u0435\u0433\u0443\u043b\u044f\u0440\u043d\u0443\u044e \u0443\u0431\u043e\u0440\u043a\u0443 \u0432\u0445\u043e\u0434\u0438\u0442 \u043f\u0440\u043e\u0442\u0438\u0440\u0430\u043d\u0438\u0435 \u043f\u044f\u0442\u0435\u043d \u0441\u043e \u0432\u0441\u0435\u0445 \u0433\u043b\u044f\u043d\u0446\u0435\u0432\u044b\u0445, \u0441\u0442\u0435\u043a\u043b\u044f\u043d\u043d\u044b\u0445 \u043f\u043e\u0432\u0435\u0440\u0445\u043d\u043e\u0441\u0442\u0435\u0439, \u0437\u0435\u0440\u043a\u0430\u043b \u0438 \u043e\u043a\u043e\u043d<\/span><\/li>\n<li><span style=\"font-weight: 400;\">\u0422\u0430\u043a \u0436\u0435 \u0441\u043f\u0435\u0446\u0438\u0430\u043b\u044c\u043d\u043e\u0439 \u043d\u0430\u0441\u0430\u0434\u043a\u043e\u0439 \u043f\u044b\u043b\u0435\u0441\u043e\u0441\u0438\u043c \u0434\u0438\u0432\u0430\u043d (\u0449\u0435\u043b\u0438 \u0432\u043d\u0443\u0442\u0440\u0438), \u0438\u0437\u0433\u043e\u043b\u043e\u0432\u044c\u0435 \u043a\u0440\u043e\u0432\u0430\u0442\u0438, \u043f\u043e\u0434\u0443\u0448\u043a\u0438 \u043d\u0430 \u0434\u0438\u0432\u0430\u043d\u0435. \u041f\u043e\u0434 \u043a\u0440\u043e\u0432\u0430\u0442\u044f\u043c\u0438 \u0438 \u0434\u0438\u0432\u0430\u043d\u0430\u043c\u0438 \u0438 \u043b\u044e\u0431\u043e\u0439 \u043c\u0435\u0431\u0435\u043b\u044c\u044e \u043f\u044b\u043b\u0435\u0441\u043e\u0441\u0438\u043c \u0438 \u043c\u043e\u0435\u043c \u043f\u043e\u043b \u043d\u0430\u0441\u043a\u043e\u043b\u044c\u043a\u043e \u044d\u0442\u043e \u0432\u043e\u0437\u043c\u043e\u0436\u043d\u043e, \u043d\u043e \u043c\u0435\u0431\u0435\u043b\u044c \u043c\u044b \u043d\u0435 \u0434\u0432\u0438\u0433\u0430\u0435\u043c.<\/span><\/li>\n<li><span style=\"font-weight: 400;\">\u0411\u0430\u043b\u043a\u043e\u043d, \u0442\u0435\u0440\u0440\u0430\u0441\u044b \u0438 \u0434\u043e\u043f\u043e\u043b\u043d\u0438\u0442\u0435\u043b\u044c\u043d\u044b\u0435 \u043f\u043e\u043c\u0435\u0449\u0435\u043d\u0438\u044f \u043d\u0435 \u0432\u0445\u043e\u0434\u044f\u0442 \u0432 \u0440\u0435\u0433\u0443\u043b\u044f\u0440\u043d\u0443\u044e \u0443\u0431\u043e\u0440\u043a\u0443.\u00a0<\/span><\/li>\n<li><span style=\"font-weight: 400;\">\u0412\u043e \u0432\u0440\u0435\u043c\u044f \u0443\u0431\u043e\u0440\u043a\u0438 \u043f\u0440\u043e\u0432\u0435\u0442\u0440\u0438\u0432\u0430\u0435\u043c \u043f\u043e\u043c\u0435\u0449\u0435\u043d\u0438\u0435 (\u043f\u043e \u0436\u0435\u043b\u0430\u043d\u0438\u044e \u043a\u043b\u0438\u0435\u043d\u0442\u0430)<\/span><\/li>\n<li><span style=\"font-weight: 400;\">\u0422\u0430\u043a\u0436\u0435 \u043f\u043e \u0437\u0430\u0432\u0435\u0440\u0448\u0435\u043d\u0438\u044e \u0443\u0431\u043e\u0440\u043a\u0443 \u0438\u0441\u043f\u043e\u043b\u044c\u0437\u0443\u0435\u043c \u043e\u0441\u0432\u0435\u0436\u0438\u0442\u0435\u043b\u044c \u0432\u043e\u0437\u0434\u0443\u0445\u0430 (\u043f\u043e \u0436\u0435\u043b\u0430\u043d\u0438\u044e \u043a\u043b\u0438\u0435\u043d\u0442\u0430)<\/span><\/li>\n<li><span style=\"font-weight: 400;\">\u0412\u0441\u0435 \u0441\u0440\u0435\u0434\u0441\u0442\u0432\u0430 \u0438\u0441\u043f\u043e\u043b\u044c\u0437\u0443\u0435\u043c \u0441\u0432\u043e\u0438. \u0418\u0441\u043f\u043e\u043b\u044c\u0437\u0443\u0435\u043c \u0442\u043e\u043b\u044c\u043a\u043e \u043f\u0440\u043e\u0444\u0435\u0441\u0441\u0438\u043e\u043d\u0430\u043b\u044c\u043d\u0443\u044e \u0445\u0438\u043c\u0438\u044e. \u0415\u0441\u0442\u044c \u0432\u043e\u0437\u043c\u043e\u0436\u043d\u043e\u0441\u0442\u044c \u0432\u044b\u0431\u043e\u0440\u0430 \u044d\u043a\u043e\u043b\u043e\u0433\u0438\u0447\u0435\u0441\u043a\u0438 \u0447\u0438\u0441\u0442\u044b\u0445 \u0441\u0440\u0435\u0434\u0441\u0442\u0432. (Cordenline o\u00fc).<\/span><\/li>\n<li><span style=\"font-weight: 400;\">\u0421 \u0432\u0430\u0448\u0435\u0439 \u0441\u0442\u043e\u0440\u043e\u043d\u044b \u0431\u043e\u043b\u0435\u0435 \u0443\u0434\u043e\u0431\u043d\u043e, \u0435\u0441\u043b\u0438 \u043f\u044b\u043b\u0435\u0441\u043e\u0441 \u0438 \u043f\u043e\u043b\u043e\u0432\u043e\u0439 \u043c\u043e\u043f \u0432\u044b \u043f\u0440\u0435\u0434\u043e\u0441\u0442\u0430\u0432\u043b\u044f\u0435\u0442\u0435 \u0441\u0430\u043c\u0438, \u043d\u043e \u043f\u0440\u0438 \u043d\u0435\u043e\u0431\u0445\u043e\u0434\u0438\u043c\u043e\u0441\u0442\u0438 \u043c\u044b \u043c\u043e\u0436\u0435\u043c \u043f\u0440\u0435\u0434\u043e\u0441\u0442\u0430\u0432\u0438\u0442\u044c \u0441\u0432\u043e\u0438.<\/span><\/li>\n<li><span style=\"font-weight: 400;\">\u0412 \u043c\u043e\u043c\u0435\u043d\u0442 \u0443\u0431\u043e\u0440\u043a\u0438 \u0432\u044b \u0441\u043f\u043e\u043a\u043e\u0439\u043d\u043e \u043c\u043e\u0436\u0435\u0442\u0435 \u043d\u0430\u0445\u043e\u0434\u0438\u0442\u0441\u044f \u0434\u043e\u043c\u0430, \u043c\u044b, \u043d\u0435 \u043c\u0435\u0448\u0430\u044f \u0434\u0440\u0443\u0433 \u0434\u0440\u0443\u0433\u0443 \u0431\u0443\u0434\u0435\u043c \u043c\u0435\u043d\u044f\u0442\u044c\u0441\u044f \u043f\u043e\u043c\u0435\u0449\u0435\u043d\u0438\u044f\u043c\u0438.<\/span><\/li>\n<\/ul>\n\n\t\t<\/div>\n\t<\/div>\n<\/div><\/div><\/div><\/div><\/div><\/section><section class=\"wpb_row vc_row-fluid call-to-action bg-color text-center vc_custom_1627899175684 no-padding\"><div class=\"row\"><div class=\"wpb_column vc_column_container vc_col-sm-12\"><div class=\"vc_column-inner\"><div class=\"wpb_wrapper\"  >\t\t\t\n\t<!-- Element: OT Button --> \n\t\t\t<a href=\"https:\/\/midlis.ee\/ru\/saada-paring\/\" target=\"_self\" class=\"btn btn-line-black btn-big\">\u041e\u0442\u043f\u0440\u0430\u0432\u044c\u0442\u0435 \u0432\u0430\u0448 \u0437\u0430\u043f\u0440\u043e\u0441<\/a>\n\t    \n<\/div><\/div><\/div><\/div><\/section>","protected":false},"excerpt":{"rendered":"Regulaarne koristus - see on l\u00fchiajaline, sageli korduv koristusteenus, t\u00e4nu millele hoitakse ruumides soovitud puhtuse taset. Regulaarset koristust korratakse \u00fcle p\u00e4eva, korra n\u00e4dalas, kuus v\u00f5i vastavalt kokkuleppele kliendiga. Koristuse k\u00e4igus p\u00fchitakse pindadelt tolmu ja toimub pindade m\u00e4rja lapiga pesu. Tolmu eemaldamine toimub kergesti ligip\u00e4\u00e4setavatelt pindadelt ja v\u00e4lise mustuse pesu. Asjad volditakse kokku. P\u00f5randaid pestakse ja [...]","protected":false},"author":1,"featured_media":0,"parent":1459,"menu_order":0,"comment_status":"open","ping_status":"open","template":"page-templates\/template-fullwidth.php","meta":{"footnotes":""},"class_list":["post-1226","page","type-page","status-publish","hentry"],"_links":{"self":[{"href":"https:\/\/midlis.ee\/ru\/wp-json\/wp\/v2\/pages\/1226","targetHints":{"allow":["GET"]}}],"collection":[{"href":"https:\/\/midlis.ee\/ru\/wp-json\/wp\/v2\/pages"}],"about":[{"href":"https:\/\/midlis.ee\/ru\/wp-json\/wp\/v2\/types\/page"}],"author":[{"embeddable":true,"href":"https:\/\/midlis.ee\/ru\/wp-json\/wp\/v2\/users\/1"}],"replies":[{"embeddable":true,"href":"https:\/\/midlis.ee\/ru\/wp-json\/wp\/v2\/comments?post=1226"}],"version-history":[{"count":4,"href":"https:\/\/midlis.ee\/ru\/wp-json\/wp\/v2\/pages\/1226\/revisions"}],"predecessor-version":[{"id":2022,"href":"https:\/\/midlis.ee\/ru\/wp-json\/wp\/v2\/pages\/1226\/revisions\/2022"}],"up":[{"embeddable":true,"href":"https:\/\/midlis.ee\/ru\/wp-json\/wp\/v2\/pages\/1459"}],"wp:attachment":[{"href":"https:\/\/midlis.ee\/ru\/wp-json\/wp\/v2\/media?parent=1226"}],"curies":[{"name":"wp","href":"https:\/\/api.w.org\/{rel}","templated":true}]}}