{"id":1300,"date":"2021-07-30T13:47:47","date_gmt":"2021-07-30T13:47:47","guid":{"rendered":"https:\/\/midlis.ee\/?page_id=1300"},"modified":"2021-08-04T15:17:20","modified_gmt":"2021-08-04T15:17:20","slug":"vahatamine","status":"publish","type":"page","link":"https:\/\/midlis.ee\/ru\/teenused-ja-hinnad\/vahatamine\/","title":{"rendered":"\u0412\u043e\u0449\u0435\u043d\u0438\u0435"},"content":{"rendered":"<section class=\"wpb_row vc_row-fluid\"><div class=\"container\"><div class=\"row\"><div class=\"wpb_column vc_column_container vc_col-sm-12\"><div class=\"vc_column-inner\"><div class=\"wpb_wrapper\"  >\n\t<div class=\"wpb_text_column wpb_content_element\" >\n\t\t<div class=\"wpb_wrapper\">\n\t\t\t<h4><span style=\"font-weight: 400;\">Vahatamine muudab p\u00f5randa kaunimaks, kergendab hoolduskoristust, kuna p\u00f5randal on \u00fchtlane kaitsekiht. Vahasid on matte, pooll\u00e4ikivaid ja l\u00e4ikivaid. T\u00e4nap\u00e4eval on \u00fcha enam p\u00f5randai, mis ei eelda vahatamist. Vaha kinnitumine v\u00f5ib olla isegi problemaatiline. Seega enne vahatamise otsuse tegemist on oluline teada, kas antud kate vajab vahatamist. Selle info leiad pinnakatte tootekaardilt.<\/span><\/h4>\n<p>&nbsp;<\/p>\n<p><span style=\"font-weight: 400;\">Tavaliselt vahatatakse plastik katteid (PVC), linoleumi, vahest ka kivi. T\u00e4helepanu linoleumi ja plastiku puhul- need katted on erinevad oma omadustelt ja kasutatavad vahaeemaldusained ning vahad on erinevad. Samas nende katete v\u00e4ljan\u00e4gemine v\u00f5ib olla \u00e4ravahetamiseni sarnane. Vahatamise puhul on oluline k\u00f5ikide eelnevate vaha kihtide eemaldamine. Sageli seda ei tehta, uus vaha kantakse osaliselt vanadele kihtidele. Esilagu pole probleeme m\u00e4rgata kuid teatud aja m\u00f6\u00f6dudes hakkavad tekkima erinevad probleemid- vaha pulbristumine, pinnal on kollakaid laike, vaha ei pea vastu, koorub maha jne.<\/span><\/p>\n\n\t\t<\/div>\n\t<\/div>\n<\/div><\/div><\/div><\/div><\/div><\/section><section class=\"wpb_row vc_row-fluid call-to-action bg-color text-center vc_custom_1627899175684 no-padding\"><div class=\"row\"><div class=\"wpb_column vc_column_container vc_col-sm-12\"><div class=\"vc_column-inner\"><div class=\"wpb_wrapper\"  >\t\t\t\n\t<!-- Element: OT Button --> \n\t\t\t<a href=\"https:\/\/midlis.ee\/ru\/saada-paring\/\" target=\"_self\" class=\"btn btn-line-black btn-big\">\u041e\u0442\u043f\u0440\u0430\u0432\u044c\u0442\u0435 \u0432\u0430\u0448 \u0437\u0430\u043f\u0440\u043e\u0441<\/a>\n\t    \n<\/div><\/div><\/div><\/div><\/section>","protected":false},"excerpt":{"rendered":"Vahatamine muudab p\u00f5randa kaunimaks, kergendab hoolduskoristust, kuna p\u00f5randal on \u00fchtlane kaitsekiht. Vahasid on matte, pooll\u00e4ikivaid ja l\u00e4ikivaid. T\u00e4nap\u00e4eval on \u00fcha enam p\u00f5randai, mis ei eelda vahatamist. Vaha kinnitumine v\u00f5ib olla isegi problemaatiline. Seega enne vahatamise otsuse tegemist on oluline teada, kas antud kate vajab vahatamist. Selle info leiad pinnakatte tootekaardilt. &nbsp; Tavaliselt vahatatakse plastik katteid [...]","protected":false},"author":1,"featured_media":0,"parent":1459,"menu_order":0,"comment_status":"open","ping_status":"open","template":"page-templates\/template-fullwidth.php","meta":{"footnotes":""},"class_list":["post-1300","page","type-page","status-publish","hentry"],"_links":{"self":[{"href":"https:\/\/midlis.ee\/ru\/wp-json\/wp\/v2\/pages\/1300","targetHints":{"allow":["GET"]}}],"collection":[{"href":"https:\/\/midlis.ee\/ru\/wp-json\/wp\/v2\/pages"}],"about":[{"href":"https:\/\/midlis.ee\/ru\/wp-json\/wp\/v2\/types\/page"}],"author":[{"embeddable":true,"href":"https:\/\/midlis.ee\/ru\/wp-json\/wp\/v2\/users\/1"}],"replies":[{"embeddable":true,"href":"https:\/\/midlis.ee\/ru\/wp-json\/wp\/v2\/comments?post=1300"}],"version-history":[{"count":0,"href":"https:\/\/midlis.ee\/ru\/wp-json\/wp\/v2\/pages\/1300\/revisions"}],"up":[{"embeddable":true,"href":"https:\/\/midlis.ee\/ru\/wp-json\/wp\/v2\/pages\/1459"}],"wp:attachment":[{"href":"https:\/\/midlis.ee\/ru\/wp-json\/wp\/v2\/media?parent=1300"}],"curies":[{"name":"wp","href":"https:\/\/api.w.org\/{rel}","templated":true}]}}