{"id":1305,"date":"2021-07-30T13:53:21","date_gmt":"2021-07-30T13:53:21","guid":{"rendered":"https:\/\/midlis.ee\/?page_id=1305"},"modified":"2021-08-04T15:17:20","modified_gmt":"2021-08-04T15:17:20","slug":"kiviporandate-kristalliseerimine","status":"publish","type":"page","link":"https:\/\/midlis.ee\/ru\/teenused-ja-hinnad\/kiviporandate-kristalliseerimine\/","title":{"rendered":"\u041a\u0440\u0438\u0441\u0442\u0430\u043b\u043b\u0438\u0437\u0430\u0446\u0438\u044f \u043a\u0430\u043c\u0435\u043d\u043d\u044b\u0445 \u043f\u043e\u043b\u043e\u0432"},"content":{"rendered":"<section class=\"wpb_row vc_row-fluid\"><div class=\"container\"><div class=\"row\"><div class=\"wpb_column vc_column_container vc_col-sm-12\"><div class=\"vc_column-inner\"><div class=\"wpb_wrapper\"  >\n\t<div class=\"wpb_text_column wpb_content_element\" >\n\t\t<div class=\"wpb_wrapper\">\n\t\t\t<h4><span style=\"font-weight: 400;\">\u0412\u043e \u0432\u0440\u0435\u043c\u044f \u043a\u0440\u0438\u0441\u0442\u0430\u043b\u043b\u0438\u0437\u0430\u0446\u0438\u0438 \u043f\u0440\u043e\u0438\u0441\u0445\u043e\u0434\u0438\u0442 \u0445\u0438\u043c\u0438\u0447\u0435\u0441\u043a\u043e\u0435 \u0438\u0437\u043c\u0435\u043d\u0435\u043d\u0438\u0435 \u0438\u0437\u0432\u0435\u0441\u0442\u0438 \u0441\u043e\u0434\u0435\u0440\u0436\u0430\u0449\u0438\u0435\u0441\u044f \u0432 \u043a\u0430\u043c\u043d\u0435. \u0411\u043b\u0430\u0433\u043e\u0434\u0430\u0440\u044f \u044d\u0442\u043e\u043c\u0443 \u043f\u043e\u043b \u0441\u0442\u0430\u043d\u043e\u0432\u0438\u0442\u0441\u044f \u0431\u043e\u043b\u0435\u0435 \u043a\u0440\u0435\u043f\u043a\u0438\u043c.  \u0414\u043b\u044f \u043f\u0440\u043e\u0432\u0435\u0434\u0435\u043d\u0438\u044f \u043a\u0440\u0438\u0441\u0442\u0430\u043b\u043b\u0438\u0437\u0430\u0446\u0438\u0438 \u043d\u0443\u0436\u043d\u044b \u0441\u043f\u0435\u0446\u0438\u0430\u043b\u044c\u043d\u044b\u0435 \u0441\u0440\u0435\u0434\u0441\u0442\u0432\u0430 \u0438 \u043e\u0431\u0443\u0447\u0435\u043d\u043d\u044b\u0439 \u043f\u0435\u0440\u0441\u043e\u043d\u0430\u043b. <\/span><\/h4>\n<p>&nbsp;<\/p>\n<p><span style=\"font-weight: 400;\">\u041a\u0440\u0438\u0441\u0442\u0430\u043b\u043b\u0438\u0437\u0430\u0446\u0438\u044f:<\/span><\/p>\n<ul>\n<li style=\"font-weight: 400;\" aria-level=\"1\"><span style=\"font-weight: 400;\">\u041f\u043e\u043b \u043c\u0435\u043d\u044c\u0448\u0435 \u0441\u043a\u043e\u043b\u044c\u0437\u0438\u0442<\/span><\/li>\n<li style=\"font-weight: 400;\" aria-level=\"1\"><span style=\"font-weight: 400;\">\u0414\u0435\u043c\u043e\u043d\u0441\u0442\u0440\u0438\u0440\u0443\u0435\u0442 \u0446\u0432\u0435\u0442 \u0438 \u0440\u0438\u0441\u0443\u043d\u043e\u043a \u043a\u0430\u043c\u043d\u044f<\/span><\/li>\n<li style=\"font-weight: 400;\" aria-level=\"1\"><span style=\"font-weight: 400;\">\u041f\u043e\u0434\u0445\u043e\u0434\u0438\u0442 \u0434\u043b\u044f \u043c\u0430\u0442\u0435\u0440\u0438\u0430\u043b\u043e\u0432 \u0441\u043e\u0434\u0435\u0440\u0436\u0430\u0449\u0438\u0445 \u0438\u0437\u0432\u0435\u0441\u0442\u044c ( \u043c\u0440\u0430\u043c\u043e\u0440, \u043c\u043e\u0437\u0430\u0438\u0447\u043d\u044b\u0439 \u0431\u0435\u0442\u043e\u043d \u0438 \u0438\u0437\u0432\u0435\u0441\u0442\u043d\u044f\u043a).<\/span><\/li>\n<li style=\"font-weight: 400;\" aria-level=\"1\"><span style=\"font-weight: 400;\">tehakse puhtale kivipinnale, kust on eemaldatud k\u00f5ik kaitseaine j\u00e4\u00e4gid.<\/span><\/li>\n<\/ul>\n\n\t\t<\/div>\n\t<\/div>\n<\/div><\/div><\/div><\/div><\/div><\/section><section class=\"wpb_row vc_row-fluid call-to-action bg-color text-center vc_custom_1627899175684 no-padding\"><div class=\"row\"><div class=\"wpb_column vc_column_container vc_col-sm-12\"><div class=\"vc_column-inner\"><div class=\"wpb_wrapper\"  >\t\t\t\n\t<!-- Element: OT Button --> \n\t\t\t<a href=\"https:\/\/midlis.ee\/ru\/saada-paring\/\" target=\"_self\" class=\"btn btn-line-black btn-big\">\u041e\u0442\u043f\u0440\u0430\u0432\u044c\u0442\u0435 \u0432\u0430\u0448 \u0437\u0430\u043f\u0440\u043e\u0441<\/a>\n\t    \n<\/div><\/div><\/div><\/div><\/section>","protected":false},"excerpt":{"rendered":"Kristalliseerimine p\u00f5hineb keemilisel reaktsioonil, kus kivi enda kaltsiumkarbonaat ehk lubi muutub kristalliseerimise ainega koos reageerides kaltsiumkloriidiks v\u00f5i kaltsiumfluoriidiks. Moodustunud mikrokristallid kinnituvad kivi pinnale, mille tulemusel pind tiheneb ja k\u00f5veneb. &nbsp; Kristalliseerimine: v\u00e4hendab p\u00f5randa libedust toob esile kivi mustrid ja v\u00e4rvid sobib lupja sisaldavatele materjalidele (marmor, mosaiikbetoon ja lubjakivi). tehakse puhtale kivipinnale, kust on eemaldatud k\u00f5ik [...]","protected":false},"author":1,"featured_media":0,"parent":1459,"menu_order":0,"comment_status":"open","ping_status":"open","template":"page-templates\/template-fullwidth.php","meta":{"footnotes":""},"class_list":["post-1305","page","type-page","status-publish","hentry"],"_links":{"self":[{"href":"https:\/\/midlis.ee\/ru\/wp-json\/wp\/v2\/pages\/1305","targetHints":{"allow":["GET"]}}],"collection":[{"href":"https:\/\/midlis.ee\/ru\/wp-json\/wp\/v2\/pages"}],"about":[{"href":"https:\/\/midlis.ee\/ru\/wp-json\/wp\/v2\/types\/page"}],"author":[{"embeddable":true,"href":"https:\/\/midlis.ee\/ru\/wp-json\/wp\/v2\/users\/1"}],"replies":[{"embeddable":true,"href":"https:\/\/midlis.ee\/ru\/wp-json\/wp\/v2\/comments?post=1305"}],"version-history":[{"count":0,"href":"https:\/\/midlis.ee\/ru\/wp-json\/wp\/v2\/pages\/1305\/revisions"}],"up":[{"embeddable":true,"href":"https:\/\/midlis.ee\/ru\/wp-json\/wp\/v2\/pages\/1459"}],"wp:attachment":[{"href":"https:\/\/midlis.ee\/ru\/wp-json\/wp\/v2\/media?parent=1305"}],"curies":[{"name":"wp","href":"https:\/\/api.w.org\/{rel}","templated":true}]}}