{"id":1309,"date":"2021-07-30T14:04:25","date_gmt":"2021-07-30T14:04:25","guid":{"rendered":"https:\/\/midlis.ee\/?page_id=1309"},"modified":"2021-08-04T15:17:20","modified_gmt":"2021-08-04T15:17:20","slug":"kiviporandate-kullastamine","status":"publish","type":"page","link":"https:\/\/midlis.ee\/ru\/teenused-ja-hinnad\/kiviporandate-kullastamine\/","title":{"rendered":"\u041d\u0430\u0441\u044b\u0449\u0435\u043d\u0438\u0435 \u043a\u0430\u043c\u0435\u043d\u043d\u044b\u0445 \u043f\u043e\u043b\u043e\u0432"},"content":{"rendered":"<section class=\"wpb_row vc_row-fluid\"><div class=\"container\"><div class=\"row\"><div class=\"wpb_column vc_column_container vc_col-sm-12\"><div class=\"vc_column-inner\"><div class=\"wpb_wrapper\"  >\n\t<div class=\"wpb_text_column wpb_content_element\" >\n\t\t<div class=\"wpb_wrapper\">\n\t\t\t<h4><span style=\"font-weight: 400;\">\u041a\u0430\u043c\u0435\u043d\u044c \u043e\u0447\u0435\u043d\u044c \u043f\u043e\u0440\u0438\u0441\u0442\u044b\u0439 \u043c\u0430\u0442\u0435\u0440\u0438\u0430\u043b, \u043f\u043e\u044d\u0442\u043e\u043c\u0443 \u0433\u0440\u044f\u0437\u044c \u0437\u0430\u0431\u0438\u0432\u0430\u0435\u0442\u0441\u044f \u0432 \u043f\u043e\u0440\u044b.  \u0414\u043b\u044f \u0443\u0445\u043e\u0434\u0430 \u0437\u0430  \u043a\u0430\u043c\u0435\u043d\u043d\u044b\u043c\u0438 \u043f\u043e\u0432\u0435\u0440\u0445\u043d\u043e\u0441\u0442\u044f\u043c\u0438 \u043f\u0440\u0438\u043c\u0435\u043d\u044f\u044e\u0442 \u043c\u0435\u0442\u043e\u0434 \u043d\u0430\u0441\u044b\u0449\u0435\u043d\u0438\u044f.<\/span><\/h4>\n<p>&nbsp;<\/p>\n<p><span style=\"font-weight: 400;\">\u0414\u043b\u044f \u044d\u0442\u043e\u0433\u043e \u043d\u0443\u0436\u043d\u043e \u043f\u0440\u0435\u0436\u0434\u0435 \u0432\u0441\u0435\u0433\u043e \u0441\u0442\u0430\u0440\u0430\u0442\u0435\u043b\u044c\u043d\u043e \u0432\u044b\u043c\u044b\u0442\u044c \u043f\u043e\u043b \u0438 \u043f\u043e\u0441\u043b\u0435 \u044d\u0442\u043e\u0433\u043e \u043e\u0431\u0440\u0430\u0431\u043e\u0442\u0430\u0442\u044c \u0441\u043f\u0435\u0446\u0438\u0430\u043b\u044c\u043d\u044b\u043c \u043d\u0430\u0441\u044b\u0449\u0430\u044e\u0449\u0438\u043c \u0441\u0440\u0435\u0434\u0441\u0442\u0432\u043e\u043c. \u041d\u0430 \u043f\u043e\u043b \u043d\u0443\u0436\u043d\u043e \u043d\u0430\u043d\u043e\u0441\u0438\u0442\u044c \u043f\u043e \u0432\u043e\u0437\u043c\u043e\u0436\u043d\u043e\u0441\u0442\u0438 \u0442\u043e\u043d\u043a\u0438\u0439 \u0441\u043b\u043e\u0439. \u041d\u0430\u0441\u044b\u0449\u0435\u043d\u0438\u0435 \u043d\u0435 \u043c\u0435\u043d\u044f\u0435\u0442 \u0432\u043d\u0435\u0448\u043d\u0435\u0433\u043e \u0432\u0438\u0434\u0430 \u043f\u043e\u043b\u0430 (\u0446\u0432\u0435\u0442, \u0431\u043b\u0435\u0441\u043a), \u043d\u043e \u0437\u0430\u043f\u043e\u043b\u043d\u044f\u0435\u0442 \u043f\u043e\u0440\u044b. \u041d\u0430\u0441\u044b\u0449\u0430\u044e\u0442\u0441\u044f \u0442\u043e\u043b\u044c\u043a\u043e \u043d\u043e\u0432\u044b\u0435 \u043f\u043e\u043b\u044b, \u0442.\u043a. \u043f\u043e\u0440\u044b \u043a \u0441\u0442\u0430\u0440\u043e\u0433\u043e \u043f\u043e\u043b\u0430 \u043d\u0435\u0432\u043e\u0437\u043c\u043e\u0436\u043d\u043e \u0445\u043e\u0440\u043e\u0448\u043e \u0432\u044b\u0447\u0438\u0441\u0442\u0438\u0442\u044c.\u041d\u0430\u0441\u044b\u0449\u0430\u044e\u0442\u0441\u044f \u0442\u0430\u043a\u0436\u0435 \u0448\u0432\u044b, \u0447\u0442\u043e\u0431\u044b \u0438\u0437\u0431\u0435\u0436\u0430\u0442\u044c \u0438\u0445 \u0437\u0430\u0433\u0440\u044f\u0437\u043d\u0435\u043d\u0438\u044f.<\/span><\/p>\n\n\t\t<\/div>\n\t<\/div>\n<\/div><\/div><\/div><\/div><\/div><\/section><section class=\"wpb_row vc_row-fluid call-to-action bg-color text-center vc_custom_1627899175684 no-padding\"><div class=\"row\"><div class=\"wpb_column vc_column_container vc_col-sm-12\"><div class=\"vc_column-inner\"><div class=\"wpb_wrapper\"  >\t\t\t\n\t<!-- Element: OT Button --> \n\t\t\t<a href=\"https:\/\/midlis.ee\/ru\/saada-paring\/\" target=\"_self\" class=\"btn btn-line-black btn-big\">\u041e\u0442\u043f\u0440\u0430\u0432\u044c\u0442\u0435 \u0432\u0430\u0448 \u0437\u0430\u043f\u0440\u043e\u0441<\/a>\n\t    \n<\/div><\/div><\/div><\/div><\/section>","protected":false},"excerpt":{"rendered":"Kivi on poorne materjal, seet\u00f5ttu kinnitub pooridesse mustust. Kivipindade kaitsmise \u00fcheks viisiks on k\u00fcllastamine, kasutatakse ka impregneerimise m\u00f5istet. &nbsp; Esmalt tuleb p\u00f5rand hoolikalt puhtaks pesta, siis t\u00f6\u00f6delda kivik\u00fcllastusainega. P\u00f5randale tuleb ainet kanda v\u00f5imalikult \u00f5huke kiht. K\u00fcllastamine ei muuda p\u00f5randa v\u00e4limust (v\u00e4rv, l\u00e4ige), kuid t\u00e4idab poorid. Paremaid tulemusi annab uute p\u00f5randate k\u00fcllastamine, kuna kasutusel olnud p\u00f5randate [...]","protected":false},"author":1,"featured_media":0,"parent":1459,"menu_order":0,"comment_status":"open","ping_status":"open","template":"page-templates\/template-fullwidth.php","meta":{"footnotes":""},"class_list":["post-1309","page","type-page","status-publish","hentry"],"_links":{"self":[{"href":"https:\/\/midlis.ee\/ru\/wp-json\/wp\/v2\/pages\/1309","targetHints":{"allow":["GET"]}}],"collection":[{"href":"https:\/\/midlis.ee\/ru\/wp-json\/wp\/v2\/pages"}],"about":[{"href":"https:\/\/midlis.ee\/ru\/wp-json\/wp\/v2\/types\/page"}],"author":[{"embeddable":true,"href":"https:\/\/midlis.ee\/ru\/wp-json\/wp\/v2\/users\/1"}],"replies":[{"embeddable":true,"href":"https:\/\/midlis.ee\/ru\/wp-json\/wp\/v2\/comments?post=1309"}],"version-history":[{"count":0,"href":"https:\/\/midlis.ee\/ru\/wp-json\/wp\/v2\/pages\/1309\/revisions"}],"up":[{"embeddable":true,"href":"https:\/\/midlis.ee\/ru\/wp-json\/wp\/v2\/pages\/1459"}],"wp:attachment":[{"href":"https:\/\/midlis.ee\/ru\/wp-json\/wp\/v2\/media?parent=1309"}],"curies":[{"name":"wp","href":"https:\/\/api.w.org\/{rel}","templated":true}]}}