{"id":1401,"date":"2021-08-02T10:30:03","date_gmt":"2021-08-02T10:30:03","guid":{"rendered":"https:\/\/midlis.ee\/?page_id=1401"},"modified":"2021-08-09T11:07:48","modified_gmt":"2021-08-09T11:07:48","slug":"ehitusjargne-koristus","status":"publish","type":"page","link":"https:\/\/midlis.ee\/ru\/teenused-ja-hinnad\/ehitusjargne-koristus\/","title":{"rendered":"\u0423\u0431\u043e\u0440\u043a\u0430 \u043f\u043e\u0441\u043b\u0435 \u0441\u0442\u0440\u043e\u0438\u0442\u0435\u043b\u044c\u0441\u0442\u0432\u0430"},"content":{"rendered":"<section class=\"wpb_row vc_row-fluid\"><div class=\"container\"><div class=\"row\"><div class=\"wpb_column vc_column_container vc_col-sm-12\"><div class=\"vc_column-inner\"><div class=\"wpb_wrapper\"  >\n\t<div class=\"wpb_text_column wpb_content_element\" >\n\t\t<div class=\"wpb_wrapper\">\n\t\t\t<h4><span style=\"font-weight: 400;\">\u041a\u043e\u043c\u043f\u0430\u043d\u0438\u044f Midlis \u043f\u0440\u0435\u0434\u043b\u0430\u0433\u0430\u0435\u0442 \u0443\u0431\u043e\u0440\u043a\u0443 \u043b\u044e\u0431\u044b\u0445 \u043f\u043e\u043c\u0435\u0449\u0435\u043d\u0438\u0439 \u043f\u043e\u0441\u043b\u0435 \u0440\u0435\u043c\u043e\u043d\u0442\u0430 \u0432 \u0425\u0430\u0440\u044c\u044e\u043c\u0430.<\/span><\/h4>\n<p>&nbsp;<\/p>\n<p><span style=\"font-weight: 400;\">\u0423\u0431\u043e\u0440\u043a\u0430 \u043f\u043e\u0441\u043b\u0435 \u0440\u0435\u043c\u043e\u043d\u0442\u0430 \u2013 \u043e\u0447\u0435\u043d\u044c \u0442\u0440\u0443\u0434\u043e\u0435\u043c\u043a\u0438\u0439 \u043f\u0440\u043e\u0446\u0435\u0441\u0441: \u0441\u043b\u0435\u0434\u044b \u043e\u0442 \u0441\u0442\u0440\u043e\u0439\u043c\u0430\u0442\u0435\u0440\u0438\u0430\u043b\u043e\u0432, \u0441\u0442\u0440\u043e\u0438\u0442\u0435\u043b\u044c\u043d\u0430\u044f \u043f\u044b\u043b\u044c, \u0433\u0440\u044f\u0437\u044c, \u0440\u0430\u0437\u0432\u043e\u0434\u044b, \u0441\u0442\u0440\u043e\u0438\u0442\u0435\u043b\u044c\u043d\u044b\u0439 \u043c\u0443\u0441\u043e\u0440<\/span><\/p>\n<p><span style=\"font-weight: 400;\">\u041a\u043e\u0433\u0434\u0430 \u0434\u043e \u0432\u044a\u0435\u0437\u0434\u0430 \u0432 \u043d\u043e\u0432\u0443\u044e \u0434\u043e\u043b\u0433\u043e\u0436\u0434\u0430\u043d\u043d\u0443\u044e \u043a\u0432\u0430\u0440\u0442\u0438\u0440\u0443 \u0438\u043b\u0438 \u0434\u043e\u043c \u043e\u0441\u0442\u0430\u043b\u0441\u044f \u043f\u043e\u0441\u043b\u0435\u0434\u043d\u0438\u0439 \u0440\u044b\u0432\u043e\u043a, \u0430 \u0441\u0438\u043b \u043f\u043e\u0441\u043b\u0435 \u0440\u0435\u043c\u043e\u043d\u0442\u0430 \u043d\u0435 \u043e\u0441\u0442\u0430\u043b\u043e\u0441\u044c, \u043a\u043e\u043c\u043f\u0430\u043d\u0438\u044f Midlis \u0441 \u0440\u0430\u0434\u043e\u0441\u0442\u044c\u044e \u043f\u0440\u0438\u0434\u0435\u0442 \u0432\u0430\u043c \u043d\u0430 \u043f\u043e\u043c\u043e\u0449\u044c.<\/span><\/p>\n<p><span style=\"font-weight: 400;\">\u0423\u0431\u043e\u0440\u043a\u0430 \u043f\u043e\u0441\u043b\u0435 \u0440\u0435\u043c\u043e\u043d\u0442\u0430 \u0432\u0441\u0435\u0433\u0434\u0430 \u043e\u0441\u0443\u0449\u0435\u0441\u0442\u0432\u043b\u044f\u0435\u0442\u0441\u044f \u043f\u043e\u0434 \u043a\u043b\u044e\u0447. \u0422\u043e \u0435\u0441\u0442\u044c \u044d\u0442\u043e \u043f\u043e\u043b\u043d\u044b\u0439 \u043a\u043e\u043c\u043f\u043b\u0435\u043a\u0441 \u0443\u0431\u043e\u0440\u043a\u0438, \u043f\u043e\u0441\u043b\u0435 \u043a\u043e\u0442\u043e\u0440\u043e\u0433\u043e \u0447\u0435\u043b\u043e\u0432\u0435\u043a \u043c\u043e\u0436\u0435\u0442 \u043d\u0430\u0447\u0430\u0442\u044c \u043f\u043e\u043b\u043d\u043e\u0446\u0435\u043d\u043d\u043e \u043f\u043e\u043b\u044c\u0437\u043e\u0432\u0430\u0442\u044c\u0441\u044f \u043f\u043e\u043c\u0435\u0449\u0435\u043d\u0438\u0435\u043c \u043f\u043e\u0441\u043b\u0435 \u0440\u0435\u043c\u043e\u043d\u0442\u0430 \u0438\u043b\u0438 \u0441\u0442\u0440\u043e\u0438\u0442\u0435\u043b\u044c\u0441\u0442\u0432\u0430.<\/span><\/p>\n<p><span style=\"font-weight: 400;\">\u0423\u0431\u043e\u0440\u043a\u0430 \u043f\u043e\u0441\u043b\u0435 \u0440\u0435\u043c\u043e\u043d\u0442\u0430 \u0432\u043a\u043b\u044e\u0447\u0430\u0435\u0442 \u0432 \u0441\u0435\u0431\u044f:<\/span><\/p>\n<ul>\n<li style=\"font-weight: 400;\" aria-level=\"1\" aria-checked=\"false\"><span style=\"font-weight: 400;\"><a href=\"https:\/\/midlis.ee\/ru\/teenused-ja-hinnad\/eramute-korterite-suurpuhastus\/\"><strong>\u043f\u043e \u0433\u0435\u043d\u0435\u0440\u0430\u043b\u044c\u043d\u043e\u0439 \u0443\u0431\u043e\u0440\u043a\u0435<\/strong><\/a>;<\/span><\/li>\n<li style=\"font-weight: 400;\" aria-level=\"1\" aria-checked=\"false\"><span style=\"font-weight: 400;\">\u043e\u0431\u0435\u0441\u043f\u044b\u043b\u0438\u0432\u0430\u043d\u0438\u0435 \u043f\u043e\u0442\u043e\u043b\u043a\u043e\u0432 \u0438 \u0441\u0442\u0435\u043d<\/span><\/li>\n<li style=\"font-weight: 400;\" aria-level=\"1\" aria-checked=\"false\"><span style=\"font-weight: 400;\">\u0443\u0434\u0430\u043b\u0435\u043d\u0438\u0435 \u043f\u044b\u043b\u0438 \u0441 \u0432\u0435\u043d\u0442\u0438\u043b\u044f\u0446\u0438\u043e\u043d\u043d\u043e\u0439 \u0441\u0438\u0441\u0442\u0435\u043c\u044b<\/span><\/li>\n<li style=\"font-weight: 400;\" aria-level=\"1\" aria-checked=\"false\"><span style=\"font-weight: 400;\">\u043e\u0447\u0438\u0441\u0442\u043a\u0430 \u043e\u0442 \u0441\u043b\u043e\u0436\u043d\u044b\u0445 \u043f\u044f\u0442\u0435\u043d (\u043a\u0440\u0430\u0441\u043a\u0430, \u0448\u0442\u0443\u043a\u0430\u0442\u0443\u0440\u043a\u0430, \u0434\u0440\u0443\u0433\u0438\u0435 \u0441\u0442\u0440\u043e\u0439 \u043c\u0430\u0442\u0435\u0440\u0438\u0430\u043b\u044b)<\/span><\/li>\n<li style=\"font-weight: 400;\" aria-level=\"1\" aria-checked=\"false\"><span style=\"font-weight: 400;\">\u0433\u043b\u0443\u0431\u043e\u043a\u0430\u044f \u043e\u0447\u0438\u0441\u0442\u043a\u0430 \u043e\u043a\u043e\u043d \u0438 \u0440\u0430\u0434\u0438\u0430\u0442\u043e\u0440\u043e\u0432<\/span><\/li>\n<li style=\"font-weight: 400;\" aria-level=\"1\" aria-checked=\"false\"><span style=\"font-weight: 400;\">\u0432\u044b\u043d\u043e\u0441 \u043a\u0440\u0443\u043f\u043d\u043e\u0433\u0430\u0431\u0430\u0440\u0438\u0442\u043d\u043e\u0433\u043e \u043c\u0443\u0441\u043e\u0440\u0430<\/span><\/li>\n<li style=\"font-weight: 400;\" aria-level=\"1\" aria-checked=\"false\"><span style=\"font-weight: 400;\">\u0430\u0440\u0435\u043d\u0434\u0430 \u043c\u0443\u0441\u043e\u0440\u043d\u043e\u0433\u043e \u043a\u043e\u043d\u0442\u0435\u0439\u043d\u0435\u0440\u0430 \u043f\u0440\u0438 \u043d\u0435\u043e\u0431\u0445\u043e\u0434\u0438\u043c\u043e\u0441\u0442\u0438<\/span><\/li>\n<li style=\"font-weight: 400;\" aria-level=\"1\" aria-checked=\"false\"><span style=\"font-weight: 400;\">\u043f\u0440\u0438 \u043d\u0430\u043b\u0438\u0447\u0438\u0438 \u043d\u0430 \u043e\u0431\u044a\u0435\u043a\u0442\u0435 \u043c\u0435\u0431\u0435\u043b\u0438 \u0443\u0434\u0430\u043b\u0435\u043d\u0438\u0435 \u043f\u044b\u043b\u0438 \u0441\u043e \u0432\u0441\u0435\u0445 \u043f\u043e\u0432\u0435\u0440\u0445\u043d\u043e\u0441\u0442\u0435\u0439, \u0441 \u043c\u044f\u0433\u043a\u043e\u0439 \u043c\u0435\u0431\u0435\u043b\u0438, \u0441 \u0437\u0435\u0440\u043a\u0430\u043b \u0438 \u0442\u0430\u043a \u0434\u0430\u043b\u0435\u0435<\/span><\/li>\n<\/ul>\n\n\t\t<\/div>\n\t<\/div>\n<\/div><\/div><\/div><\/div><\/div><\/section><section class=\"wpb_row vc_row-fluid call-to-action bg-color text-center vc_custom_1627899175684 no-padding\"><div class=\"row\"><div class=\"wpb_column vc_column_container vc_col-sm-12\"><div class=\"vc_column-inner\"><div class=\"wpb_wrapper\"  >\t\t\t\n\t<!-- Element: OT Button --> \n\t\t\t<a href=\"https:\/\/midlis.ee\/ru\/saada-paring\/\" target=\"_self\" class=\"btn btn-line-black btn-big\">\u041e\u0442\u043f\u0440\u0430\u0432\u044c\u0442\u0435 \u0432\u0430\u0448 \u0437\u0430\u043f\u0440\u043e\u0441<\/a>\n\t    \n<\/div><\/div><\/div><\/div><\/section>","protected":false},"excerpt":{"rendered":"Midlise ettev\u00f5te pakub koristusteenust k\u00f5igis remondij\u00e4rgsetes ruumides Harjumaal. &nbsp; Ehitusj\u00e4rgne remont on v\u00e4ga t\u00f6\u00f6mahukas protsess: igal pool on ehitusmaterjalide j\u00e4ljed, ehitustolm, mustus, plekid, ehitusest j\u00e4\u00e4nud pr\u00fcgi. Kui uude kauaoodatud koju v\u00f5i korterisse sissekolimine on vaid k\u00e4eulatuses, aga peale renoveerimist pole enam jaksu koristada, siis Midlis aitab teid hea meelega. Remondij\u00e4rgne koristus teostatakse alati teie soovide [...]","protected":false},"author":1,"featured_media":0,"parent":1459,"menu_order":0,"comment_status":"open","ping_status":"open","template":"page-templates\/template-fullwidth.php","meta":{"footnotes":""},"class_list":["post-1401","page","type-page","status-publish","hentry"],"_links":{"self":[{"href":"https:\/\/midlis.ee\/ru\/wp-json\/wp\/v2\/pages\/1401","targetHints":{"allow":["GET"]}}],"collection":[{"href":"https:\/\/midlis.ee\/ru\/wp-json\/wp\/v2\/pages"}],"about":[{"href":"https:\/\/midlis.ee\/ru\/wp-json\/wp\/v2\/types\/page"}],"author":[{"embeddable":true,"href":"https:\/\/midlis.ee\/ru\/wp-json\/wp\/v2\/users\/1"}],"replies":[{"embeddable":true,"href":"https:\/\/midlis.ee\/ru\/wp-json\/wp\/v2\/comments?post=1401"}],"version-history":[{"count":1,"href":"https:\/\/midlis.ee\/ru\/wp-json\/wp\/v2\/pages\/1401\/revisions"}],"predecessor-version":[{"id":1951,"href":"https:\/\/midlis.ee\/ru\/wp-json\/wp\/v2\/pages\/1401\/revisions\/1951"}],"up":[{"embeddable":true,"href":"https:\/\/midlis.ee\/ru\/wp-json\/wp\/v2\/pages\/1459"}],"wp:attachment":[{"href":"https:\/\/midlis.ee\/ru\/wp-json\/wp\/v2\/media?parent=1401"}],"curies":[{"name":"wp","href":"https:\/\/api.w.org\/{rel}","templated":true}]}}