{"id":1881,"date":"2021-08-05T14:33:46","date_gmt":"2021-08-05T14:33:46","guid":{"rendered":"https:\/\/midlis.ee\/?page_id=1881"},"modified":"2021-08-05T14:33:46","modified_gmt":"2021-08-05T14:33:46","slug":"korgsurvepesu","status":"publish","type":"page","link":"https:\/\/midlis.ee\/ru\/teenused-ja-hinnad\/korgsurvepesu\/","title":{"rendered":"\u041c\u043e\u0439\u043a\u0430 \u0432\u044b\u0441\u043e\u043a\u043e\u0433\u043e \u0434\u0430\u0432\u043b\u0435\u043d\u0438\u044f"},"content":{"rendered":"<section class=\"wpb_row vc_row-fluid\"><div class=\"container\"><div class=\"row\"><div class=\"wpb_column vc_column_container vc_col-sm-12\"><div class=\"vc_column-inner\"><div class=\"wpb_wrapper\"  >\n\t<div class=\"wpb_text_column wpb_content_element\" >\n\t\t<div class=\"wpb_wrapper\">\n\t\t\t<h4><span style=\"font-weight: 400;\">\u0413\u0438\u0434\u0440\u043e\u0441\u0442\u0440\u0443\u0439\u043d\u0430\u044f \u043e\u0447\u0438\u0441\u0442\u043a\u0430, \u043e\u0447\u0438\u0441\u0442\u043a\u0430 \u0432\u043e\u0434\u043e\u0439 \u0432\u044b\u0441\u043e\u043a\u043e\u0433\u043e \u0434\u0430\u0432\u043b\u0435\u043d\u0438\u044f \u2014 \u044d\u0442\u043e \u043e\u0447\u0438\u0441\u0442\u043a\u0430 \u0432\u043e\u0434\u043e\u0439 \u043f\u043e\u0434 \u0432\u044b\u0441\u043e\u043a\u0438\u043c \u0434\u0430\u0432\u043b\u0435\u043d\u0438\u0435\u043c \u043f\u043e\u0432\u0435\u0440\u0445\u043d\u043e\u0441\u0442\u0435\u0439 \u0438 \u043c\u0430\u0442\u0435\u0440\u0438\u0430\u043b\u043e\u0432 \u0431\u0435\u0437 \u043e\u0431\u0440\u0430\u0437\u043e\u0432\u0430\u043d\u0438\u044f \u043f\u044b\u043b\u0438.<\/span><\/h4>\n<p>&nbsp;<\/p>\n<p><span style=\"font-weight: 400;\">\u041c\u043e\u0439\u043a\u0430 \u0432\u044b\u0441\u043e\u043a\u043e\u0433\u043e \u0434\u0430\u0432\u043b\u0435\u043d\u0438\u044f \u043d\u0435\u043e\u0431\u0445\u043e\u0434\u0438\u043c\u0430 \u0434\u043b\u044f \u0443\u0434\u0430\u043b\u0435\u043d\u0438\u044f \u043f\u044b\u043b\u0438, \u043a\u043e\u043f\u043e\u0442\u0438 \u0441\u043e\u043b\u0435\u0432\u044b\u0445 \u043e\u0442\u043b\u043e\u0436\u0435\u043d\u0438\u0439, \u043f\u043b\u0435\u0441\u0435\u043d\u0438 \u0438 \u043c\u0445\u0430.  \u041c\u043e\u0439\u043a\u0430 \u0432\u044b\u0441\u043e\u043a\u043e\u0433\u043e \u0434\u0430\u0432\u043b\u0435\u043d\u0438\u044f \u043f\u043e\u0437\u0432\u043e\u043b\u044f\u0435\u0442 \u0431\u044b\u0441\u0442\u0440\u043e \u0438 \u044d\u0444\u0444\u0435\u043a\u0442\u0438\u0432\u043d\u043e \u043e\u0447\u0438\u0441\u0442\u0438\u0442\u044c \u043e\u0433\u0440\u043e\u043c\u043d\u0443\u044e \u043f\u043b\u043e\u0449\u0430\u0434\u044c \u043e\u0442 \u0440\u0430\u0437\u043b\u0438\u0447\u043d\u043e\u0433\u043e \u0432\u0438\u0434\u0430 \u0437\u0430\u0433\u0440\u044f\u0437\u043d\u0435\u043d\u0438\u044f. \u0412 \u043e\u0441\u043d\u043e\u0432\u043d\u043e\u043c \u044d\u0442\u043e\u0442 \u0432\u0438\u0434 \u0443\u0431\u043e\u0440\u043a\u0438 \u043f\u043e\u043f\u0443\u043b\u044f\u0440\u0435\u043d \u0432 \u0431\u043e\u0440\u044c\u0431\u0435 \u0441 \u043c\u0445\u043e\u043c \u043d\u0430 \u043a\u0440\u044b\u0448\u0430\u0445 \u0438\u043b\u0438 \u0441 \u0433\u0440\u0438\u0431\u043a\u043e\u0432\u044b\u043c\u0438 \u0437\u0430\u0433\u0440\u044f\u0437\u043d\u0435\u043d\u0438\u044f\u043c\u0438 \u043d\u0430 \u0444\u0430\u0441\u0430\u0434\u0430\u0445 \u0434\u043e\u043c\u043e\u0432. \u041a\u043e\u043c\u0430\u043d\u0434\u0430 Midlis \u0438\u043c\u0435\u0435\u0442 \u043e\u0431\u0443\u0447\u0435\u043d\u043d\u044b\u0439 \u043f\u0435\u0440\u0441\u043e\u043d\u0430\u043b, \u043a\u043e\u0442\u043e\u0440\u044b\u0439 \u0443\u043c\u0435\u0435\u0442 \u0440\u0430\u0431\u043e\u0442\u0430\u0442\u044c \u043d\u0430 \u0432\u044b\u0441\u043e\u0442\u0435. \u0422\u0430\u043a \u0436\u0435 \u043d\u0430\u0448\u0430 \u043a\u043e\u043c\u0430\u043d\u0434\u0430 \u0438\u043c\u0435\u0435\u0442 \u043f\u0440\u043e\u0444\u0435\u0441\u0441\u0438\u043e\u043d\u0430\u043b\u044c\u043d\u043e\u0435 \u043e\u0431\u043e\u0440\u0443\u0434\u043e\u0432\u0430\u043d\u0438\u0435 \u0434\u043b\u044f \u0432\u044b\u043f\u043e\u043b\u043d\u0435\u043d\u0438\u044f\u0445 \u044d\u0442\u0438\u0445 \u0440\u0430\u0431\u043e\u0442.\u00a0<\/span><\/p>\n\n\t\t<\/div>\n\t<\/div>\n<\/div><\/div><\/div><\/div><\/div><\/section><section class=\"wpb_row vc_row-fluid call-to-action bg-color text-center vc_custom_1627899175684 no-padding\"><div class=\"row\"><div class=\"wpb_column vc_column_container vc_col-sm-12\"><div class=\"vc_column-inner\"><div class=\"wpb_wrapper\"  >\t\t\t\n\t<!-- Element: OT Button --> \n\t\t\t<a href=\"https:\/\/midlis.ee\/ru\/saada-paring\/\" target=\"_self\" class=\"btn btn-line-black btn-big\">\u041e\u0442\u043f\u0440\u0430\u0432\u044c\u0442\u0435 \u0432\u0430\u0448 \u0437\u0430\u043f\u0440\u043e\u0441<\/a>\n\t    \n<\/div><\/div><\/div><\/div><\/section>","protected":false},"excerpt":{"rendered":"Vee survega pesu, on erinevate pindade ja materjalide pesu veega k\u00f5rge surve all ilma tolmu tekitamata. &nbsp; K\u00f5rgsurvepesu on vajalik tolmu, tahma, soolaladestuste, hallituse ja sambla eemaldamiseks. K\u00f5rgsurvepesur v\u00f5imaldab teil kiiresti ja t\u00f5husalt puhastada tohutut pinda erinevat t\u00fc\u00fcpi saastumisest. P\u00f5him\u00f5tteliselt on selline puhastus populaarne v\u00f5itluses katusel oleva sambla v\u00f5i seente saastumise vastu majade fassaadidel. Midlise [...]","protected":false},"author":1,"featured_media":0,"parent":1459,"menu_order":0,"comment_status":"open","ping_status":"open","template":"page-templates\/template-fullwidth.php","meta":{"footnotes":""},"class_list":["post-1881","page","type-page","status-publish","hentry"],"_links":{"self":[{"href":"https:\/\/midlis.ee\/ru\/wp-json\/wp\/v2\/pages\/1881","targetHints":{"allow":["GET"]}}],"collection":[{"href":"https:\/\/midlis.ee\/ru\/wp-json\/wp\/v2\/pages"}],"about":[{"href":"https:\/\/midlis.ee\/ru\/wp-json\/wp\/v2\/types\/page"}],"author":[{"embeddable":true,"href":"https:\/\/midlis.ee\/ru\/wp-json\/wp\/v2\/users\/1"}],"replies":[{"embeddable":true,"href":"https:\/\/midlis.ee\/ru\/wp-json\/wp\/v2\/comments?post=1881"}],"version-history":[{"count":0,"href":"https:\/\/midlis.ee\/ru\/wp-json\/wp\/v2\/pages\/1881\/revisions"}],"up":[{"embeddable":true,"href":"https:\/\/midlis.ee\/ru\/wp-json\/wp\/v2\/pages\/1459"}],"wp:attachment":[{"href":"https:\/\/midlis.ee\/ru\/wp-json\/wp\/v2\/media?parent=1881"}],"curies":[{"name":"wp","href":"https:\/\/api.w.org\/{rel}","templated":true}]}}