{"id":1885,"date":"2021-08-05T14:39:12","date_gmt":"2021-08-05T14:39:12","guid":{"rendered":"https:\/\/midlis.ee\/?page_id=1885"},"modified":"2021-08-05T14:39:27","modified_gmt":"2021-08-05T14:39:27","slug":"korstnapuhkimisteenused","status":"publish","type":"page","link":"https:\/\/midlis.ee\/ru\/teenused-ja-hinnad\/korstnapuhkimisteenused\/","title":{"rendered":"\u0423\u0441\u043b\u0443\u0433\u0438 \u0442\u0440\u0443\u0431\u043e\u0447\u0438\u0441\u0442\u0430"},"content":{"rendered":"<section class=\"wpb_row vc_row-fluid\"><div class=\"container\"><div class=\"row\"><div class=\"wpb_column vc_column_container vc_col-sm-12\"><div class=\"vc_column-inner\"><div class=\"wpb_wrapper\"  >\n\t<div class=\"wpb_text_column wpb_content_element\" >\n\t\t<div class=\"wpb_wrapper\">\n\t\t\t<h4 dir=\"ltr\">\u0427\u0442\u043e\u0431\u044b \u0438\u0437\u0431\u0435\u0436\u0430\u0442\u044c \u0432 \u0441\u0438\u0441\u0442\u0435\u043c\u0435 \u043e\u0442\u043e\u043f\u043b\u0435\u043d\u0438\u044f \u0438 \u0432\u0435\u043d\u0442\u0438\u043b\u044f\u0446\u0438\u0438 \u0442\u0430\u043a\u0438\u0445 \u043f\u0440\u043e\u0431\u043b\u0435\u043c \u043a\u0430\u043a \u0443\u0445\u0443\u0434\u0448\u0435\u043d\u0438\u044f \u0442\u044f\u0433\u0438, \u0437\u0430\u0432\u0430\u043b \u043a\u0430\u043d\u0430\u043b\u043e\u0432 \u0434\u044b\u043c\u043e\u0445\u043e\u0434\u043e\u0432, \u0437\u0430\u0441\u043e\u0440\u0435\u043d\u0438\u0435 \u043a\u0430\u043d\u0430\u043b\u0430, \u0440\u0430\u0437\u0440\u0443\u0448\u0435\u043d\u0438\u0435 \u0434\u044b\u043c\u043e\u0445\u043e\u0434\u0430 \u043e\u0441\u0443\u0449\u0435\u0441\u0442\u0432\u043b\u044f\u0435\u043c \u0442\u0430\u043a\u0438\u0435 \u0440\u0430\u0431\u043e\u0442\u044b \u043a\u0430\u043a :<\/h4>\n<p>&nbsp;<\/p>\n<ul>\n<li dir=\"ltr\" role=\"checkbox\" aria-level=\"1\" aria-checked=\"false\">\n<p dir=\"ltr\" role=\"presentation\">\u0414\u0438\u0430\u0433\u043d\u043e\u0441\u0442\u0438\u043a\u0430 \u043f\u0440\u043e\u0431\u043b\u0435\u043c\u044b<\/p>\n<\/li>\n<li dir=\"ltr\" role=\"checkbox\" aria-level=\"1\" aria-checked=\"false\">\n<p dir=\"ltr\" role=\"presentation\">\u0427\u0438\u0441\u0442\u043a\u0430 \u0442\u0440\u0443\u0431, \u0432\u0435\u043d\u0442\u0438\u043b\u044f\u0446\u0438\u043e\u043d\u043d\u044b\u0445 \u043a\u0430\u043d\u0430\u043b\u043e\u0432, \u0434\u044b\u043c\u043e\u0445\u043e\u0434\u043e\u0432 \u0438 \u043e\u0442\u043e\u043f\u0438\u0442\u0435\u043b\u044c\u043d\u044b\u0445 \u043f\u0440\u0438\u0431\u043e\u0440\u043e\u0432<\/p>\n<\/li>\n<li dir=\"ltr\" role=\"checkbox\" aria-level=\"1\" aria-checked=\"false\">\n<p dir=\"ltr\" role=\"presentation\">\u0420\u0435\u043c\u043e\u043d\u0442 \u0434\u044b\u043c\u043e\u0445\u043e\u0434\u043e\u0432. \u0423\u0441\u0442\u0430\u043d\u043e\u0432\u043a\u0430 \u043b\u044e\u043a\u043e\u0432 \u0434\u043b\u044f \u0447\u0438\u0441\u0442\u043a\u0438, \u0441\u043e\u0435\u0434\u0438\u043d\u0438\u0442\u0435\u043b\u044c\u043d\u044b\u0445 \u0442\u0440\u0443\u0431, \u043d\u0435\u0440\u0436\u0430\u0432\u0435\u044e\u0449\u0438\u0445 \u0432\u043a\u043b\u0430\u0434\u044b\u0448\u0435\u0439 \u0438 \u0441\u0442\u0430\u0446\u0438\u043e\u043d\u0430\u0440\u043d\u044b\u0445 \u043b\u0435\u0441\u0442\u043d\u0438\u0446 \u0434\u043b\u044f \u043a\u0440\u044b\u0448\u0438<\/p>\n<\/li>\n<li dir=\"ltr\" role=\"checkbox\" aria-level=\"1\" aria-checked=\"false\">\n<p dir=\"ltr\" role=\"presentation\">\u041b\u0438\u043a\u0432\u0438\u0434\u0430\u0446\u0438\u044f \u0437\u0430\u0441\u043e\u0440\u043e\u0432 \u0432 \u0432\u0435\u043d\u0442\u0438\u043b\u044f\u0446\u0438\u043e\u043d\u043d\u044b\u0445 \u0438 \u0434\u044b\u043c\u043e\u0432\u044b\u0445 \u043a\u0430\u043d\u0430\u043b\u0430\u0445. \u0420\u0435\u043c\u043e\u043d\u0442\u043d\u044b\u0435 \u0440\u0430\u0431\u043e\u0442\u044b \u0434\u043b\u044f \u043f\u0440\u043e\u0445\u043e\u0436\u0434\u0435\u043d\u0438\u044f \u0430\u0443\u0434\u0438\u0442\u0430 \u043e\u0442\u043e\u043f\u0438\u0442\u0435\u043b\u044c\u043d\u043e\u0439 \u0441\u0438\u0441\u0442\u0435\u043c\u044b<\/p>\n<\/li>\n<\/ul>\n\n\t\t<\/div>\n\t<\/div>\n<\/div><\/div><\/div><\/div><\/div><\/section><section class=\"wpb_row vc_row-fluid call-to-action bg-color text-center vc_custom_1627899175684 no-padding\"><div class=\"row\"><div class=\"wpb_column vc_column_container vc_col-sm-12\"><div class=\"vc_column-inner\"><div class=\"wpb_wrapper\"  >\t\t\t\n\t<!-- Element: OT Button --> \n\t\t\t<a href=\"https:\/\/midlis.ee\/ru\/saada-paring\/\" target=\"_self\" class=\"btn btn-line-black btn-big\">\u041e\u0442\u043f\u0440\u0430\u0432\u044c\u0442\u0435 \u0432\u0430\u0448 \u0437\u0430\u043f\u0440\u043e\u0441<\/a>\n\t    \n<\/div><\/div><\/div><\/div><\/section>","protected":false},"excerpt":{"rendered":"Et v\u00e4ltida probleemide teket k\u00fctte- ja ventilatsioonis\u00fcsteemis nagu t\u00f5mbe halvenemine, korstnal\u00f5\u00f5ri ning kanalite ummistus, korstna h\u00e4vimine, teostame selliseid t\u00f6id nagu: &nbsp; Probleemi diagnoosimine Torude, ventilatsioonikanalite, korstnal\u00f5\u00f5ri ja k\u00fctteseadmete puhastus. Korstnal\u00f5\u00f5ri remont. Puhastusluukide, \u00fchendustorude, roostevabast terasest vooderdiste ja fikseeritud katuseredelite paigaldus. Ventilatsiooni- ja suitsukanalite ummistuste k\u00f5rvaldamine. Vajalikud remondit\u00f6\u00f6d k\u00fcttes\u00fcsteemi auditi l\u00e4bimiseks. Saada oma p\u00e4ring","protected":false},"author":1,"featured_media":0,"parent":1459,"menu_order":0,"comment_status":"open","ping_status":"open","template":"page-templates\/template-fullwidth.php","meta":{"footnotes":""},"class_list":["post-1885","page","type-page","status-publish","hentry"],"_links":{"self":[{"href":"https:\/\/midlis.ee\/ru\/wp-json\/wp\/v2\/pages\/1885","targetHints":{"allow":["GET"]}}],"collection":[{"href":"https:\/\/midlis.ee\/ru\/wp-json\/wp\/v2\/pages"}],"about":[{"href":"https:\/\/midlis.ee\/ru\/wp-json\/wp\/v2\/types\/page"}],"author":[{"embeddable":true,"href":"https:\/\/midlis.ee\/ru\/wp-json\/wp\/v2\/users\/1"}],"replies":[{"embeddable":true,"href":"https:\/\/midlis.ee\/ru\/wp-json\/wp\/v2\/comments?post=1885"}],"version-history":[{"count":0,"href":"https:\/\/midlis.ee\/ru\/wp-json\/wp\/v2\/pages\/1885\/revisions"}],"up":[{"embeddable":true,"href":"https:\/\/midlis.ee\/ru\/wp-json\/wp\/v2\/pages\/1459"}],"wp:attachment":[{"href":"https:\/\/midlis.ee\/ru\/wp-json\/wp\/v2\/media?parent=1885"}],"curies":[{"name":"wp","href":"https:\/\/api.w.org\/{rel}","templated":true}]}}