{"id":1888,"date":"2021-08-05T14:42:41","date_gmt":"2021-08-05T14:42:41","guid":{"rendered":"https:\/\/midlis.ee\/?page_id=1888"},"modified":"2021-08-05T14:43:30","modified_gmt":"2021-08-05T14:43:30","slug":"lumepuhastus-katuselt","status":"publish","type":"page","link":"https:\/\/midlis.ee\/ru\/teenused-ja-hinnad\/lumepuhastus-katuselt\/","title":{"rendered":"\u0427\u0438\u0441\u0442\u043a\u0430 \u0441\u043d\u0435\u0433\u0430 \u0441 \u043a\u0440\u044b\u0448"},"content":{"rendered":"<section class=\"wpb_row vc_row-fluid\"><div class=\"container\"><div class=\"row\"><div class=\"wpb_column vc_column_container vc_col-sm-12\"><div class=\"vc_column-inner\"><div class=\"wpb_wrapper\"  >\n\t<div class=\"wpb_text_column wpb_content_element\" >\n\t\t<div class=\"wpb_wrapper\">\n\t\t\t<h4><span style=\"font-weight: 400;\">\u041f\u043e\u043b\u043d\u0430\u044f \u0447\u0438\u0441\u0442\u043a\u0430 \u043a\u0440\u043e\u0432\u043b\u0438:<\/span><\/h4>\n<p><span style=\"font-weight: 400;\">\u041f\u0440\u043e\u0438\u0437\u0432\u043e\u0434\u0438\u0442\u0441\u044f \u0443\u0431\u043e\u0440\u043a\u0430 \u0441\u043d\u0435\u0436\u043d\u044b\u0445 \u043c\u0430\u0441\u0441 \u0438 \u043d\u0430\u043b\u0435\u0434\u0438 \u043e\u0442 \u043a\u043e\u043d\u044c\u043a\u0430 \u0434\u043e \u0441\u0432\u0435\u0441\u0430, \u0432\u044b\u0447\u0438\u0449\u0430\u044e\u0442\u0441\u044f \u0435\u043d\u0434\u043e\u0432\u044b, \u0435\u0441\u043b\u0438 \u043a\u0440\u044b\u0448\u0430 \u043c\u043d\u043e\u0433\u043e\u0433\u0440\u0430\u043d\u043d\u0430\u044f, \u0436\u0435\u043b\u043e\u0431\u0430 \u0438 \u043f\u0440\u043e\u0447\u0438\u0435 \u044d\u043b\u0435\u043c\u0435\u043d\u0442\u044b - \u043e\u0434\u043d\u0438\u043c \u0441\u043b\u043e\u0432\u043e\u043c, \u0432\u0441\u044f \u043f\u043e\u0432\u0435\u0440\u0445\u043d\u043e\u0441\u0442\u044c \u043a\u0440\u043e\u0432\u043b\u0438.\u0412\u044b \u043f\u043e\u043b\u0443\u0447\u0430\u0435\u0442\u0435 \u043f\u043e\u043b\u043d\u043e\u0441\u0442\u044c\u044e \u043e\u0447\u0438\u0449\u0435\u043d\u043d\u0443\u044e \u043a\u0440\u043e\u0432\u043b\u044e, \u0441 \u043a\u043e\u0442\u043e\u0440\u043e\u0439 \u043d\u0435\u0432\u043e\u0437\u043c\u043e\u0436\u0435\u043d \u0441\u0445\u043e\u0434 \u0441\u043d\u0435\u0433\u0430, \u043e\u0431\u0440\u0430\u0437\u043e\u0432\u0430\u043d\u0438\u0435 \u043d\u0430\u043b\u0435\u0434\u0438 \u0438 \u0441\u043e\u0441\u0443\u043b\u0435\u043a.<\/span><\/p>\n<h4><span style=\"font-weight: 400;\">\u0423\u0431\u043e\u0440\u043a\u0430 \u0441\u043d\u0435\u0433\u0430 \u0438 \u0441\u043e\u0441\u0443\u043b\u0435\u043a \u043f\u043e \u043f\u0435\u0440\u0438\u043c\u0435\u0442\u0440\u0443:<\/span><\/h4>\n<p><span style=\"font-weight: 400;\">\u041a\u0440\u044b\u0448\u0430 \u043e\u0447\u0438\u0449\u0430\u0435\u0442\u0441\u044f \u043f\u043e \u043f\u0435\u0440\u0438\u043c\u0435\u0442\u0440\u0443, \u043e\u0440\u0438\u0435\u043d\u0442\u0438\u0440\u043e\u0432\u043e\u0447\u043d\u043e \u043d\u0430 \u0440\u0430\u0441\u0441\u0442\u043e\u044f\u043d\u0438\u0438 1,5 \u043f\u043e\u0433\u043e\u043d\u043d\u044b\u0445 \u043c\u0435\u0442\u0440\u0430 \u043e\u0442 \u043a\u0440\u0430\u044f. \u0412 \u044d\u0442\u0443 \u0437\u043e\u043d\u0443 \u043f\u043e\u043f\u0430\u0434\u0430\u044e\u0442 \u0441\u0430\u043c\u044b\u0435 \u043e\u043f\u0430\u0441\u043d\u044b\u0435 \u0443\u0447\u0430\u0441\u0442\u043a\u0438 \u043a\u0440\u043e\u0432\u043b\u0438 - \u044d\u0442\u043e \u0441\u0432\u0435\u0441 \u0438 \u0436\u0435\u043b\u043e\u0431, \u0441 \u043a\u043e\u0442\u043e\u0440\u044b\u0445 \u0432\u043e\u0437\u043c\u043e\u0436\u043d\u043e \u043f\u0430\u0434\u0435\u043d\u0438\u0435 \u0441\u043d\u0435\u0433\u0430 \u0438 \u0441\u043e\u0441\u0443\u043b\u0435\u043a. \u0414\u043e\u0441\u0442\u043e\u0438\u043d\u0441\u0442\u0432\u043e\u043c \u0434\u0430\u043d\u043d\u043e\u0433\u043e \u043c\u0435\u0442\u043e\u0434\u0430 \u044f\u0432\u043b\u044f\u0435\u0442\u0441\u044f \u0441\u0443\u0449\u0435\u0441\u0442\u0432\u0435\u043d\u043d\u0430\u044f \u044d\u043a\u043e\u043d\u043e\u043c\u0438\u044f \u043d\u0430 \u0443\u0441\u043b\u0443\u0433\u0435. \u041a \u043f\u0440\u0438\u043c\u0435\u0440\u0443, \u043e\u0431\u044a\u0435\u043c \u043f\u043e\u043b\u043d\u043e\u0439 \u043e\u0447\u0438\u0441\u0442\u043a\u0438 \u043a\u0440\u044b\u0448\u0438 \u0440\u0430\u0437\u043c\u0435\u0440\u043e\u043c 50 \u043d\u0430 40 \u043c\u0435\u0442\u0440\u043e\u0432 \u0441\u043e\u0441\u0442\u0430\u0432\u0438\u0442 2000 \u043a\u0432.\u043c., \u0430 \u043e\u0431\u044a\u0435\u043c \u0447\u0438\u0441\u0442\u043a\u0438 \u043f\u043e \u043f\u0435\u0440\u0438\u043c\u0435\u0442\u0440\u0443 \u0437\u0434\u0430\u043d\u0438\u044f \u2013 180 \u043f.\u043c. \u0420\u0430\u0437\u043d\u0438\u0446\u0430 \u0441\u0443\u0449\u0435\u0441\u0442\u0432\u0435\u043d\u043d\u0430!<\/span><\/p>\n\n\t\t<\/div>\n\t<\/div>\n<\/div><\/div><\/div><\/div><\/div><\/section><section class=\"wpb_row vc_row-fluid call-to-action bg-color text-center vc_custom_1627899175684 no-padding\"><div class=\"row\"><div class=\"wpb_column vc_column_container vc_col-sm-12\"><div class=\"vc_column-inner\"><div class=\"wpb_wrapper\"  >\t\t\t\n\t<!-- Element: OT Button --> \n\t\t\t<a href=\"https:\/\/midlis.ee\/ru\/saada-paring\/\" target=\"_self\" class=\"btn btn-line-black btn-big\">\u041e\u0442\u043f\u0440\u0430\u0432\u044c\u0442\u0435 \u0432\u0430\u0448 \u0437\u0430\u043f\u0440\u043e\u0441<\/a>\n\t    \n<\/div><\/div><\/div><\/div><\/section>","protected":false},"excerpt":{"rendered":"Katuse t\u00e4ispuhastus: Lume- ja j\u00e4\u00e4massid eemaldatakse katuse harjast r\u00e4\u00e4stani, puhastatakse harjakate, kui katus on mitmetahuline, samuti vihmaveerennid ja k\u00f5ik muud detailid - \u00fches\u00f5naga kogu katusepind. Saate t\u00e4ielikult puhastatud katuse, millest ei ole oodata lumemasside, j\u00e4\u00e4 ega j\u00e4\u00e4purikate teke ohtu! Lume ja j\u00e4\u00e4purikate puhastamine perimeetri ulatuses: Katust puhastatakse perimeetri \u00fcmbruses, min ligikaudu 1,5m katuse servast. Sellesse [...]","protected":false},"author":1,"featured_media":0,"parent":1459,"menu_order":0,"comment_status":"open","ping_status":"open","template":"page-templates\/template-fullwidth.php","meta":{"footnotes":""},"class_list":["post-1888","page","type-page","status-publish","hentry"],"_links":{"self":[{"href":"https:\/\/midlis.ee\/ru\/wp-json\/wp\/v2\/pages\/1888","targetHints":{"allow":["GET"]}}],"collection":[{"href":"https:\/\/midlis.ee\/ru\/wp-json\/wp\/v2\/pages"}],"about":[{"href":"https:\/\/midlis.ee\/ru\/wp-json\/wp\/v2\/types\/page"}],"author":[{"embeddable":true,"href":"https:\/\/midlis.ee\/ru\/wp-json\/wp\/v2\/users\/1"}],"replies":[{"embeddable":true,"href":"https:\/\/midlis.ee\/ru\/wp-json\/wp\/v2\/comments?post=1888"}],"version-history":[{"count":0,"href":"https:\/\/midlis.ee\/ru\/wp-json\/wp\/v2\/pages\/1888\/revisions"}],"up":[{"embeddable":true,"href":"https:\/\/midlis.ee\/ru\/wp-json\/wp\/v2\/pages\/1459"}],"wp:attachment":[{"href":"https:\/\/midlis.ee\/ru\/wp-json\/wp\/v2\/media?parent=1888"}],"curies":[{"name":"wp","href":"https:\/\/api.w.org\/{rel}","templated":true}]}}