{"id":1894,"date":"2021-08-05T14:50:37","date_gmt":"2021-08-05T14:50:37","guid":{"rendered":"https:\/\/midlis.ee\/?page_id=1894"},"modified":"2021-08-05T14:50:50","modified_gmt":"2021-08-05T14:50:50","slug":"koka-rent","status":"publish","type":"page","link":"https:\/\/midlis.ee\/ru\/teenused-ja-hinnad\/koka-rent\/","title":{"rendered":"\u0423\u0441\u043b\u0443\u0433\u0438 \u043f\u043e\u0432\u0430\u0440\u0430"},"content":{"rendered":"<section class=\"wpb_row vc_row-fluid\"><div class=\"container\"><div class=\"row\"><div class=\"wpb_column vc_column_container vc_col-sm-12\"><div class=\"vc_column-inner\"><div class=\"wpb_wrapper\"  >\n\t<div class=\"wpb_text_column wpb_content_element\" >\n\t\t<div class=\"wpb_wrapper\">\n\t\t\t<h4><span style=\"font-weight: 400;\">\u0412 \u043d\u0430\u0448\u0438 \u0434\u043d\u0438 \u044d\u0442\u0430 \u0443\u0441\u043b\u0443\u0433\u0430 \u043f\u043e\u043b\u044c\u0437\u0443\u0435\u0442\u0441\u044f \u0432\u0441\u0435 \u0431\u043e\u043b\u044c\u0448\u0435\u0439 \u0438 \u0431\u043e\u043b\u044c\u0448\u0435\u0439 \u043f\u043e\u043f\u0443\u043b\u044f\u0440\u043d\u043e\u0441\u0442\u044c\u044e. \u041c\u044b \u0438\u043c\u0435\u0435\u043c \u0432\u043e\u0437\u043c\u043e\u0436\u043d\u043e\u0441\u0442\u044c \u043f\u0440\u0435\u0434\u043b\u043e\u0436\u0438\u0442\u044c \u0441\u0432\u043e\u0435\u043c\u0443 \u043a\u043b\u0438\u0435\u043d\u0442\u0443 \u043d\u0435 \u0442\u043e\u043b\u044c\u043a\u043e \u043f\u0440\u043e\u0444\u0435\u0441\u0441\u0438\u043e\u043d\u0430\u043b\u044c\u043d\u044b\u0439 \u043a\u043b\u0438\u043d\u0438\u043d\u0433 \u043d\u043e \u0438 \u043f\u0440\u0438\u0433\u043e\u0442\u043e\u0432\u043b\u0435\u043d\u0438\u0435 \u0435\u0434\u044b \u043d\u0430 \u0432\u0430\u0448\u0435\u0439 \u043a\u0443\u0445\u043d\u0435. \u0412\u043e\u0437\u043c\u043e\u0436\u043d\u043e \u043d\u0430\u0448\u0435\u043c\u0443 \u043a\u043b\u0438\u0435\u043d\u0442\u0443 \u0443\u0434\u043e\u0431\u043d\u043e \u043f\u0440\u0438\u0439\u0442\u0438 \u0432 \u0447\u0438\u0441\u0442\u044b\u0439 \u0434\u043e\u043c \u0438 \u043e\u0442\u0432\u0435\u0434\u0430\u0442\u044c \u0432\u043a\u0443\u0441\u043d\u043e \u043f\u0440\u0438\u0433\u043e\u0442\u043e\u0432\u043b\u0435\u043d\u043d\u044b\u0439 \u0443\u0436\u0438\u043d \u043d\u0435 \u0437\u0430\u0442\u0440\u0430\u0447\u0438\u0432\u0430\u044f \u043d\u0430 \u044d\u0442\u043e \u0441\u0432\u043e\u0435 \u0432 \u043d\u0430\u0448\u0438 \u0434\u043d\u0438 \u0434\u0440\u0430\u0433\u043e\u0446\u0435\u043d\u043d\u043e\u0435 \u0432\u0440\u0435\u043c\u044f.\u00a0<\/span><\/h4>\n<p>&nbsp;<\/p>\n<p><span style=\"font-weight: 400;\">Midlis \u0438\u043c\u0435\u0435\u0442 \u0432 \u0441\u0432\u043e\u0435\u043c \u043f\u043e\u0434\u0440\u044f\u0434\u0435 \u043f\u0440\u043e\u0444\u0435\u0441\u0441\u0438\u043e\u043d\u0430\u043b\u044c\u043d\u043e \u043e\u0431\u0443\u0447\u0435\u043d\u043d\u043e\u0433\u043e, \u0434\u0438\u043f\u043b\u043e\u043c\u0438\u0440\u043e\u0432\u0430\u043d\u043d\u043e\u0433\u043e \u043f\u043e\u0432\u0430\u0440\u0430 \u0441 \u0431\u043e\u043b\u044c\u0448\u0438\u043c \u043e\u043f\u044b\u0442\u043e\u043c \u0440\u0430\u0431\u043e\u0442\u044b. \u0412\u0441\u0435 \u044d\u0442\u043e \u0433\u0430\u0440\u0430\u043d\u0442\u0438\u0440\u0443\u0435\u0442 \u043a\u0430\u0447\u0435\u0441\u0442\u0432\u043e \u0434\u0430\u043d\u043d\u043e\u0439 \u0443\u0441\u043b\u0443\u0433\u0438.<\/span><\/p>\n<p><span style=\"font-weight: 400;\">\u0423\u0441\u043b\u0443\u0433\u0443 \u043f\u043e \u0430\u0440\u0435\u043d\u0434\u0435 \u043f\u043e\u0432\u0430\u0440\u0430 \u043c\u043e\u0436\u043d\u043e \u043e\u0444\u043e\u0440\u043c\u0438\u0442\u044c \u043f\u043e \u043f\u0440\u0435\u0434 \u0437\u0430\u043a\u0430\u0437\u0443 \u043c\u0438\u043d\u0438\u043c\u0443\u043c \u0437\u0430 3 \u0440\u0430\u0431\u043e\u0447\u0438\u0445 \u0434\u043d\u044f, \u043d\u0430\u043f\u0438\u0441\u0430\u0432 \u043d\u0430\u043c \u043d\u0430 \u044d\u043c\u0430\u0438\u043b \u0436\u0435\u043b\u0430\u0435\u043c\u043e\u0435 \u0431\u043b\u044e\u0434\u043e, \u0432\u0440\u0435\u043c\u044f \u043f\u043e\u0434\u0430\u0447\u0438 \u0438 \u0432\u0430\u0448 \u0430\u0434\u0440\u0435\u0441. \u0410\u0440\u0435\u043d\u0434\u043e\u0432\u0430\u0442\u044c \u043f\u043e\u0432\u0430\u0440\u0430 \u043c\u043e\u0436\u043d\u043e \u043c\u0430\u043a\u0441\u0438\u043c\u0430\u043b\u044c\u043d\u043e \u043d\u0430 6 \u0447\u0430\u0441\u043e\u0432 \u0432 \u0434\u0435\u043d\u044c. \u0412 \u044d\u0442\u043e \u0432\u0440\u0435\u043c\u044f \u0432\u0445\u043e\u0434\u0438\u0442 \u043f\u043e\u043a\u0443\u043f\u043a\u0430 \u043d\u0435\u043e\u0431\u0445\u043e\u0434\u0438\u043c\u044b\u0445 \u043f\u0440\u043e\u0434\u0443\u043a\u0442\u043e\u0432, \u043f\u043e\u0434\u0433\u043e\u0442\u043e\u0432\u043a\u0430 \u0440\u0430\u0431\u043e\u0447\u0435\u0433\u043e \u043c\u0435\u0441\u0442\u0430, \u0433\u043e\u0442\u043e\u0432\u043a\u0430, \u0443\u0431\u043e\u0440\u043a\u0430 \u0440\u0430\u0431\u043e\u0447\u0435\u0433\u043e \u043c\u0435\u0441\u0442\u0430.\u00a0<\/span><\/p>\n\n\t\t<\/div>\n\t<\/div>\n<\/div><\/div><\/div><\/div><\/div><\/section><section class=\"wpb_row vc_row-fluid call-to-action bg-color text-center vc_custom_1627899175684 no-padding\"><div class=\"row\"><div class=\"wpb_column vc_column_container vc_col-sm-12\"><div class=\"vc_column-inner\"><div class=\"wpb_wrapper\"  >\t\t\t\n\t<!-- Element: OT Button --> \n\t\t\t<a href=\"https:\/\/midlis.ee\/ru\/saada-paring\/\" target=\"_self\" class=\"btn btn-line-black btn-big\">\u041e\u0442\u043f\u0440\u0430\u0432\u044c\u0442\u0435 \u0432\u0430\u0448 \u0437\u0430\u043f\u0440\u043e\u0441<\/a>\n\t    \n<\/div><\/div><\/div><\/div><\/section>","protected":false},"excerpt":{"rendered":"See teenus on t\u00e4nap\u00e4eval \u00fcha populaarsemaks muutumas. Pakume klientidele mitte ainult professionaalset puhastust, vaid ka maitsva s\u00f6\u00f6gi valmistamise teenust oma kodu k\u00f6\u00f6gis. V\u00f5ib-olla on meie kliendil mugav tulla s\u00e4rama l\u00f6\u00f6dud koju ja nautida v\u00e4rskelt valminud maitsvat \u00f5htus\u00f6\u00f6ki, kulutamata sellele oma v\u00e4\u00e4rtusliku aega.\u00a0 &nbsp; Midlise meeskonnas teeb t\u00f6\u00f6d professionaalse v\u00e4lja\u00f5ppe saanud ja suure kogemuste pagasiga kokk. [...]","protected":false},"author":1,"featured_media":0,"parent":1459,"menu_order":0,"comment_status":"open","ping_status":"open","template":"page-templates\/template-fullwidth.php","meta":{"footnotes":""},"class_list":["post-1894","page","type-page","status-publish","hentry"],"_links":{"self":[{"href":"https:\/\/midlis.ee\/ru\/wp-json\/wp\/v2\/pages\/1894","targetHints":{"allow":["GET"]}}],"collection":[{"href":"https:\/\/midlis.ee\/ru\/wp-json\/wp\/v2\/pages"}],"about":[{"href":"https:\/\/midlis.ee\/ru\/wp-json\/wp\/v2\/types\/page"}],"author":[{"embeddable":true,"href":"https:\/\/midlis.ee\/ru\/wp-json\/wp\/v2\/users\/1"}],"replies":[{"embeddable":true,"href":"https:\/\/midlis.ee\/ru\/wp-json\/wp\/v2\/comments?post=1894"}],"version-history":[{"count":0,"href":"https:\/\/midlis.ee\/ru\/wp-json\/wp\/v2\/pages\/1894\/revisions"}],"up":[{"embeddable":true,"href":"https:\/\/midlis.ee\/ru\/wp-json\/wp\/v2\/pages\/1459"}],"wp:attachment":[{"href":"https:\/\/midlis.ee\/ru\/wp-json\/wp\/v2\/media?parent=1894"}],"curies":[{"name":"wp","href":"https:\/\/api.w.org\/{rel}","templated":true}]}}