{"id":1897,"date":"2021-08-05T14:52:52","date_gmt":"2021-08-05T14:52:52","guid":{"rendered":"https:\/\/midlis.ee\/?page_id=1897"},"modified":"2021-08-05T14:52:52","modified_gmt":"2021-08-05T14:52:52","slug":"lemmikloomade-paeva-oo-nadalahoid-kuni-14-paeva","status":"publish","type":"page","link":"https:\/\/midlis.ee\/ru\/teenused-ja-hinnad\/lemmikloomade-paeva-oo-nadalahoid-kuni-14-paeva\/","title":{"rendered":"\u041f\u0435\u0440\u0435\u0434\u0435\u0440\u0436\u043a\u0430\/\u043f\u0440\u0438\u0441\u043c\u043e\u0442\u0440 \u0437\u0430 \u0434\u043e\u043c\u0430\u0448\u043d\u0438\u043c\u0438 \u0436\u0438\u0432\u043e\u0442\u043d\u044b\u043c\u0438 \u043d\u0430 \u0441\u0440\u043e\u043a \u0434\u043e 14 \u0434\u043d\u0435\u0439"},"content":{"rendered":"<section class=\"wpb_row vc_row-fluid\"><div class=\"container\"><div class=\"row\"><div class=\"wpb_column vc_column_container vc_col-sm-12\"><div class=\"vc_column-inner\"><div class=\"wpb_wrapper\"  >\n\t<div class=\"wpb_text_column wpb_content_element\" >\n\t\t<div class=\"wpb_wrapper\">\n\t\t\t<h4><span style=\"font-weight: 400;\">\u0414\u0430\u043d\u043d\u0430\u044f \u0443\u0441\u043b\u0443\u0433\u0430 \u0440\u0430\u0441\u0441\u0447\u0438\u0442\u0430\u043d\u0430 \u043d\u0430 \u0442\u0430\u043a\u0438\u0445 \u0434\u043e\u043c\u0430\u0448\u043d\u0438\u0445 \u0436\u0438\u0432\u043e\u0442\u043d\u044b\u0445 \u043a\u0430\u043a \u043a\u043e\u0448\u043a\u0438 (\u0432\u0441\u0435 \u043f\u043e\u0440\u043e\u0434\u044b), \u0441\u043e\u0431\u0430\u043a\u0438 (\u0437\u0430 \u0438\u0441\u043a\u043b\u044e\u0447\u0435\u043d\u0438\u0435\u043c \u0431\u043e\u0439\u0446\u043e\u0432\u0441\u043a\u0438\u0445 \u043f\u043e\u0440\u043e\u0434), \u043f\u043e\u043f\u0443\u0433\u0430\u0438 (\u0432\u0441\u0435 \u043f\u043e\u0440\u043e\u0434\u044b) , \u043a\u0440\u043e\u043b\u0438\u043a\u0438 \u0438 \u043c\u043e\u0440\u0441\u043a\u0438\u0435 \u0441\u0432\u0438\u043d\u043a\u0438.<\/span><\/h4>\n<p>&nbsp;<\/p>\n<p><span style=\"font-weight: 400;\">Midlis \u043c\u043e\u0436\u0435\u0442 \u043f\u0440\u0435\u0434\u043b\u0430\u0433\u0430\u0435\u0442:<\/span><\/p>\n<ul>\n<li style=\"font-weight: 400;\" aria-level=\"1\" aria-checked=\"false\"><span style=\"font-weight: 400;\">\u0427\u0435\u043b\u043e\u0432\u0435\u043a\u0430, \u043a\u043e\u0442\u043e\u0440\u044b\u0439 \u0431\u0443\u0434\u0435\u0442 \u0432\u044b\u0433\u0443\u043b\u0438\u0432\u0430\u0442\u044c \u0432\u0430\u0448\u0435\u0433\u043e \u043f\u0438\u0442\u043e\u043c\u0446\u0430 (\u0443\u0441\u043b\u043e\u0432\u0438\u044f \u043f\u043e \u0434\u043e\u0433\u043e\u0432\u043e\u0440\u0435\u043d\u043d\u043e\u0441\u0442\u0438).<\/span><\/li>\n<li style=\"font-weight: 400;\" aria-level=\"1\" aria-checked=\"false\"><span style=\"font-weight: 400;\">\u0412\u0437\u044f\u0442\u044c \u0432\u0430\u0448\u0435\u0433\u043e \u043f\u0438\u0442\u043e\u043c\u0446\u0430 \u043a \u0441\u0435\u0431\u0435 \u043d\u0430 \u0437\u0430\u0433\u043e\u0440\u043e\u0434\u043d\u044b\u0439 \u0445\u0443\u0442\u043e\u0440 (\u0443\u0441\u043b\u043e\u0432\u0438\u044f \u0442\u0430\u043a \u0436\u0435 \u043e\u0431\u0433\u043e\u0432\u0430\u0440\u0438\u0432\u0430\u044e\u0442\u0441\u044f) \u043d\u0430 \u0432\u0440\u0435\u043c\u044f \u0432\u0430\u0448\u0435\u0433\u043e \u043e\u0442\u043f\u0443\u0441\u043a\u0430.\u0412 \u0443\u0441\u043b\u0443\u0433\u0443 \u0432\u0445\u043e\u0434\u0438\u0442 \u043f\u043e\u043b\u043d\u044b\u0439 \u0443\u0445\u043e\u0434 \u0437\u0430 \u0436\u0438\u0432\u043e\u0442\u043d\u044b\u043c, \u0435\u0436\u0435\u0434\u043d\u0435\u0432\u043d\u044b\u0439 \u0432\u0438\u0434\u0435\u043e \u0438 \u0444\u043e\u0442\u043e \u043e\u0442\u0447\u0435\u0442 \u0434\u043b\u044f \u043a\u043b\u0438\u0435\u043d\u0442\u0430.<\/span><\/li>\n<\/ul>\n<p><b>NB!\u00a0<\/b><\/p>\n<p><span style=\"font-weight: 400;\">\u0417\u0430 \u043f\u043e\u0440\u0447\u0443 \u0438\u043c\u0443\u0449\u0435\u0441\u0442\u0432\u0430 \u0432\u043e \u0432\u0440\u0435\u043c\u044f \u043f\u0435\u0440\u0435\u0434\u0435\u0440\u0436\u043a\u0438 \u0432\u0430\u0448\u0435\u0433\u043e \u043f\u0438\u0442\u043e\u043c\u0446\u0430 \u043a\u043b\u0438\u0435\u043d\u0442 \u043e\u0442\u0432\u0435\u0442\u0441\u0442\u0432\u0435\u043d\u043d\u043e\u0441\u0442\u0438 \u043d\u0435 \u043d\u0435\u0441\u0435\u0442, \u043a\u043e\u043c\u043f\u0430\u043d\u0438\u044f \u0431\u0435\u0440\u0435\u0442 \u044d\u0442\u043e \u043d\u0430 \u0441\u0435\u0431\u044f.<\/span><\/p>\n<p><span style=\"font-weight: 400;\">\u0412\u0441\u0435 \u043d\u0435\u043e\u0431\u0445\u043e\u0434\u0438\u043c\u043e\u0435 \u0434\u043b\u044f \u043f\u0438\u0442\u043e\u043c\u0446\u0430 \u043f\u0440\u0435\u0434\u043e\u0441\u0442\u0430\u0432\u043b\u044f\u0435\u0442 \u043a\u043b\u0438\u0435\u043d\u0442.<\/span><\/p>\n<p><span style=\"font-weight: 400;\">\u041d\u0430 \u0441\u043b\u0443\u0447\u0430\u0439 \u044d\u043a\u0441\u0442\u0440\u0435\u043d\u043d\u043e\u0439 \u043f\u043e\u043c\u043e\u0449\u0438 \u0434\u043b\u044f \u043f\u0438\u0442\u043e\u043c\u0446\u0430, \u043a\u043e\u043c\u043f\u0430\u043d\u0438\u044f Midlis \u0441\u043e\u0442\u0440\u0443\u0434\u043d\u0438\u0447\u0430\u0435\u0442 \u0441 \u0432\u0435\u0442 \u043a\u043b\u0438\u043d\u0438\u043a\u043e\u0439 24\/7.\u00a0<\/span><\/p>\n\n\t\t<\/div>\n\t<\/div>\n<\/div><\/div><\/div><\/div><\/div><\/section><section class=\"wpb_row vc_row-fluid call-to-action bg-color text-center vc_custom_1627899175684 no-padding\"><div class=\"row\"><div class=\"wpb_column vc_column_container vc_col-sm-12\"><div class=\"vc_column-inner\"><div class=\"wpb_wrapper\"  >\t\t\t\n\t<!-- Element: OT Button --> \n\t\t\t<a href=\"https:\/\/midlis.ee\/ru\/saada-paring\/\" target=\"_self\" class=\"btn btn-line-black btn-big\">\u041e\u0442\u043f\u0440\u0430\u0432\u044c\u0442\u0435 \u0432\u0430\u0448 \u0437\u0430\u043f\u0440\u043e\u0441<\/a>\n\t    \n<\/div><\/div><\/div><\/div><\/section>","protected":false},"excerpt":{"rendered":"Teenus on m\u00f5eldud lemmikloomadele nagu kassid (k\u00f5ik t\u00f5ud), koerad (v.a. v\u00f5istlust\u00f5ud), papagoid (k\u00f5ik t\u00f5ud), k\u00fc\u00fclikud ja merisead. &nbsp; Midlis pakub: Isikut, kes jalutab teie lemmiklooma (tingimused kokkuleppel) Teie lemmiklooma viimist maale tallu (tingimused samuti kokkuleppel) teie puhkuse ajaks. Teenus sisaldab looma t\u00e4ieliku hooldust, igap\u00e4evast video- ja fotoreportaa\u017ei. NB!\u00a0 Klient ei vastuta lemmiklooma p\u00f5hjustatud vara kahjustuse [...]","protected":false},"author":1,"featured_media":0,"parent":1459,"menu_order":0,"comment_status":"open","ping_status":"open","template":"page-templates\/template-fullwidth.php","meta":{"footnotes":""},"class_list":["post-1897","page","type-page","status-publish","hentry"],"_links":{"self":[{"href":"https:\/\/midlis.ee\/ru\/wp-json\/wp\/v2\/pages\/1897","targetHints":{"allow":["GET"]}}],"collection":[{"href":"https:\/\/midlis.ee\/ru\/wp-json\/wp\/v2\/pages"}],"about":[{"href":"https:\/\/midlis.ee\/ru\/wp-json\/wp\/v2\/types\/page"}],"author":[{"embeddable":true,"href":"https:\/\/midlis.ee\/ru\/wp-json\/wp\/v2\/users\/1"}],"replies":[{"embeddable":true,"href":"https:\/\/midlis.ee\/ru\/wp-json\/wp\/v2\/comments?post=1897"}],"version-history":[{"count":0,"href":"https:\/\/midlis.ee\/ru\/wp-json\/wp\/v2\/pages\/1897\/revisions"}],"up":[{"embeddable":true,"href":"https:\/\/midlis.ee\/ru\/wp-json\/wp\/v2\/pages\/1459"}],"wp:attachment":[{"href":"https:\/\/midlis.ee\/ru\/wp-json\/wp\/v2\/media?parent=1897"}],"curies":[{"name":"wp","href":"https:\/\/api.w.org\/{rel}","templated":true}]}}